{"id":618,"date":"2018-01-22T22:27:36","date_gmt":"2018-01-22T22:27:36","guid":{"rendered":"https:\/\/tallogoldleaf.com\/es\/?page_id=618"},"modified":"2019-08-12T12:24:47","modified_gmt":"2019-08-12T20:24:47","slug":"contacto","status":"publish","type":"page","link":"https:\/\/tallogoldleaf.com\/es\/contacto\/","title":{"rendered":"Contacto"},"content":{"rendered":"<div class=\"wpb-content-wrapper\">[vc_row][vc_column][vc_row_inner][vc_column_inner width=&#8221;1\/12&#8243;][\/vc_column_inner][vc_column_inner width=&#8221;10\/12&#8243;][vc_column_text]\n<h5 style=\"text-align: center;\"><span style=\"color: #333333;\"> \u00a1Solicita tu cotizaci\u00f3n aqu\u00ed! Llena el siguiente formulario con tus datos para solicitar la cotizaci\u00f3n de un pedido. Nosotros nos comunicaremos contigo lo antes posible.<\/span><br \/>\n<span style=\"color: #333333;\">Tambi\u00e9n puedes comunicarte directamente a nuestro tel\u00e9fono <a href=\"tel:664-661-6467\">(664) 661 6467<\/a>.<\/span><\/h5>\n[\/vc_column_text][\/vc_column_inner][vc_column_inner width=&#8221;1\/12&#8243;][\/vc_column_inner][\/vc_row_inner]<div class=\"ult-spacer spacer-69ebab370cfd9\" data-id=\"69ebab370cfd9\" data-height=\"20\" data-height-mobile=\"20\" data-height-tab=\"20\" data-height-tab-portrait=\"\" data-height-mobile-landscape=\"\" style=\"clear:both;display:block;\"><\/div>[vc_row_inner][vc_column_inner width=&#8221;6\/12&#8243;][vc_column_text]\n<h4>FORMULARIO PARA COTIZAR<\/h4>\n[\/vc_column_text]\n<div class=\"wpcf7 no-js\" id=\"wpcf7-f6-o1\" lang=\"en-US\" dir=\"ltr\">\n<div class=\"screen-reader-response\"><p role=\"status\" aria-live=\"polite\" aria-atomic=\"true\"><\/p> <ul><\/ul><\/div>\n<form action=\"\/es\/wp-json\/wp\/v2\/pages\/618#wpcf7-f6-o1\" method=\"post\" class=\"wpcf7-form init\" aria-label=\"Contact form\" novalidate=\"novalidate\" data-status=\"init\">\n<div style=\"display: none;\">\n<input type=\"hidden\" name=\"_wpcf7\" value=\"6\" \/>\n<input type=\"hidden\" name=\"_wpcf7_version\" value=\"5.9.5\" \/>\n<input type=\"hidden\" name=\"_wpcf7_locale\" value=\"en_US\" \/>\n<input type=\"hidden\" name=\"_wpcf7_unit_tag\" value=\"wpcf7-f6-o1\" \/>\n<input type=\"hidden\" name=\"_wpcf7_container_post\" value=\"0\" \/>\n<input type=\"hidden\" name=\"_wpcf7_posted_data_hash\" value=\"\" \/>\n<\/div>\n<div class=\"row\">\n\t<div class=\"col-md-6\">\n\t\t<p><strong>Nombre <span class=\"form-required\">*<span><\/span><\/span><\/strong>\n\t\t<\/p>\n\t\t<p><span class=\"wpcf7-form-control-wrap\" data-name=\"your-name\"><input size=\"40\" class=\"wpcf7-form-control wpcf7-text wpcf7-validates-as-required\" aria-required=\"true\" aria-invalid=\"false\" placeholder=\"Ejemplo: Manuel Garc\u00eda\" value=\"\" type=\"text\" name=\"your-name\" \/><\/span>\n\t\t<\/p>\n\t<\/div>\n\t<div class=\"col-md-6\">\n\t\t<p><strong>Correo Electr\u00f3nico <span class=\"form-required\">*<span><\/span><\/span><\/strong>\n\t\t<\/p>\n\t\t<p><span class=\"wpcf7-form-control-wrap\" data-name=\"your-email\"><input size=\"40\" class=\"wpcf7-form-control wpcf7-email wpcf7-validates-as-required wpcf7-text wpcf7-validates-as-email\" aria-required=\"true\" aria-invalid=\"false\" placeholder=\"Ejemplo: tunombre@mail.com\" value=\"\" type=\"email\" name=\"your-email\" \/><\/span>\n\t\t<\/p>\n\t<\/div>\n<\/div>\n<div class=\"row\">\n\t<div class=\"col-md-6\">\n\t\t<p><strong>Tel\u00e9fono <span class=\"form-required\">*<span><\/span><\/span><\/strong>\n\t\t<\/p>\n\t\t<p><span class=\"wpcf7-form-control-wrap\" data-name=\"tel-tallo\"><input size=\"40\" class=\"wpcf7-form-control wpcf7-tel wpcf7-validates-as-required wpcf7-text wpcf7-validates-as-tel\" aria-required=\"true\" aria-invalid=\"false\" placeholder=\"Ejemplo: (555) 567 8990\" value=\"\" type=\"tel\" name=\"tel-tallo\" \/><\/span>\n\t\t<\/p>\n\t<\/div>\n\t<div class=\"col-md-6\">\n\t\t<p><strong>Compa\u00f1\u00eda<br \/>\n<\/strong>\n\t\t<\/p>\n\t\t<p><span class=\"wpcf7-form-control-wrap\" data-name=\"company-tallo\"><input size=\"40\" class=\"wpcf7-form-control wpcf7-text\" aria-invalid=\"false\" placeholder=\"Aqu\u00ed va el nombre de tu compa\u00f1\u00eda\" value=\"\" type=\"text\" name=\"company-tallo\" \/><\/span>\n\t\t<\/p>\n\t<\/div>\n<\/div>\n<div class=\"row\">\n\t<div class=\"col-md-6\">\n\t\t<p><strong>Ciudad<br \/>\n<\/strong>\n\t\t<\/p>\n\t\t<p><span class=\"wpcf7-form-control-wrap\" data-name=\"city-tallo\"><input size=\"40\" class=\"wpcf7-form-control wpcf7-text\" aria-invalid=\"false\" placeholder=\"Ejemplo: Tijuana\" value=\"\" type=\"text\" name=\"city-tallo\" \/><\/span>\n\t\t<\/p>\n\t<\/div>\n\t<div class=\"col-md-6\">\n\t\t<p><strong>Pa\u00eds<br \/>\n<\/strong>\n\t\t<\/p>\n\t\t<p><span class=\"wpcf7-form-control-wrap\" data-name=\"pais-tallo\"><input size=\"40\" class=\"wpcf7-form-control wpcf7-text\" aria-invalid=\"false\" placeholder=\"Ejemplo: M\u00e9xico\" value=\"\" type=\"text\" name=\"pais-tallo\" \/><\/span>\n\t\t<\/p>\n\t<\/div>\n<\/div>\n<p><strong>Elige la categor\u00eda del producto en el que est\u00e1s interesado<br \/>\n<\/strong>\n<\/p>\n<p><span class=\"wpcf7-form-control-wrap\" data-name=\"categorias-tallo\"><select class=\"wpcf7-form-control wpcf7-select\" aria-invalid=\"false\" name=\"categorias-tallo\"><option value=\"\">&#8212;Please choose an option&#8212;<\/option><option value=\"Imitaci\u00f3n Oro y Plata\">Imitaci\u00f3n Oro y Plata<\/option><option value=\"Hoja Florentina, de Cobre y Rollos\">Hoja Florentina, de Cobre y Rollos<\/option><option value=\"Hoja Genuina\">Hoja Genuina<\/option><option value=\"Kits de Hoja de Imitaci\u00f3n\">Kits de Hoja de Imitaci\u00f3n<\/option><option value=\"Kits de Hojas y Adhesiva\">Kits de Hojas y Adhesiva<\/option><option value=\"Adhesivos\">Adhesivos<\/option><option value=\"Materiales y Accesorios\">Materiales y Accesorios<\/option><\/select><\/span>\n<\/p>\n<p><strong>Aqu\u00ed escribe los productos que quisieras cotizar<br \/>\n<\/strong>\n<\/p>\n<p><span class=\"wpcf7-form-control-wrap\" data-name=\"your-message\"><textarea cols=\"40\" rows=\"10\" class=\"wpcf7-form-control wpcf7-textarea\" aria-invalid=\"false\" name=\"your-message\"><\/textarea><\/span>\n<\/p>\n<p><input class=\"wpcf7-form-control wpcf7-submit has-spinner\" type=\"submit\" value=\"ENVIAR MENSAJE\" \/>\n<\/p><div class=\"wpcf7-response-output\" aria-hidden=\"true\"><\/div>\n<\/form>\n<\/div>\n[\/vc_column_inner][vc_column_inner width=&#8221;1\/12&#8243;][vc_separator color=&#8221;custom&#8221; accent_color=&#8221;#d8bc97&#8243;][\/vc_column_inner][vc_column_inner width=&#8221;5\/12&#8243;]<div class=\"ult-spacer spacer-69ebab370e386\" data-id=\"69ebab370e386\" data-height=\"10\" data-height-mobile=\"10\" data-height-tab=\"\" data-height-tab-portrait=\"\" data-height-mobile-landscape=\"10\" style=\"clear:both;display:block;\"><\/div>[vc_column_text]\n<h4>OFICINA EN ESTADOS UNIDOS<\/h4>\n<p>482 W. San Ysidro Blvd. Ste. No. 752<br \/>\nSan Ysidro, CA 92173<\/p>\n<p>Tel: 001 (619) 752-6691[\/vc_column_text][vc_column_text]\n<h4>OFICINA EN M\u00c9XICO<\/h4>\n<p>Almendra No. 21 4ta. Secci\u00f3n Las Huertas,<br \/>\nTijuana, M\u00e9xico, C.P. 22620<\/p>\n<p>Tel: (664) 661-6467<\/p>\n<p>Fax: (664) 661-6463<\/p>\n<h4><\/h4>\n<h4><strong>HORARIO DE OFICINA<\/strong><\/h4>\n<p>Lunes a Viernes 8:30 am &#8211; 5:30 pm PST (Horario Pac\u00edfico)[\/vc_column_text][\/vc_column_inner][\/vc_row_inner]<div class=\"ult-spacer spacer-69ebab370e390\" data-id=\"69ebab370e390\" data-height=\"20\" data-height-mobile=\"20\" data-height-tab=\"20\" data-height-tab-portrait=\"\" data-height-mobile-landscape=\"\" style=\"clear:both;display:block;\"><\/div>[\/vc_column][\/vc_row]\n<\/div>","protected":false},"excerpt":{"rendered":"<p>[vc_row][vc_column][vc_row_inner][vc_column_inner width=&#8221;1\/12&#8243;][\/vc_column_inner][vc_column_inner width=&#8221;10\/12&#8243;][vc_column_text] \u00a1Solicita tu cotizaci\u00f3n aqu\u00ed! Llena el siguiente formulario con tus datos para solicitar la cotizaci\u00f3n de un pedido. Nosotros nos comunicaremos contigo lo antes posible. Tambi\u00e9n puedes comunicarte directamente a nuestro tel\u00e9fono (664) 661 6467. [\/vc_column_text][\/vc_column_inner][vc_column_inner width=&#8221;1\/12&#8243;][\/vc_column_inner][\/vc_row_inner][vc_row_inner][vc_column_inner width=&#8221;6\/12&#8243;][vc_column_text] FORMULARIO PARA COTIZAR [\/vc_column_text][\/vc_column_inner][vc_column_inner width=&#8221;1\/12&#8243;][vc_separator color=&#8221;custom&#8221; accent_color=&#8221;#d8bc97&#8243;][\/vc_column_inner][vc_column_inner width=&#8221;5\/12&#8243;][vc_column_text] OFICINA EN ESTADOS UNIDOS 482 W. San Ysidro Blvd. Ste. No. 752 San Ysidro, CA 92173 Tel: 001 (619) 752-6691[\/vc_column_text][vc_column_text] OFICINA EN M\u00c9XICO Almendra No. 21 4ta. Secci\u00f3n Las Huertas, Tijuana, M\u00e9xico, C.P. 22620 Tel: (664) 661-6467 Fax: (664) 661-6463 HORARIO DE OFICINA Lunes a Viernes 8:30 am &#8211; 5:30 pm PST (Horario Pac\u00edfico)[\/vc_column_text][\/vc_column_inner][\/vc_row_inner][\/vc_column][\/vc_row]<\/p>\n","protected":false},"author":1,"featured_media":0,"parent":0,"menu_order":0,"comment_status":"closed","ping_status":"closed","template":"","meta":{"_exactmetrics_skip_tracking":false,"_exactmetrics_sitenote_active":false,"_exactmetrics_sitenote_note":"","_exactmetrics_sitenote_category":0,"footnotes":""},"class_list":["post-618","page","type-page","status-publish","hentry","entry","post-inner"],"yoast_head":"<!-- This site is optimized with the Yoast SEO plugin v26.9 - https:\/\/yoast.com\/product\/yoast-seo-wordpress\/ -->\n<title>Contacto | Productos Internacionales Tallo<\/title>\n<meta name=\"robots\" content=\"index, follow, max-snippet:-1, max-image-preview:large, max-video-preview:-1\" \/>\n<link rel=\"canonical\" href=\"https:\/\/tallogoldleaf.com\/es\/contacto\/\" \/>\n<meta property=\"og:locale\" content=\"es_MX\" \/>\n<meta property=\"og:type\" content=\"article\" \/>\n<meta property=\"og:title\" content=\"Contacto | Productos Internacionales Tallo\" \/>\n<meta property=\"og:description\" content=\"[vc_row][vc_column][vc_row_inner][vc_column_inner width=&#8221;1\/12&#8243;][\/vc_column_inner][vc_column_inner width=&#8221;10\/12&#8243;][vc_column_text] \u00a1Solicita tu cotizaci\u00f3n aqu\u00ed! Llena el siguiente formulario con tus datos para solicitar la cotizaci\u00f3n de un pedido. Nosotros nos comunicaremos contigo lo antes posible. Tambi\u00e9n puedes comunicarte directamente a nuestro tel\u00e9fono (664) 661 6467. [\/vc_column_text][\/vc_column_inner][vc_column_inner width=&#8221;1\/12&#8243;][\/vc_column_inner][\/vc_row_inner][vc_row_inner][vc_column_inner width=&#8221;6\/12&#8243;][vc_column_text] FORMULARIO PARA COTIZAR [\/vc_column_text][\/vc_column_inner][vc_column_inner width=&#8221;1\/12&#8243;][vc_separator color=&#8221;custom&#8221; accent_color=&#8221;#d8bc97&#8243;][\/vc_column_inner][vc_column_inner width=&#8221;5\/12&#8243;][vc_column_text] OFICINA EN ESTADOS UNIDOS 482 W. San Ysidro Blvd. Ste. No. 752 San Ysidro, CA 92173 Tel: 001 (619) 752-6691[\/vc_column_text][vc_column_text] OFICINA EN M\u00c9XICO Almendra No. 21 4ta. Secci\u00f3n Las Huertas, Tijuana, M\u00e9xico, C.P. 22620 Tel: (664) 661-6467 Fax: (664) 661-6463 HORARIO DE OFICINA Lunes a Viernes 8:30 am &#8211; 5:30 pm PST (Horario Pac\u00edfico)[\/vc_column_text][\/vc_column_inner][\/vc_row_inner][\/vc_column][\/vc_row]\" \/>\n<meta property=\"og:url\" content=\"https:\/\/tallogoldleaf.com\/es\/contacto\/\" \/>\n<meta property=\"og:site_name\" content=\"Productos Internacionales Tallo\" \/>\n<meta property=\"article:modified_time\" content=\"2019-08-12T20:24:47+00:00\" \/>\n<meta name=\"twitter:card\" content=\"summary_large_image\" \/>\n<meta name=\"twitter:label1\" content=\"Tiempo de lectura\" \/>\n\t<meta name=\"twitter:data1\" content=\"1 minuto\" \/>\n<script type=\"application\/ld+json\" class=\"yoast-schema-graph\">{\"@context\":\"https:\/\/schema.org\",\"@graph\":[{\"@type\":\"WebPage\",\"@id\":\"https:\/\/tallogoldleaf.com\/es\/contacto\/\",\"url\":\"https:\/\/tallogoldleaf.com\/es\/contacto\/\",\"name\":\"Contacto | Productos Internacionales Tallo\",\"isPartOf\":{\"@id\":\"https:\/\/tallogoldleaf.com\/es\/#website\"},\"datePublished\":\"2018-01-22T22:27:36+00:00\",\"dateModified\":\"2019-08-12T20:24:47+00:00\",\"breadcrumb\":{\"@id\":\"https:\/\/tallogoldleaf.com\/es\/contacto\/#breadcrumb\"},\"inLanguage\":\"es\",\"potentialAction\":[{\"@type\":\"ReadAction\",\"target\":[\"https:\/\/tallogoldleaf.com\/es\/contacto\/\"]}]},{\"@type\":\"BreadcrumbList\",\"@id\":\"https:\/\/tallogoldleaf.com\/es\/contacto\/#breadcrumb\",\"itemListElement\":[{\"@type\":\"ListItem\",\"position\":1,\"name\":\"Inicio\",\"item\":\"https:\/\/tallogoldleaf.com\/es\/\"},{\"@type\":\"ListItem\",\"position\":2,\"name\":\"Contacto\"}]},{\"@type\":\"WebSite\",\"@id\":\"https:\/\/tallogoldleaf.com\/es\/#website\",\"url\":\"https:\/\/tallogoldleaf.com\/es\/\",\"name\":\"Productos Internacionales Tallo\",\"description\":\"Hojas de imitaci\u00f3n de oro y plata en Estados Unidos\",\"publisher\":{\"@id\":\"https:\/\/tallogoldleaf.com\/es\/#organization\"},\"potentialAction\":[{\"@type\":\"SearchAction\",\"target\":{\"@type\":\"EntryPoint\",\"urlTemplate\":\"https:\/\/tallogoldleaf.com\/es\/?s={search_term_string}\"},\"query-input\":{\"@type\":\"PropertyValueSpecification\",\"valueRequired\":true,\"valueName\":\"search_term_string\"}}],\"inLanguage\":\"es\"},{\"@type\":\"Organization\",\"@id\":\"https:\/\/tallogoldleaf.com\/es\/#organization\",\"name\":\"Productos Internacionales Tallo\",\"url\":\"https:\/\/tallogoldleaf.com\/es\/\",\"logo\":{\"@type\":\"ImageObject\",\"inLanguage\":\"es\",\"@id\":\"https:\/\/tallogoldleaf.com\/es\/#\/schema\/logo\/image\/\",\"url\":\"https:\/\/tallogoldleaf.com\/es\/wp-content\/uploads\/2019\/09\/Logo_Tallo-Para-Web-cuadrado.png\",\"contentUrl\":\"https:\/\/tallogoldleaf.com\/es\/wp-content\/uploads\/2019\/09\/Logo_Tallo-Para-Web-cuadrado.png\",\"width\":307,\"height\":307,\"caption\":\"Productos Internacionales Tallo\"},\"image\":{\"@id\":\"https:\/\/tallogoldleaf.com\/es\/#\/schema\/logo\/image\/\"}}]}<\/script>\n<!-- \/ Yoast SEO plugin. -->","yoast_head_json":{"title":"Contacto | Productos Internacionales Tallo","robots":{"index":"index","follow":"follow","max-snippet":"max-snippet:-1","max-image-preview":"max-image-preview:large","max-video-preview":"max-video-preview:-1"},"canonical":"https:\/\/tallogoldleaf.com\/es\/contacto\/","og_locale":"es_MX","og_type":"article","og_title":"Contacto | Productos Internacionales Tallo","og_description":"[vc_row][vc_column][vc_row_inner][vc_column_inner width=&#8221;1\/12&#8243;][\/vc_column_inner][vc_column_inner width=&#8221;10\/12&#8243;][vc_column_text] \u00a1Solicita tu cotizaci\u00f3n aqu\u00ed! Llena el siguiente formulario con tus datos para solicitar la cotizaci\u00f3n de un pedido. Nosotros nos comunicaremos contigo lo antes posible. Tambi\u00e9n puedes comunicarte directamente a nuestro tel\u00e9fono (664) 661 6467. [\/vc_column_text][\/vc_column_inner][vc_column_inner width=&#8221;1\/12&#8243;][\/vc_column_inner][\/vc_row_inner][vc_row_inner][vc_column_inner width=&#8221;6\/12&#8243;][vc_column_text] FORMULARIO PARA COTIZAR [\/vc_column_text][\/vc_column_inner][vc_column_inner width=&#8221;1\/12&#8243;][vc_separator color=&#8221;custom&#8221; accent_color=&#8221;#d8bc97&#8243;][\/vc_column_inner][vc_column_inner width=&#8221;5\/12&#8243;][vc_column_text] OFICINA EN ESTADOS UNIDOS 482 W. San Ysidro Blvd. Ste. No. 752 San Ysidro, CA 92173 Tel: 001 (619) 752-6691[\/vc_column_text][vc_column_text] OFICINA EN M\u00c9XICO Almendra No. 21 4ta. Secci\u00f3n Las Huertas, Tijuana, M\u00e9xico, C.P. 22620 Tel: (664) 661-6467 Fax: (664) 661-6463 HORARIO DE OFICINA Lunes a Viernes 8:30 am &#8211; 5:30 pm PST (Horario Pac\u00edfico)[\/vc_column_text][\/vc_column_inner][\/vc_row_inner][\/vc_column][\/vc_row]","og_url":"https:\/\/tallogoldleaf.com\/es\/contacto\/","og_site_name":"Productos Internacionales Tallo","article_modified_time":"2019-08-12T20:24:47+00:00","twitter_card":"summary_large_image","twitter_misc":{"Tiempo de lectura":"1 minuto"},"schema":{"@context":"https:\/\/schema.org","@graph":[{"@type":"WebPage","@id":"https:\/\/tallogoldleaf.com\/es\/contacto\/","url":"https:\/\/tallogoldleaf.com\/es\/contacto\/","name":"Contacto | Productos Internacionales Tallo","isPartOf":{"@id":"https:\/\/tallogoldleaf.com\/es\/#website"},"datePublished":"2018-01-22T22:27:36+00:00","dateModified":"2019-08-12T20:24:47+00:00","breadcrumb":{"@id":"https:\/\/tallogoldleaf.com\/es\/contacto\/#breadcrumb"},"inLanguage":"es","potentialAction":[{"@type":"ReadAction","target":["https:\/\/tallogoldleaf.com\/es\/contacto\/"]}]},{"@type":"BreadcrumbList","@id":"https:\/\/tallogoldleaf.com\/es\/contacto\/#breadcrumb","itemListElement":[{"@type":"ListItem","position":1,"name":"Inicio","item":"https:\/\/tallogoldleaf.com\/es\/"},{"@type":"ListItem","position":2,"name":"Contacto"}]},{"@type":"WebSite","@id":"https:\/\/tallogoldleaf.com\/es\/#website","url":"https:\/\/tallogoldleaf.com\/es\/","name":"Productos Internacionales Tallo","description":"Hojas de imitaci\u00f3n de oro y plata en Estados Unidos","publisher":{"@id":"https:\/\/tallogoldleaf.com\/es\/#organization"},"potentialAction":[{"@type":"SearchAction","target":{"@type":"EntryPoint","urlTemplate":"https:\/\/tallogoldleaf.com\/es\/?s={search_term_string}"},"query-input":{"@type":"PropertyValueSpecification","valueRequired":true,"valueName":"search_term_string"}}],"inLanguage":"es"},{"@type":"Organization","@id":"https:\/\/tallogoldleaf.com\/es\/#organization","name":"Productos Internacionales Tallo","url":"https:\/\/tallogoldleaf.com\/es\/","logo":{"@type":"ImageObject","inLanguage":"es","@id":"https:\/\/tallogoldleaf.com\/es\/#\/schema\/logo\/image\/","url":"https:\/\/tallogoldleaf.com\/es\/wp-content\/uploads\/2019\/09\/Logo_Tallo-Para-Web-cuadrado.png","contentUrl":"https:\/\/tallogoldleaf.com\/es\/wp-content\/uploads\/2019\/09\/Logo_Tallo-Para-Web-cuadrado.png","width":307,"height":307,"caption":"Productos Internacionales Tallo"},"image":{"@id":"https:\/\/tallogoldleaf.com\/es\/#\/schema\/logo\/image\/"}}]}},"_links":{"self":[{"href":"https:\/\/tallogoldleaf.com\/es\/wp-json\/wp\/v2\/pages\/618","targetHints":{"allow":["GET"]}}],"collection":[{"href":"https:\/\/tallogoldleaf.com\/es\/wp-json\/wp\/v2\/pages"}],"about":[{"href":"https:\/\/tallogoldleaf.com\/es\/wp-json\/wp\/v2\/types\/page"}],"author":[{"embeddable":true,"href":"https:\/\/tallogoldleaf.com\/es\/wp-json\/wp\/v2\/users\/1"}],"replies":[{"embeddable":true,"href":"https:\/\/tallogoldleaf.com\/es\/wp-json\/wp\/v2\/comments?post=618"}],"version-history":[{"count":14,"href":"https:\/\/tallogoldleaf.com\/es\/wp-json\/wp\/v2\/pages\/618\/revisions"}],"predecessor-version":[{"id":979,"href":"https:\/\/tallogoldleaf.com\/es\/wp-json\/wp\/v2\/pages\/618\/revisions\/979"}],"wp:attachment":[{"href":"https:\/\/tallogoldleaf.com\/es\/wp-json\/wp\/v2\/media?parent=618"}],"curies":[{"name":"wp","href":"https:\/\/api.w.org\/{rel}","templated":true}]}}