{"id":807,"date":"2018-10-08T19:02:58","date_gmt":"2018-10-08T19:02:58","guid":{"rendered":"https:\/\/tallogoldleaf.com\/es\/?page_id=807"},"modified":"2019-09-20T10:48:23","modified_gmt":"2019-09-20T18:48:23","slug":"acerca-de-tallo","status":"publish","type":"page","link":"https:\/\/tallogoldleaf.com\/es\/acerca-de-tallo\/","title":{"rendered":"Acerca de Tallo, L\u00edder Distribuidor de Hoja de Oro y Plata al Mayoreo y Menudeo"},"content":{"rendered":"<div class=\"wpb-content-wrapper\">[vc_row bg_type=&#8221;bg_color&#8221; el_class=&#8221;title-header&#8221; bg_color_value=&#8221;#444444&#8243; css=&#8221;.vc_custom_1538763335343{padding-right: 20px !important;padding-left: 20px !important;}&#8221;][vc_column]<div id=\"ultimate-heading-710969ebab360647c\" class=\"uvc-heading ult-adjust-bottom-margin ultimate-heading-710969ebab360647c uvc-952 \" data-hspacer=\"no_spacer\"  data-halign=\"center\" style=\"text-align:center\"><div class=\"uvc-heading-spacer no_spacer\" style=\"top\"><\/div><div class=\"uvc-main-heading ult-responsive\"  data-ultimate-target='.uvc-heading.ultimate-heading-710969ebab360647c h1'  data-responsive-json-new='{\"font-size\":\"desktop:28px;\",\"line-height\":\"desktop:38px;\"}' ><h1 style=\"font-family:&#039;Old Standard TT&#039;;font-style:italic;font-weight:normal;color:#ffffff;margin-bottom:20px;\">Acerca de Productos Internacionales Tallo<\/h1><\/div><\/div>[\/vc_column][\/vc_row][vc_row][vc_column]<div class=\"ult-spacer spacer-69ebab36064a4\" data-id=\"69ebab36064a4\" data-height=\"20\" data-height-mobile=\"20\" data-height-tab=\"20\" data-height-tab-portrait=\"\" data-height-mobile-landscape=\"\" style=\"clear:both;display:block;\"><\/div>[vc_row_inner][vc_column_inner width=&#8221;6\/12&#8243;]<div class=\"ult-spacer spacer-69ebab36064ae\" data-id=\"69ebab36064ae\" data-height=\"40\" data-height-mobile=\"40\" data-height-tab=\"40\" data-height-tab-portrait=\"\" data-height-mobile-landscape=\"\" style=\"clear:both;display:block;\"><\/div><div id=\"ultimate-heading-496869ebab36064bf\" class=\"uvc-heading ult-adjust-bottom-margin ultimate-heading-496869ebab36064bf uvc-8716 \" data-hspacer=\"no_spacer\"  data-halign=\"left\" style=\"text-align:left\"><div class=\"uvc-heading-spacer no_spacer\" style=\"top\"><\/div><div class=\"uvc-main-heading ult-responsive\"  data-ultimate-target='.uvc-heading.ultimate-heading-496869ebab36064bf h2'  data-responsive-json-new='{\"font-size\":\"desktop:23px;\",\"line-height\":\"desktop:33px;\"}' ><h2 style=\"font-family:&#039;Lato&#039;;font-weight:normal;\">\u00bfPOR QU\u00c9 ELEGIR A<\/h2><\/div><div class=\"uvc-sub-heading ult-responsive\"  data-ultimate-target='.uvc-heading.ultimate-heading-496869ebab36064bf .uvc-sub-heading '  data-responsive-json-new='{\"font-size\":\"desktop:38px;mobile_landscape:32px;mobile:32px;\",\"line-height\":\"desktop:48px;mobile_landscape:42px;mobile:42px;\"}'  style=\"font-family:&#039;Old Standard TT&#039;;font-style:italic;font-weight:normal;color:#2a2a2a;margin-bottom:20px;\">Productos Internacionales Tallo?<\/div><\/div>[vc_column_text]\n<p style=\"font-size: 18px; line-height: 32px; text-align: left;\">En Tallo no solo somos una Empresa L\u00edder Distribuidor de <a href=\"https:\/\/tallogoldleaf.com\/es\/catalogo\/imitacion-hoja-de-oro\/\">Hoja de Oro<\/a> y <a href=\"https:\/\/tallogoldleaf.com\/es\/catalogo\/hoja-de-plata-de-imitacion\/\">Plata<\/a> al Mayoreo y Menudeo, sino tambi\u00e9n nos gustan las artesan\u00edas y por el amor a ellas nos gusta difundir a la gente que puede revivir esas piezas viejas en casa, utilizar piezas recicladas, o aprovechar los hallazgos en mercados de saldos o pulgas, o los muebles que se pretend\u00edan tirar, todos estos objetos se prestan perfectamente para restaurarlos con hoja de oro o plata; Para darles una nueva vida y usted adquiere un tesoro resucitado para adornar su hogar, o renovar para conservar objetos que tienen un gran valor sentimental o darlos como un regalo nuevo.<\/p>\n[\/vc_column_text][\/vc_column_inner][vc_column_inner width=&#8221;1\/12&#8243;][\/vc_column_inner][vc_column_inner width=&#8221;5\/12&#8243;][vc_single_image image=&#8221;823&#8243; img_size=&#8221;full&#8221; alignment=&#8221;center&#8221;][\/vc_column_inner][\/vc_row_inner]<div class=\"ult-spacer spacer-69ebab36064d9\" data-id=\"69ebab36064d9\" data-height=\"50\" data-height-mobile=\"50\" data-height-tab=\"50\" data-height-tab-portrait=\"\" data-height-mobile-landscape=\"\" style=\"clear:both;display:block;\"><\/div>[vc_row_inner][vc_column_inner width=&#8221;5\/12&#8243;]<div class=\"ult-spacer spacer-69ebab36064e0\" data-id=\"69ebab36064e0\" data-height=\"20\" data-height-mobile=\"20\" data-height-tab=\"20\" data-height-tab-portrait=\"\" data-height-mobile-landscape=\"\" style=\"clear:both;display:block;\"><\/div>[vc_single_image image=&#8221;834&#8243; img_size=&#8221;full&#8221; alignment=&#8221;center&#8221;][\/vc_column_inner][vc_column_inner width=&#8221;1\/12&#8243;][\/vc_column_inner][vc_column_inner width=&#8221;6\/12&#8243;]<div id=\"ultimate-heading-310569ebab36064ef\" class=\"uvc-heading ult-adjust-bottom-margin ultimate-heading-310569ebab36064ef uvc-770 \" data-hspacer=\"no_spacer\"  data-halign=\"left\" style=\"text-align:left\"><div class=\"uvc-heading-spacer no_spacer\" style=\"top\"><\/div><div class=\"uvc-main-heading ult-responsive\"  data-ultimate-target='.uvc-heading.ultimate-heading-310569ebab36064ef h2'  data-responsive-json-new='{\"font-size\":\"desktop:23px;\",\"line-height\":\"desktop:33px;\"}' ><h2 style=\"font-family:&#039;Lato&#039;;font-weight:normal;\">\u00bfC\u00d3MO PUEDO USAR LA T\u00c9CNICA DE DORADO<\/h2><\/div><div class=\"uvc-sub-heading ult-responsive\"  data-ultimate-target='.uvc-heading.ultimate-heading-310569ebab36064ef .uvc-sub-heading '  data-responsive-json-new='{\"font-size\":\"desktop:38px;mobile_landscape:32px;mobile:32px;\",\"line-height\":\"desktop:48px;mobile_landscape:42px;mobile:42px;\"}'  style=\"font-family:&#039;Old Standard TT&#039;;font-style:italic;font-weight:normal;color:#2a2a2a;margin-bottom:20px;\">Para Mis Proyectos?<\/div><\/div>[vc_column_text]\n<p style=\"font-size: 18px; line-height: 32px; text-align: left;\">Los terminados en oro y plata pueden adaptarse f\u00e1cilmente en interiores modernos, interiores cl\u00e1sicos y en las tendencias cambiantes en el dise\u00f1o. La elecci\u00f3n de la superficie y los diferentes m\u00e9todos de aplicaci\u00f3n pueden crear una sorprendente variedad de acabados, especialmente cuando se utiliza el dorado y plateado.<\/p>\n<p style=\"font-size: 18px; line-height: 32px; text-align: left;\">Famosos dise\u00f1adores disfrutan jugando con estos tonos en sus casas. El oro y plata siempre est\u00e1n de moda hoy en d\u00eda agregan un toque de glamour y estilo a una habitaci\u00f3n. Combine estos tonos con muebles y objetos contempor\u00e1neos o cl\u00e1sicos y comience a crear un nuevo y sorprendente aspecto.<\/p>\n<p>Le invitamos a aprender a dorar siguiendo nuestros <a href=\"https:\/\/tallogoldleaf.com\/es\/dore-en-siete-simples-pasos\/\">7 Simples Pasos para Dorar<\/a>[\/vc_column_text][\/vc_column_inner][\/vc_row_inner]<div class=\"ult-spacer spacer-69ebab3606501\" data-id=\"69ebab3606501\" data-height=\"50\" data-height-mobile=\"50\" data-height-tab=\"50\" data-height-tab-portrait=\"\" data-height-mobile-landscape=\"\" style=\"clear:both;display:block;\"><\/div>[vc_row_inner][vc_column_inner width=&#8221;1\/6&#8243;][\/vc_column_inner][vc_column_inner width=&#8221;2\/3&#8243;][vc_column_text]\n<hr \/>\n[\/vc_column_text]<div id=\"ultimate-heading-657369ebab360650d\" class=\"uvc-heading ult-adjust-bottom-margin ultimate-heading-657369ebab360650d uvc-7324 \" data-hspacer=\"no_spacer\"  data-halign=\"center\" style=\"text-align:center\"><div class=\"uvc-heading-spacer no_spacer\" style=\"top\"><\/div><div class=\"uvc-sub-heading ult-responsive\"  data-ultimate-target='.uvc-heading.ultimate-heading-657369ebab360650d .uvc-sub-heading '  data-responsive-json-new='{\"font-size\":\"desktop:32px;\",\"line-height\":\"desktop:42px;\"}'  style=\"font-family:&#039;Old Standard TT&#039;;font-style:italic;font-weight:normal;\">\n<p style=\"text-align: center;\">La t\u00e9cnica del dorado ha abierto un nuevo mundo de ideas para los dise\u00f1adores de interiores, ya sea que elijan un efecto futurista, tradicional, o moderno.<\/p>\n<\/div><\/div>[vc_column_text]\n<hr \/>\n[\/vc_column_text][\/vc_column_inner][vc_column_inner width=&#8221;1\/6&#8243;][\/vc_column_inner][\/vc_row_inner]<div class=\"ult-spacer spacer-69ebab3606519\" data-id=\"69ebab3606519\" data-height=\"50\" data-height-mobile=\"50\" data-height-tab=\"50\" data-height-tab-portrait=\"\" data-height-mobile-landscape=\"\" style=\"clear:both;display:block;\"><\/div>[vc_row_inner][vc_column_inner width=&#8221;6\/12&#8243;]<div class=\"ult-spacer spacer-69ebab360651f\" data-id=\"69ebab360651f\" data-height=\"40\" data-height-mobile=\"40\" data-height-tab=\"40\" data-height-tab-portrait=\"\" data-height-mobile-landscape=\"\" style=\"clear:both;display:block;\"><\/div>[vc_column_text]\n<p style=\"font-size: 18px; line-height: 32px; text-align: left;\">Muchos decoradores y dise\u00f1adores de interiores promueven el arte del dorado en sus creaciones, a menudo eligiendo los objetos m\u00e1s inusuales para decorar de esta manera. Incluso el interior moderno r\u00edgido se puede realzar con el uso de la <a href=\"https:\/\/tallogoldleaf.com\/es\/catalogo\/imitacion-hoja-de-oro\/\">imitaci\u00f3n hoja de oro y plata<\/a>. Los artistas han experimentado con objetos naturales como madera a la deriva, conchas y piedras para adaptarse a un estilo minimalista.<\/p>\n<p style=\"font-size: 18px; line-height: 32px; text-align: left;\">La tendencia reciente hacia muebles e interiores divertidos tambi\u00e9n ha mejorado la popularidad del plateado. El Pan de oro tambi\u00e9n denominado de esa forma, se puede aplicar a los muebles modernos para un efecto contempor\u00e1neo. Los muebles tambi\u00e9n se pueden mezclar con tapicer\u00eda moderna y materiales con resultados sorprendentes.<\/p>\n[\/vc_column_text][\/vc_column_inner][vc_column_inner width=&#8221;1\/12&#8243;][\/vc_column_inner][vc_column_inner width=&#8221;5\/12&#8243;][vc_single_image image=&#8221;835&#8243; img_size=&#8221;full&#8221; alignment=&#8221;center&#8221;][\/vc_column_inner][\/vc_row_inner]<div class=\"ult-spacer spacer-69ebab3606525\" data-id=\"69ebab3606525\" data-height=\"20\" data-height-mobile=\"20\" data-height-tab=\"20\" data-height-tab-portrait=\"\" data-height-mobile-landscape=\"\" style=\"clear:both;display:block;\"><\/div>[vc_column_text]Por lo tanto cuando piense en dorar cualquier objeto, piense en Productos Internacionales Tallo, su Empresa L\u00edder Distribuidor de Hoja de Oro y Plata al Mayoreo y Menudeo de preferencia.[\/vc_column_text][\/vc_column][\/vc_row][vc_row][vc_column]<div class=\"ult-spacer spacer-69ebab360652a\" data-id=\"69ebab360652a\" data-height=\"40\" data-height-mobile=\"40\" data-height-tab=\"40\" data-height-tab-portrait=\"\" data-height-mobile-landscape=\"\" style=\"clear:both;display:block;\"><\/div>[\/vc_column][\/vc_row]\n<\/div>","protected":false},"excerpt":{"rendered":"<p>[vc_row bg_type=&#8221;bg_color&#8221; el_class=&#8221;title-header&#8221; bg_color_value=&#8221;#444444&#8243; css=&#8221;.vc_custom_1538763335343{padding-right: 20px !important;padding-left: 20px !important;}&#8221;][vc_column][\/vc_column][\/vc_row][vc_row][vc_column][vc_row_inner][vc_column_inner width=&#8221;6\/12&#8243;][vc_column_text] En Tallo no solo somos una Empresa L\u00edder Distribuidor de Hoja de Oro y Plata al Mayoreo y Menudeo, sino tambi\u00e9n nos gustan las artesan\u00edas y por el amor a ellas nos gusta difundir a la gente que puede revivir esas piezas viejas en casa, utilizar piezas recicladas, o aprovechar los hallazgos en mercados de saldos o pulgas, o los muebles que se pretend\u00edan tirar, todos estos objetos se prestan perfectamente para restaurarlos con hoja de oro o plata; Para darles una nueva vida y usted adquiere un tesoro resucitado para adornar su hogar, o renovar para conservar objetos que tienen un gran valor sentimental o darlos como un regalo nuevo. [\/vc_column_text][\/vc_column_inner][vc_column_inner width=&#8221;1\/12&#8243;][\/vc_column_inner][vc_column_inner width=&#8221;5\/12&#8243;][vc_single_image image=&#8221;823&#8243; img_size=&#8221;full&#8221; alignment=&#8221;center&#8221;][\/vc_column_inner][\/vc_row_inner][vc_row_inner][vc_column_inner width=&#8221;5\/12&#8243;][vc_single_image image=&#8221;834&#8243; img_size=&#8221;full&#8221; alignment=&#8221;center&#8221;][\/vc_column_inner][vc_column_inner width=&#8221;1\/12&#8243;][\/vc_column_inner][vc_column_inner width=&#8221;6\/12&#8243;][vc_column_text] Los terminados en oro y plata pueden adaptarse f\u00e1cilmente en interiores modernos, interiores cl\u00e1sicos y en las tendencias cambiantes en el dise\u00f1o. La elecci\u00f3n de la superficie y los diferentes m\u00e9todos de aplicaci\u00f3n pueden crear una sorprendente variedad de acabados, especialmente cuando se utiliza el dorado y plateado. Famosos dise\u00f1adores disfrutan jugando con estos tonos en sus casas. El oro y plata siempre est\u00e1n de moda hoy en d\u00eda agregan un toque de glamour y estilo a una habitaci\u00f3n. Combine estos tonos con muebles y objetos contempor\u00e1neos o cl\u00e1sicos y comience a crear un nuevo y sorprendente aspecto. Le invitamos a aprender a dorar siguiendo nuestros 7 Simples Pasos para Dorar[\/vc_column_text][\/vc_column_inner][\/vc_row_inner][vc_row_inner][vc_column_inner width=&#8221;1\/6&#8243;][\/vc_column_inner][vc_column_inner width=&#8221;2\/3&#8243;][vc_column_text] [\/vc_column_text][vc_column_text] [\/vc_column_text][\/vc_column_inner][vc_column_inner width=&#8221;1\/6&#8243;][\/vc_column_inner][\/vc_row_inner][vc_row_inner][vc_column_inner width=&#8221;6\/12&#8243;][vc_column_text] Muchos decoradores y dise\u00f1adores de interiores promueven el arte del dorado en sus creaciones, a menudo eligiendo los objetos m\u00e1s inusuales para decorar de esta manera. Incluso el interior moderno r\u00edgido se puede realzar con el uso de la imitaci\u00f3n hoja de oro y plata. Los artistas han experimentado con objetos naturales como madera a la deriva, conchas y piedras para adaptarse a un estilo minimalista. La tendencia reciente hacia muebles e interiores divertidos tambi\u00e9n ha mejorado la popularidad del plateado. El Pan de oro tambi\u00e9n denominado de esa forma, se puede aplicar a los muebles modernos para un efecto contempor\u00e1neo. Los muebles tambi\u00e9n se pueden mezclar con tapicer\u00eda moderna y materiales con resultados sorprendentes. [\/vc_column_text][\/vc_column_inner][vc_column_inner width=&#8221;1\/12&#8243;][\/vc_column_inner][vc_column_inner width=&#8221;5\/12&#8243;][vc_single_image image=&#8221;835&#8243; img_size=&#8221;full&#8221; alignment=&#8221;center&#8221;][\/vc_column_inner][\/vc_row_inner][vc_column_text]Por lo tanto cuando piense en dorar cualquier objeto, piense en Productos Internacionales Tallo, su Empresa L\u00edder Distribuidor de Hoja de Oro y Plata al Mayoreo y Menudeo de preferencia.[\/vc_column_text][\/vc_column][\/vc_row][vc_row][vc_column][\/vc_column][\/vc_row]<\/p>\n","protected":false},"author":1,"featured_media":0,"parent":0,"menu_order":0,"comment_status":"closed","ping_status":"closed","template":"","meta":{"_exactmetrics_skip_tracking":false,"_exactmetrics_sitenote_active":false,"_exactmetrics_sitenote_note":"","_exactmetrics_sitenote_category":0,"footnotes":""},"class_list":["post-807","page","type-page","status-publish","hentry","entry","post-inner"],"yoast_head":"<!-- This site is optimized with the Yoast SEO plugin v26.9 - https:\/\/yoast.com\/product\/yoast-seo-wordpress\/ -->\n<title>Acerca de Tallo, L\u00edder Distribuidor de Hoja de Oro y Plata al Mayoreo y Menudeo | Productos Internacionales Tallo<\/title>\n<meta name=\"description\" content=\"Empresa L\u00edder Distribuidor de Hoja de Oro y Plata al Mayoreo y Menudeo, oro Genuino y pan de oro, ofrecemos materiales contempor\u00e1neos y brindamos t\u00e9cnicas de aplicaci\u00f3n, con videos y tutoriales para obtener resultados profesionales en su primer proyecto de dorado o plateado. Env\u00edos r\u00e1pidos a todos los municipios de Mexico y Latinoam\u00e9rica.\" \/>\n<meta name=\"robots\" content=\"index, follow, max-snippet:-1, max-image-preview:large, max-video-preview:-1\" \/>\n<link rel=\"canonical\" href=\"https:\/\/tallogoldleaf.com\/es\/acerca-de-tallo\/\" \/>\n<meta property=\"og:locale\" content=\"es_MX\" \/>\n<meta property=\"og:type\" content=\"article\" \/>\n<meta property=\"og:title\" content=\"Acerca de Tallo, L\u00edder Distribuidor de Hoja de Oro y Plata al Mayoreo y Menudeo | Productos Internacionales Tallo\" \/>\n<meta property=\"og:description\" content=\"Empresa L\u00edder Distribuidor de Hoja de Oro y Plata al Mayoreo y Menudeo, oro Genuino y pan de oro, ofrecemos materiales contempor\u00e1neos y brindamos t\u00e9cnicas de aplicaci\u00f3n, con videos y tutoriales para obtener resultados profesionales en su primer proyecto de dorado o plateado. Env\u00edos r\u00e1pidos a todos los municipios de Mexico y Latinoam\u00e9rica.\" \/>\n<meta property=\"og:url\" content=\"https:\/\/tallogoldleaf.com\/es\/acerca-de-tallo\/\" \/>\n<meta property=\"og:site_name\" content=\"Productos Internacionales Tallo\" \/>\n<meta property=\"article:modified_time\" content=\"2019-09-20T18:48:23+00:00\" \/>\n<meta name=\"twitter:card\" content=\"summary_large_image\" \/>\n<meta name=\"twitter:label1\" content=\"Tiempo de lectura\" \/>\n\t<meta name=\"twitter:data1\" content=\"5 minutos\" \/>\n<script type=\"application\/ld+json\" class=\"yoast-schema-graph\">{\"@context\":\"https:\/\/schema.org\",\"@graph\":[{\"@type\":\"WebPage\",\"@id\":\"https:\/\/tallogoldleaf.com\/es\/acerca-de-tallo\/\",\"url\":\"https:\/\/tallogoldleaf.com\/es\/acerca-de-tallo\/\",\"name\":\"Acerca de Tallo, L\u00edder Distribuidor de Hoja de Oro y Plata al Mayoreo y Menudeo | Productos Internacionales Tallo\",\"isPartOf\":{\"@id\":\"https:\/\/tallogoldleaf.com\/es\/#website\"},\"datePublished\":\"2018-10-08T19:02:58+00:00\",\"dateModified\":\"2019-09-20T18:48:23+00:00\",\"description\":\"Empresa L\u00edder Distribuidor de Hoja de Oro y Plata al Mayoreo y Menudeo, oro Genuino y pan de oro, ofrecemos materiales contempor\u00e1neos y brindamos t\u00e9cnicas de aplicaci\u00f3n, con videos y tutoriales para obtener resultados profesionales en su primer proyecto de dorado o plateado. Env\u00edos r\u00e1pidos a todos los municipios de Mexico y Latinoam\u00e9rica.\",\"breadcrumb\":{\"@id\":\"https:\/\/tallogoldleaf.com\/es\/acerca-de-tallo\/#breadcrumb\"},\"inLanguage\":\"es\",\"potentialAction\":[{\"@type\":\"ReadAction\",\"target\":[\"https:\/\/tallogoldleaf.com\/es\/acerca-de-tallo\/\"]}]},{\"@type\":\"BreadcrumbList\",\"@id\":\"https:\/\/tallogoldleaf.com\/es\/acerca-de-tallo\/#breadcrumb\",\"itemListElement\":[{\"@type\":\"ListItem\",\"position\":1,\"name\":\"Inicio\",\"item\":\"https:\/\/tallogoldleaf.com\/es\/\"},{\"@type\":\"ListItem\",\"position\":2,\"name\":\"Acerca de Tallo, L\u00edder Distribuidor de Hoja de Oro y Plata al Mayoreo y Menudeo\"}]},{\"@type\":\"WebSite\",\"@id\":\"https:\/\/tallogoldleaf.com\/es\/#website\",\"url\":\"https:\/\/tallogoldleaf.com\/es\/\",\"name\":\"Productos Internacionales Tallo\",\"description\":\"Hojas de imitaci\u00f3n de oro y plata en Estados Unidos\",\"publisher\":{\"@id\":\"https:\/\/tallogoldleaf.com\/es\/#organization\"},\"potentialAction\":[{\"@type\":\"SearchAction\",\"target\":{\"@type\":\"EntryPoint\",\"urlTemplate\":\"https:\/\/tallogoldleaf.com\/es\/?s={search_term_string}\"},\"query-input\":{\"@type\":\"PropertyValueSpecification\",\"valueRequired\":true,\"valueName\":\"search_term_string\"}}],\"inLanguage\":\"es\"},{\"@type\":\"Organization\",\"@id\":\"https:\/\/tallogoldleaf.com\/es\/#organization\",\"name\":\"Productos Internacionales Tallo\",\"url\":\"https:\/\/tallogoldleaf.com\/es\/\",\"logo\":{\"@type\":\"ImageObject\",\"inLanguage\":\"es\",\"@id\":\"https:\/\/tallogoldleaf.com\/es\/#\/schema\/logo\/image\/\",\"url\":\"https:\/\/tallogoldleaf.com\/es\/wp-content\/uploads\/2019\/09\/Logo_Tallo-Para-Web-cuadrado.png\",\"contentUrl\":\"https:\/\/tallogoldleaf.com\/es\/wp-content\/uploads\/2019\/09\/Logo_Tallo-Para-Web-cuadrado.png\",\"width\":307,\"height\":307,\"caption\":\"Productos Internacionales Tallo\"},\"image\":{\"@id\":\"https:\/\/tallogoldleaf.com\/es\/#\/schema\/logo\/image\/\"}}]}<\/script>\n<!-- \/ Yoast SEO plugin. -->","yoast_head_json":{"title":"Acerca de Tallo, L\u00edder Distribuidor de Hoja de Oro y Plata al Mayoreo y Menudeo | Productos Internacionales Tallo","description":"Empresa L\u00edder Distribuidor de Hoja de Oro y Plata al Mayoreo y Menudeo, oro Genuino y pan de oro, ofrecemos materiales contempor\u00e1neos y brindamos t\u00e9cnicas de aplicaci\u00f3n, con videos y tutoriales para obtener resultados profesionales en su primer proyecto de dorado o plateado. Env\u00edos r\u00e1pidos a todos los municipios de Mexico y Latinoam\u00e9rica.","robots":{"index":"index","follow":"follow","max-snippet":"max-snippet:-1","max-image-preview":"max-image-preview:large","max-video-preview":"max-video-preview:-1"},"canonical":"https:\/\/tallogoldleaf.com\/es\/acerca-de-tallo\/","og_locale":"es_MX","og_type":"article","og_title":"Acerca de Tallo, L\u00edder Distribuidor de Hoja de Oro y Plata al Mayoreo y Menudeo | Productos Internacionales Tallo","og_description":"Empresa L\u00edder Distribuidor de Hoja de Oro y Plata al Mayoreo y Menudeo, oro Genuino y pan de oro, ofrecemos materiales contempor\u00e1neos y brindamos t\u00e9cnicas de aplicaci\u00f3n, con videos y tutoriales para obtener resultados profesionales en su primer proyecto de dorado o plateado. Env\u00edos r\u00e1pidos a todos los municipios de Mexico y Latinoam\u00e9rica.","og_url":"https:\/\/tallogoldleaf.com\/es\/acerca-de-tallo\/","og_site_name":"Productos Internacionales Tallo","article_modified_time":"2019-09-20T18:48:23+00:00","twitter_card":"summary_large_image","twitter_misc":{"Tiempo de lectura":"5 minutos"},"schema":{"@context":"https:\/\/schema.org","@graph":[{"@type":"WebPage","@id":"https:\/\/tallogoldleaf.com\/es\/acerca-de-tallo\/","url":"https:\/\/tallogoldleaf.com\/es\/acerca-de-tallo\/","name":"Acerca de Tallo, L\u00edder Distribuidor de Hoja de Oro y Plata al Mayoreo y Menudeo | Productos Internacionales Tallo","isPartOf":{"@id":"https:\/\/tallogoldleaf.com\/es\/#website"},"datePublished":"2018-10-08T19:02:58+00:00","dateModified":"2019-09-20T18:48:23+00:00","description":"Empresa L\u00edder Distribuidor de Hoja de Oro y Plata al Mayoreo y Menudeo, oro Genuino y pan de oro, ofrecemos materiales contempor\u00e1neos y brindamos t\u00e9cnicas de aplicaci\u00f3n, con videos y tutoriales para obtener resultados profesionales en su primer proyecto de dorado o plateado. Env\u00edos r\u00e1pidos a todos los municipios de Mexico y Latinoam\u00e9rica.","breadcrumb":{"@id":"https:\/\/tallogoldleaf.com\/es\/acerca-de-tallo\/#breadcrumb"},"inLanguage":"es","potentialAction":[{"@type":"ReadAction","target":["https:\/\/tallogoldleaf.com\/es\/acerca-de-tallo\/"]}]},{"@type":"BreadcrumbList","@id":"https:\/\/tallogoldleaf.com\/es\/acerca-de-tallo\/#breadcrumb","itemListElement":[{"@type":"ListItem","position":1,"name":"Inicio","item":"https:\/\/tallogoldleaf.com\/es\/"},{"@type":"ListItem","position":2,"name":"Acerca de Tallo, L\u00edder Distribuidor de Hoja de Oro y Plata al Mayoreo y Menudeo"}]},{"@type":"WebSite","@id":"https:\/\/tallogoldleaf.com\/es\/#website","url":"https:\/\/tallogoldleaf.com\/es\/","name":"Productos Internacionales Tallo","description":"Hojas de imitaci\u00f3n de oro y plata en Estados Unidos","publisher":{"@id":"https:\/\/tallogoldleaf.com\/es\/#organization"},"potentialAction":[{"@type":"SearchAction","target":{"@type":"EntryPoint","urlTemplate":"https:\/\/tallogoldleaf.com\/es\/?s={search_term_string}"},"query-input":{"@type":"PropertyValueSpecification","valueRequired":true,"valueName":"search_term_string"}}],"inLanguage":"es"},{"@type":"Organization","@id":"https:\/\/tallogoldleaf.com\/es\/#organization","name":"Productos Internacionales Tallo","url":"https:\/\/tallogoldleaf.com\/es\/","logo":{"@type":"ImageObject","inLanguage":"es","@id":"https:\/\/tallogoldleaf.com\/es\/#\/schema\/logo\/image\/","url":"https:\/\/tallogoldleaf.com\/es\/wp-content\/uploads\/2019\/09\/Logo_Tallo-Para-Web-cuadrado.png","contentUrl":"https:\/\/tallogoldleaf.com\/es\/wp-content\/uploads\/2019\/09\/Logo_Tallo-Para-Web-cuadrado.png","width":307,"height":307,"caption":"Productos Internacionales Tallo"},"image":{"@id":"https:\/\/tallogoldleaf.com\/es\/#\/schema\/logo\/image\/"}}]}},"_links":{"self":[{"href":"https:\/\/tallogoldleaf.com\/es\/wp-json\/wp\/v2\/pages\/807","targetHints":{"allow":["GET"]}}],"collection":[{"href":"https:\/\/tallogoldleaf.com\/es\/wp-json\/wp\/v2\/pages"}],"about":[{"href":"https:\/\/tallogoldleaf.com\/es\/wp-json\/wp\/v2\/types\/page"}],"author":[{"embeddable":true,"href":"https:\/\/tallogoldleaf.com\/es\/wp-json\/wp\/v2\/users\/1"}],"replies":[{"embeddable":true,"href":"https:\/\/tallogoldleaf.com\/es\/wp-json\/wp\/v2\/comments?post=807"}],"version-history":[{"count":29,"href":"https:\/\/tallogoldleaf.com\/es\/wp-json\/wp\/v2\/pages\/807\/revisions"}],"predecessor-version":[{"id":990,"href":"https:\/\/tallogoldleaf.com\/es\/wp-json\/wp\/v2\/pages\/807\/revisions\/990"}],"wp:attachment":[{"href":"https:\/\/tallogoldleaf.com\/es\/wp-json\/wp\/v2\/media?parent=807"}],"curies":[{"name":"wp","href":"https:\/\/api.w.org\/{rel}","templated":true}]}}