{"id":195,"date":"2016-03-08T04:19:47","date_gmt":"2016-03-08T04:19:47","guid":{"rendered":"https:\/\/tallogoldleaf.com\/es\/?post_type=product&#038;p=195"},"modified":"2019-06-13T15:02:18","modified_gmt":"2019-06-13T23:02:18","slug":"guantes-de-nitrilo-set-de-5-pares","status":"publish","type":"product","link":"https:\/\/tallogoldleaf.com\/es\/catalogo\/guantes-de-nitrilo-set-de-5-pares\/","title":{"rendered":"Guantes de Nitrilo &#8211; Set de 5 pares"},"content":{"rendered":"<div class=\"wpb-content-wrapper\">[vc_row][vc_column][vc_column_text]\n<table class=\"table table-hover\">\n<thead>\n<tr>\n<th>C\u00f3digo SKU<\/th>\n<th>Cantidad<\/th>\n<\/tr>\n<\/thead>\n<tbody>\n<tr>\n<th scope=\"row\">M-NGV-2<\/th>\n<th>Set de 5 pares<\/th>\n<\/tr>\n<\/tbody>\n<\/table>\n<h4>Guantes de nitrilo &#8220;sin l\u00e1tex&#8221;<\/h4>\n<p>El nitrilo est\u00e1 hecho de un copol\u00edmero de caucho sint\u00e9tico llamado caucho de nitrilo butadieno. Este caucho de butadieno es un material sint\u00e9tico duradero que consiste en acrilonitrilo, butadieno y un \u00e1cido carbox\u00edlico.<\/p>\n<p>Esta es la raz\u00f3n por la que los guantes de nitrilo son la opci\u00f3n superior cuando se trata de resistencia qu\u00edmica y pinchazo. Los guantes de nitrilo son tres veces m\u00e1s resistentes a pinchazos que los guantes de vinilo o l\u00e1tex.<\/p>\n<p>El material de nitrilo es capaz de resistir la grasa, la gasolina, el combustible di\u00e9sel y muchos y aceites.[\/vc_column_text]<div class=\"ult-spacer spacer-69ebab9898fcd\" data-id=\"69ebab9898fcd\" data-height=\"30\" data-height-mobile=\"30\" data-height-tab=\"30\" data-height-tab-portrait=\"\" data-height-mobile-landscape=\"\" style=\"clear:both;display:block;\"><\/div>[\/vc_column][\/vc_row]\n<\/div>","protected":false},"excerpt":{"rendered":"<p>Son ideales para aplicar el <a href=\"https:\/\/tallogoldleaf.com\/es\/catalogo\/adhesivo-tallo\/\">adhesivo para hoja marca Tallo<\/a>, una gran opci\u00f3n de precio barato para el uso de una sola vez como guante desechable en este producto.<\/p>\n<p>Tambi\u00e9n se utilizan para aplicar capas <a href=\"https:\/\/tallogoldleaf.com\/es\/catalogo\/sellador-primario\/\">base primario<\/a>, barniz, laca y solventes y pinturas base agua, en estos productos puede utilizarlo varias veces, tiene la fuerza para usarlo en repetidas ocasiones.<\/p>\n<p style=\"text-align: left;\"><em><strong>Enviamos a toda la Rep\u00fablica Mexicana sin excepci\u00f3n y somos especialistas en env\u00edos a toda America Latina y el mundo.<\/strong><\/em><\/p>\n<p><small><strong>*Cont\u00e1ctanos para enviarle una cotizaci\u00f3n con flete incluido. Env\u00edanos un correo con el n\u00famero de SKU de los productos que desea ordenar en <a href=\"https:\/\/tallogoldleaf.com\/es\/contact\/\">nuestra forma de contacto<\/a>*.<\/strong><\/small><\/p>\n<hr \/>\n","protected":false},"featured_media":350,"comment_status":"closed","ping_status":"closed","template":"","meta":{"_exactmetrics_skip_tracking":false,"_exactmetrics_sitenote_active":false,"_exactmetrics_sitenote_note":"","_exactmetrics_sitenote_category":0},"product_cat":[56,55],"product_tag":[],"class_list":{"0":"post-195","1":"product","2":"type-product","3":"status-publish","4":"has-post-thumbnail","6":"product_cat-guantes","7":"product_cat-materiales-y-accesorios","8":"entry","9":"post-inner","11":"first","12":"instock","13":"shipping-taxable","14":"purchasable","15":"product-type-simple"},"yoast_head":"<!-- This site is optimized with the Yoast SEO plugin v26.9 - https:\/\/yoast.com\/product\/yoast-seo-wordpress\/ -->\n<title>Guantes de Nitrilo - Set de 5 pares | Productos Internacionales Tallo<\/title>\n<meta name=\"robots\" content=\"index, follow, max-snippet:-1, max-image-preview:large, max-video-preview:-1\" \/>\n<link rel=\"canonical\" href=\"https:\/\/tallogoldleaf.com\/es\/catalogo\/guantes-de-nitrilo-set-de-5-pares\/\" \/>\n<meta property=\"og:locale\" content=\"es_MX\" \/>\n<meta property=\"og:type\" content=\"article\" \/>\n<meta property=\"og:title\" content=\"Guantes de Nitrilo - Set de 5 pares | Productos Internacionales Tallo\" \/>\n<meta property=\"og:description\" content=\"Son ideales para aplicar el adhesivo para hoja marca Tallo, una gran opci\u00f3n de precio barato para el uso de una sola vez como guante desechable en este producto.  Tambi\u00e9n se utilizan para aplicar capas base primario, barniz, laca y solventes y pinturas base agua, en estos productos puede utilizarlo varias veces, tiene la fuerza para usarlo en repetidas ocasiones. Enviamos a toda la Rep\u00fablica Mexicana sin excepci\u00f3n y somos especialistas en env\u00edos a toda America Latina y el mundo. *Cont\u00e1ctanos para enviarle una cotizaci\u00f3n con flete incluido. Env\u00edanos un correo con el n\u00famero de SKU de los productos que desea ordenar en nuestra forma de contacto*.\" \/>\n<meta property=\"og:url\" content=\"https:\/\/tallogoldleaf.com\/es\/catalogo\/guantes-de-nitrilo-set-de-5-pares\/\" \/>\n<meta property=\"og:site_name\" content=\"Productos Internacionales Tallo\" \/>\n<meta property=\"article:modified_time\" content=\"2019-06-13T23:02:18+00:00\" \/>\n<meta property=\"og:image\" content=\"https:\/\/tallogoldleaf.com\/es\/wp-content\/uploads\/2016\/03\/gloves_nitrile-ngv_1.jpg\" \/>\n\t<meta property=\"og:image:width\" content=\"900\" \/>\n\t<meta property=\"og:image:height\" content=\"900\" \/>\n\t<meta property=\"og:image:type\" content=\"image\/jpeg\" \/>\n<meta name=\"twitter:card\" content=\"summary_large_image\" \/>\n<meta name=\"twitter:label1\" content=\"Tiempo de lectura\" \/>\n\t<meta name=\"twitter:data1\" content=\"1 minuto\" \/>\n<script type=\"application\/ld+json\" class=\"yoast-schema-graph\">{\"@context\":\"https:\/\/schema.org\",\"@graph\":[{\"@type\":\"WebPage\",\"@id\":\"https:\/\/tallogoldleaf.com\/es\/catalogo\/guantes-de-nitrilo-set-de-5-pares\/\",\"url\":\"https:\/\/tallogoldleaf.com\/es\/catalogo\/guantes-de-nitrilo-set-de-5-pares\/\",\"name\":\"Guantes de Nitrilo - Set de 5 pares | Productos Internacionales Tallo\",\"isPartOf\":{\"@id\":\"https:\/\/tallogoldleaf.com\/es\/#website\"},\"primaryImageOfPage\":{\"@id\":\"https:\/\/tallogoldleaf.com\/es\/catalogo\/guantes-de-nitrilo-set-de-5-pares\/#primaryimage\"},\"image\":{\"@id\":\"https:\/\/tallogoldleaf.com\/es\/catalogo\/guantes-de-nitrilo-set-de-5-pares\/#primaryimage\"},\"thumbnailUrl\":\"https:\/\/tallogoldleaf.com\/es\/wp-content\/uploads\/2016\/03\/gloves_nitrile-ngv_1.jpg\",\"datePublished\":\"2016-03-08T04:19:47+00:00\",\"dateModified\":\"2019-06-13T23:02:18+00:00\",\"breadcrumb\":{\"@id\":\"https:\/\/tallogoldleaf.com\/es\/catalogo\/guantes-de-nitrilo-set-de-5-pares\/#breadcrumb\"},\"inLanguage\":\"es\",\"potentialAction\":[{\"@type\":\"ReadAction\",\"target\":[\"https:\/\/tallogoldleaf.com\/es\/catalogo\/guantes-de-nitrilo-set-de-5-pares\/\"]}]},{\"@type\":\"ImageObject\",\"inLanguage\":\"es\",\"@id\":\"https:\/\/tallogoldleaf.com\/es\/catalogo\/guantes-de-nitrilo-set-de-5-pares\/#primaryimage\",\"url\":\"https:\/\/tallogoldleaf.com\/es\/wp-content\/uploads\/2016\/03\/gloves_nitrile-ngv_1.jpg\",\"contentUrl\":\"https:\/\/tallogoldleaf.com\/es\/wp-content\/uploads\/2016\/03\/gloves_nitrile-ngv_1.jpg\",\"width\":900,\"height\":900,\"caption\":\"Gloves of Nitrile\"},{\"@type\":\"BreadcrumbList\",\"@id\":\"https:\/\/tallogoldleaf.com\/es\/catalogo\/guantes-de-nitrilo-set-de-5-pares\/#breadcrumb\",\"itemListElement\":[{\"@type\":\"ListItem\",\"position\":1,\"name\":\"Inicio\",\"item\":\"https:\/\/tallogoldleaf.com\/es\/\"},{\"@type\":\"ListItem\",\"position\":2,\"name\":\"Cat\u00e1logo\",\"item\":\"https:\/\/tallogoldleaf.com\/es\/catalogo\/\"},{\"@type\":\"ListItem\",\"position\":3,\"name\":\"Guantes de Nitrilo &#8211; Set de 5 pares\"}]},{\"@type\":\"WebSite\",\"@id\":\"https:\/\/tallogoldleaf.com\/es\/#website\",\"url\":\"https:\/\/tallogoldleaf.com\/es\/\",\"name\":\"Productos Internacionales Tallo\",\"description\":\"Hojas de imitaci\u00f3n de oro y plata en Estados Unidos\",\"publisher\":{\"@id\":\"https:\/\/tallogoldleaf.com\/es\/#organization\"},\"potentialAction\":[{\"@type\":\"SearchAction\",\"target\":{\"@type\":\"EntryPoint\",\"urlTemplate\":\"https:\/\/tallogoldleaf.com\/es\/?s={search_term_string}\"},\"query-input\":{\"@type\":\"PropertyValueSpecification\",\"valueRequired\":true,\"valueName\":\"search_term_string\"}}],\"inLanguage\":\"es\"},{\"@type\":\"Organization\",\"@id\":\"https:\/\/tallogoldleaf.com\/es\/#organization\",\"name\":\"Productos Internacionales Tallo\",\"url\":\"https:\/\/tallogoldleaf.com\/es\/\",\"logo\":{\"@type\":\"ImageObject\",\"inLanguage\":\"es\",\"@id\":\"https:\/\/tallogoldleaf.com\/es\/#\/schema\/logo\/image\/\",\"url\":\"https:\/\/tallogoldleaf.com\/es\/wp-content\/uploads\/2019\/09\/Logo_Tallo-Para-Web-cuadrado.png\",\"contentUrl\":\"https:\/\/tallogoldleaf.com\/es\/wp-content\/uploads\/2019\/09\/Logo_Tallo-Para-Web-cuadrado.png\",\"width\":307,\"height\":307,\"caption\":\"Productos Internacionales Tallo\"},\"image\":{\"@id\":\"https:\/\/tallogoldleaf.com\/es\/#\/schema\/logo\/image\/\"}}]}<\/script>\n<!-- \/ Yoast SEO plugin. -->","yoast_head_json":{"title":"Guantes de Nitrilo - Set de 5 pares | Productos Internacionales Tallo","robots":{"index":"index","follow":"follow","max-snippet":"max-snippet:-1","max-image-preview":"max-image-preview:large","max-video-preview":"max-video-preview:-1"},"canonical":"https:\/\/tallogoldleaf.com\/es\/catalogo\/guantes-de-nitrilo-set-de-5-pares\/","og_locale":"es_MX","og_type":"article","og_title":"Guantes de Nitrilo - Set de 5 pares | Productos Internacionales Tallo","og_description":"Son ideales para aplicar el adhesivo para hoja marca Tallo, una gran opci\u00f3n de precio barato para el uso de una sola vez como guante desechable en este producto.  Tambi\u00e9n se utilizan para aplicar capas base primario, barniz, laca y solventes y pinturas base agua, en estos productos puede utilizarlo varias veces, tiene la fuerza para usarlo en repetidas ocasiones. Enviamos a toda la Rep\u00fablica Mexicana sin excepci\u00f3n y somos especialistas en env\u00edos a toda America Latina y el mundo. *Cont\u00e1ctanos para enviarle una cotizaci\u00f3n con flete incluido. Env\u00edanos un correo con el n\u00famero de SKU de los productos que desea ordenar en nuestra forma de contacto*.","og_url":"https:\/\/tallogoldleaf.com\/es\/catalogo\/guantes-de-nitrilo-set-de-5-pares\/","og_site_name":"Productos Internacionales Tallo","article_modified_time":"2019-06-13T23:02:18+00:00","og_image":[{"width":900,"height":900,"url":"https:\/\/tallogoldleaf.com\/es\/wp-content\/uploads\/2016\/03\/gloves_nitrile-ngv_1.jpg","type":"image\/jpeg"}],"twitter_card":"summary_large_image","twitter_misc":{"Tiempo de lectura":"1 minuto"},"schema":{"@context":"https:\/\/schema.org","@graph":[{"@type":"WebPage","@id":"https:\/\/tallogoldleaf.com\/es\/catalogo\/guantes-de-nitrilo-set-de-5-pares\/","url":"https:\/\/tallogoldleaf.com\/es\/catalogo\/guantes-de-nitrilo-set-de-5-pares\/","name":"Guantes de Nitrilo - Set de 5 pares | Productos Internacionales Tallo","isPartOf":{"@id":"https:\/\/tallogoldleaf.com\/es\/#website"},"primaryImageOfPage":{"@id":"https:\/\/tallogoldleaf.com\/es\/catalogo\/guantes-de-nitrilo-set-de-5-pares\/#primaryimage"},"image":{"@id":"https:\/\/tallogoldleaf.com\/es\/catalogo\/guantes-de-nitrilo-set-de-5-pares\/#primaryimage"},"thumbnailUrl":"https:\/\/tallogoldleaf.com\/es\/wp-content\/uploads\/2016\/03\/gloves_nitrile-ngv_1.jpg","datePublished":"2016-03-08T04:19:47+00:00","dateModified":"2019-06-13T23:02:18+00:00","breadcrumb":{"@id":"https:\/\/tallogoldleaf.com\/es\/catalogo\/guantes-de-nitrilo-set-de-5-pares\/#breadcrumb"},"inLanguage":"es","potentialAction":[{"@type":"ReadAction","target":["https:\/\/tallogoldleaf.com\/es\/catalogo\/guantes-de-nitrilo-set-de-5-pares\/"]}]},{"@type":"ImageObject","inLanguage":"es","@id":"https:\/\/tallogoldleaf.com\/es\/catalogo\/guantes-de-nitrilo-set-de-5-pares\/#primaryimage","url":"https:\/\/tallogoldleaf.com\/es\/wp-content\/uploads\/2016\/03\/gloves_nitrile-ngv_1.jpg","contentUrl":"https:\/\/tallogoldleaf.com\/es\/wp-content\/uploads\/2016\/03\/gloves_nitrile-ngv_1.jpg","width":900,"height":900,"caption":"Gloves of Nitrile"},{"@type":"BreadcrumbList","@id":"https:\/\/tallogoldleaf.com\/es\/catalogo\/guantes-de-nitrilo-set-de-5-pares\/#breadcrumb","itemListElement":[{"@type":"ListItem","position":1,"name":"Inicio","item":"https:\/\/tallogoldleaf.com\/es\/"},{"@type":"ListItem","position":2,"name":"Cat\u00e1logo","item":"https:\/\/tallogoldleaf.com\/es\/catalogo\/"},{"@type":"ListItem","position":3,"name":"Guantes de Nitrilo &#8211; Set de 5 pares"}]},{"@type":"WebSite","@id":"https:\/\/tallogoldleaf.com\/es\/#website","url":"https:\/\/tallogoldleaf.com\/es\/","name":"Productos Internacionales Tallo","description":"Hojas de imitaci\u00f3n de oro y plata en Estados Unidos","publisher":{"@id":"https:\/\/tallogoldleaf.com\/es\/#organization"},"potentialAction":[{"@type":"SearchAction","target":{"@type":"EntryPoint","urlTemplate":"https:\/\/tallogoldleaf.com\/es\/?s={search_term_string}"},"query-input":{"@type":"PropertyValueSpecification","valueRequired":true,"valueName":"search_term_string"}}],"inLanguage":"es"},{"@type":"Organization","@id":"https:\/\/tallogoldleaf.com\/es\/#organization","name":"Productos Internacionales Tallo","url":"https:\/\/tallogoldleaf.com\/es\/","logo":{"@type":"ImageObject","inLanguage":"es","@id":"https:\/\/tallogoldleaf.com\/es\/#\/schema\/logo\/image\/","url":"https:\/\/tallogoldleaf.com\/es\/wp-content\/uploads\/2019\/09\/Logo_Tallo-Para-Web-cuadrado.png","contentUrl":"https:\/\/tallogoldleaf.com\/es\/wp-content\/uploads\/2019\/09\/Logo_Tallo-Para-Web-cuadrado.png","width":307,"height":307,"caption":"Productos Internacionales Tallo"},"image":{"@id":"https:\/\/tallogoldleaf.com\/es\/#\/schema\/logo\/image\/"}}]}},"_links":{"self":[{"href":"https:\/\/tallogoldleaf.com\/es\/wp-json\/wp\/v2\/product\/195","targetHints":{"allow":["GET"]}}],"collection":[{"href":"https:\/\/tallogoldleaf.com\/es\/wp-json\/wp\/v2\/product"}],"about":[{"href":"https:\/\/tallogoldleaf.com\/es\/wp-json\/wp\/v2\/types\/product"}],"replies":[{"embeddable":true,"href":"https:\/\/tallogoldleaf.com\/es\/wp-json\/wp\/v2\/comments?post=195"}],"wp:featuredmedia":[{"embeddable":true,"href":"https:\/\/tallogoldleaf.com\/es\/wp-json\/wp\/v2\/media\/350"}],"wp:attachment":[{"href":"https:\/\/tallogoldleaf.com\/es\/wp-json\/wp\/v2\/media?parent=195"}],"wp:term":[{"taxonomy":"product_cat","embeddable":true,"href":"https:\/\/tallogoldleaf.com\/es\/wp-json\/wp\/v2\/product_cat?post=195"},{"taxonomy":"product_tag","embeddable":true,"href":"https:\/\/tallogoldleaf.com\/es\/wp-json\/wp\/v2\/product_tag?post=195"}],"curies":[{"name":"wp","href":"https:\/\/api.w.org\/{rel}","templated":true}]}}