{"id":209,"date":"2016-03-08T06:55:30","date_gmt":"2016-03-08T14:55:30","guid":{"rendered":"https:\/\/tallogoldleaf.com\/es\/?post_type=product&#038;p=209"},"modified":"2019-10-10T20:01:51","modified_gmt":"2019-10-11T04:01:51","slug":"imitacion-hoja-de-plata","status":"publish","type":"product","link":"https:\/\/tallogoldleaf.com\/es\/catalogo\/imitacion-hoja-de-plata\/","title":{"rendered":"Imitaci\u00f3n Hoja de Plata"},"content":{"rendered":"<div class=\"wpb-content-wrapper\">[vc_row][vc_column][vc_column_text]La imitaci\u00f3n hoja de plata tambi\u00e9n denominada como imitaci\u00f3n Pan de plata , hoja de plata falsa y hoja para platear, est\u00e1 hecha de aluminio para obtener el color de la plata. Y claro, es similar a otro producto aun m\u00e1s popular de \u00e9ste genero que es el <a href=\"https:\/\/es.wikipedia.org\/wiki\/Pan_de_oro\" target=\"_blank\" rel=\"noopener noreferrer\">Pan de Oro<\/a> para dar efectos dorados a las artesan\u00edas, esculturas y ornamentos que tambi\u00e9n tenemos disponible aqu\u00ed como <a href=\"https:\/\/tallogoldleaf.com\/es\/catalogo\/imitacion-hoja-de-oro\/\">Imitaci\u00f3n Hoja de Oro<\/a>.<\/p>\n<h4><span style=\"color: #bb873c; margin-top: 20px;\">Cobertura aproximada de la hoja<\/span><\/h4>\n<p><strong>Medidas:<\/strong> Hojas de 16cm x 16cm &#8211; 6 \u00bc\u201d x 6 \u00bc\u201d<\/p>\n<p>50M-IS-0610 ft\u00b21 m\u00b2<\/p>\n<table class=\"table table-hover\">\n<thead>\n<tr>\n<th>Tipo de Empaque<\/th>\n<th>C\u00f3digo SKU<\/th>\n<th>Pies Cuadrados<\/th>\n<th>Metros Cuadrados<\/th>\n<\/tr>\n<\/thead>\n<tbody>\n<tr>\n<th>500<\/th>\n<th>M-IS-04<\/th>\n<th>105 ft\u00b2<\/th>\n<th>10 m\u00b2<\/th>\n<\/tr>\n<tr>\n<th>1,000<\/th>\n<th>M-IS-03<\/th>\n<th>215 ft\u00b2<\/th>\n<th>20 m\u00b2<\/th>\n<\/tr>\n<tr>\n<th>10,000<\/th>\n<th>M-IS-01<\/th>\n<th>2,150 ft\u00b2<\/th>\n<th>200 m\u00b2<\/th>\n<\/tr>\n<\/tbody>\n<\/table>\n[\/vc_column_text][vc_column_text]\n<h4><span style=\"color: #bb873c; margin-top: 20px;\">La calidad Superior Grado A<\/span><\/h4>\n<table class=\"table table-hover\">\n<thead>\n<tr>\n<th>C\u00f3digo SKU<\/th>\n<th>Cantidad<\/th>\n<\/tr>\n<\/thead>\n<tbody>\n<tr>\n<th>M-IS-06<\/th>\n<th>50<\/th>\n<\/tr>\n<tr>\n<th>M-IS-04<\/th>\n<th>500<\/th>\n<\/tr>\n<tr>\n<th>M-IS-03<\/th>\n<th>1,000<\/th>\n<\/tr>\n<tr>\n<th>M-IS-01<\/th>\n<th>10,000<\/th>\n<\/tr>\n<\/tbody>\n<\/table>\n[\/vc_column_text][vc_column_text]\n<h4><span style=\"color: #bb873c; margin-top: 20px;\">La calidad Superior Grado A<\/span><\/h4>\n<table class=\"table table-hover\">\n<thead>\n<tr>\n<th>C\u00f3digo SKU<\/th>\n<th>Cantidad<\/th>\n<\/tr>\n<\/thead>\n<tbody>\n<tr>\n<th>M-ISE-01<\/th>\n<th>10,000<\/th>\n<\/tr>\n<\/tbody>\n<\/table>\n[\/vc_column_text][vc_column_text]\n<h4><span style=\"color: #bb873c; margin-top: 20px;\">Descripci\u00f3n empaque<\/span><\/h4>\n<ul>\n<li><strong>Paquete de 50 hojas de plata:<\/strong> las hojas est\u00e1n juntas y entrelazadas unas con otras, separadas de los extremos para visualizar y facilitar que se puedan agarrar y est\u00e1n envueltas en papel color blanco y cubiertas con dos cartoncillos dentro de una bolsa de pl\u00e1stico, f\u00e1cil de maniobrar el paquete sin que se da\u00f1e la hoja de plata.<\/li>\n<li><strong>Paquete de 500 hojas de plata:<\/strong> las hojas est\u00e1n juntas y entrelazadas unas con otras, separadas de los extremos para visualizar y facilitar que se puedan agarrar, contiene una separaci\u00f3n de papel por cada 100 hojas y todas est\u00e1n envueltas en papel color blanco.<\/li>\n<li><strong>Paquete de 1,000 hojas:<\/strong> contiene dos paquetes de 500 hojas con la descripci\u00f3n anterior.<\/li>\n<li><strong>Caja con paquete de 10,000 hojas:<\/strong> contiene 20 paquetes de 500 hojas con la descripci\u00f3n anterior, envueltas en dos cartoncillos dentro de una bolsa sellada de papel met\u00e1lico en una caja.<\/li>\n<\/ul>\n[\/vc_column_text][vc_column_text]\n<h4 style=\"text-align: left; font-size: 28px;\"><span style=\"color: #bb873c;\"><strong><span style=\"margin-top: 20px;\">\u00bfC\u00f3mo aplico la hoja de plata?<\/span><\/strong><\/span><\/h4>\n<p>Puede aplicar 7 simples pasos para el plateado de su proyecto, es f\u00e1cil y cualquier persona pude iniciar su primer proyecto de hoja de plata.<\/p>\n<p>Para una informaci\u00f3n detallada de paso a paso, ingresas a nuestra secci\u00f3n en <a href=\"https:\/\/tallogoldleaf.com\/es\/video-instructivo-para-dorar-un-marco-de-pintura\/\">Videos Tutoriales.<\/a>[\/vc_column_text]<div class=\"ult-spacer spacer-69ebab752c6bb\" data-id=\"69ebab752c6bb\" data-height=\"30\" data-height-mobile=\"30\" data-height-tab=\"30\" data-height-tab-portrait=\"\" data-height-mobile-landscape=\"\" style=\"clear:both;display:block;\"><\/div>[\/vc_column][\/vc_row]\n<\/div>","protected":false},"excerpt":{"rendered":"<p><strong>S\u00f3lo manejamos la medida de hoja europea 16cm x 16cm (6 \u00bc\u201d x 6 \u00bc\u201d)<\/strong><\/p>\n<p><span style=\"color: #bb873c;\"><strong>La calidad de la hoja es la Superior Grado A, <\/strong><\/span>es #1 en calidad y precio, excelente espesor y peso en la hoja, color uniforme. Calidad garantizada contra defectos.<\/p>\n<p>Para los que buscan una hoja gruesa sin imperfecciones, ideal para superficies planas, lisas y con figuras que quieran cubrir perfectamente la superficie para obtener trabajos profesionales de alta calidad.<\/p>\n<p><span style=\"color: #bb873c;\"><strong>La calidad Est\u00e1ndar,<\/strong><\/span> tiene el mejor precio insuperable adem\u00e1s de ofrecer una buena calidad en la hoja. Para los que buscan una hoja delgada ideal para terminados antiguos y adem\u00e1s para penetrar en superficies con ornamentos o figuras muy pronunciadas y garigoleadas.<\/p>\n<p>Adem\u00e1s contamos con la l\u00ednea de precios de mayoreo para distribuidores, negocios relacionados y f\u00e1bricas de alto consumo.<\/p>\n<p><em><strong>Enviamos a toda la Rep\u00fablica Mexicana sin excepci\u00f3n y somos especialistas en env\u00edos a toda Amercia Latina y el mundo.<\/strong><\/em><\/p>\n<p><em>Tambi\u00e9n puede contactarnos directamente para solicitar lista de precios y mayores informes al (664) 661 6467 o enviar al correo <strong><a href=\"mailto:buygold@tallogold.com\">buygold@tallogold.com<\/a><\/strong>.<\/em><\/p>\n<p><small><strong>*Cont\u00e1ctanos para enviarle una cotizaci\u00f3n con flete incluido. Env\u00edanos un correo con el n\u00famero de SKU de los productos que desea ordenar en <a href=\"https:\/\/tallogoldleaf.com\/es\/contact\/\">nuestra forma de contacto<\/a>*.<\/strong><\/small><\/p>\n<hr \/>\n","protected":false},"featured_media":146,"comment_status":"closed","ping_status":"closed","template":"","meta":{"_exactmetrics_skip_tracking":false,"_exactmetrics_sitenote_active":false,"_exactmetrics_sitenote_note":"","_exactmetrics_sitenote_category":0},"product_cat":[11],"product_tag":[],"class_list":{"0":"post-209","1":"product","2":"type-product","3":"status-publish","4":"has-post-thumbnail","6":"product_cat-hoja-de-plata-de-imitacion","7":"entry","8":"post-inner","10":"first","11":"instock","12":"shipping-taxable","13":"purchasable","14":"product-type-variable"},"yoast_head":"<!-- This site is optimized with the Yoast SEO plugin v26.9 - https:\/\/yoast.com\/product\/yoast-seo-wordpress\/ -->\n<title>Imitaci\u00f3n Hoja de Plata | Productos Internacionales Tallo<\/title>\n<meta name=\"description\" content=\"Imitaci\u00f3n Hoja de Plata 16x16cm de alta calidad medida europea. Tambi\u00e9n conocida como Imitaci\u00f3n Pan de Plata, compra al mejor precio en menudeo y mayoreo.\" \/>\n<meta name=\"robots\" content=\"index, follow, max-snippet:-1, max-image-preview:large, max-video-preview:-1\" \/>\n<link rel=\"canonical\" href=\"https:\/\/tallogoldleaf.com\/es\/catalogo\/imitacion-hoja-de-plata\/\" \/>\n<meta property=\"og:locale\" content=\"es_MX\" \/>\n<meta property=\"og:type\" content=\"article\" \/>\n<meta property=\"og:title\" content=\"Imitaci\u00f3n Hoja de Plata | Productos Internacionales Tallo\" \/>\n<meta property=\"og:description\" content=\"Imitaci\u00f3n Hoja de Plata 16x16cm de alta calidad medida europea. Tambi\u00e9n conocida como Imitaci\u00f3n Pan de Plata, compra al mejor precio en menudeo y mayoreo.\" \/>\n<meta property=\"og:url\" content=\"https:\/\/tallogoldleaf.com\/es\/catalogo\/imitacion-hoja-de-plata\/\" \/>\n<meta property=\"og:site_name\" content=\"Productos Internacionales Tallo\" \/>\n<meta property=\"article:modified_time\" content=\"2019-10-11T04:01:51+00:00\" \/>\n<meta property=\"og:image\" content=\"https:\/\/tallogoldleaf.com\/es\/wp-content\/uploads\/2016\/01\/home-silver_leaf-box.jpg\" \/>\n\t<meta property=\"og:image:width\" content=\"600\" \/>\n\t<meta property=\"og:image:height\" content=\"463\" \/>\n\t<meta property=\"og:image:type\" content=\"image\/jpeg\" \/>\n<meta name=\"twitter:card\" content=\"summary_large_image\" \/>\n<meta name=\"twitter:label1\" content=\"Tiempo de lectura\" \/>\n\t<meta name=\"twitter:data1\" content=\"2 minutos\" \/>\n<script type=\"application\/ld+json\" class=\"yoast-schema-graph\">{\"@context\":\"https:\/\/schema.org\",\"@graph\":[{\"@type\":\"WebPage\",\"@id\":\"https:\/\/tallogoldleaf.com\/es\/catalogo\/imitacion-hoja-de-plata\/\",\"url\":\"https:\/\/tallogoldleaf.com\/es\/catalogo\/imitacion-hoja-de-plata\/\",\"name\":\"Imitaci\u00f3n Hoja de Plata | Productos Internacionales Tallo\",\"isPartOf\":{\"@id\":\"https:\/\/tallogoldleaf.com\/es\/#website\"},\"primaryImageOfPage\":{\"@id\":\"https:\/\/tallogoldleaf.com\/es\/catalogo\/imitacion-hoja-de-plata\/#primaryimage\"},\"image\":{\"@id\":\"https:\/\/tallogoldleaf.com\/es\/catalogo\/imitacion-hoja-de-plata\/#primaryimage\"},\"thumbnailUrl\":\"https:\/\/tallogoldleaf.com\/es\/wp-content\/uploads\/2016\/01\/home-silver_leaf-box.jpg\",\"datePublished\":\"2016-03-08T14:55:30+00:00\",\"dateModified\":\"2019-10-11T04:01:51+00:00\",\"description\":\"Imitaci\u00f3n Hoja de Plata 16x16cm de alta calidad medida europea. Tambi\u00e9n conocida como Imitaci\u00f3n Pan de Plata, compra al mejor precio en menudeo y mayoreo.\",\"breadcrumb\":{\"@id\":\"https:\/\/tallogoldleaf.com\/es\/catalogo\/imitacion-hoja-de-plata\/#breadcrumb\"},\"inLanguage\":\"es\",\"potentialAction\":[{\"@type\":\"ReadAction\",\"target\":[\"https:\/\/tallogoldleaf.com\/es\/catalogo\/imitacion-hoja-de-plata\/\"]}]},{\"@type\":\"ImageObject\",\"inLanguage\":\"es\",\"@id\":\"https:\/\/tallogoldleaf.com\/es\/catalogo\/imitacion-hoja-de-plata\/#primaryimage\",\"url\":\"https:\/\/tallogoldleaf.com\/es\/wp-content\/uploads\/2016\/01\/home-silver_leaf-box.jpg\",\"contentUrl\":\"https:\/\/tallogoldleaf.com\/es\/wp-content\/uploads\/2016\/01\/home-silver_leaf-box.jpg\",\"width\":600,\"height\":463,\"caption\":\"Imitaci\u00f3n Hoja de Plata\"},{\"@type\":\"BreadcrumbList\",\"@id\":\"https:\/\/tallogoldleaf.com\/es\/catalogo\/imitacion-hoja-de-plata\/#breadcrumb\",\"itemListElement\":[{\"@type\":\"ListItem\",\"position\":1,\"name\":\"Inicio\",\"item\":\"https:\/\/tallogoldleaf.com\/es\/\"},{\"@type\":\"ListItem\",\"position\":2,\"name\":\"Cat\u00e1logo\",\"item\":\"https:\/\/tallogoldleaf.com\/es\/catalogo\/\"},{\"@type\":\"ListItem\",\"position\":3,\"name\":\"Imitaci\u00f3n Hoja de Plata\"}]},{\"@type\":\"WebSite\",\"@id\":\"https:\/\/tallogoldleaf.com\/es\/#website\",\"url\":\"https:\/\/tallogoldleaf.com\/es\/\",\"name\":\"Productos Internacionales Tallo\",\"description\":\"Hojas de imitaci\u00f3n de oro y plata en Estados Unidos\",\"publisher\":{\"@id\":\"https:\/\/tallogoldleaf.com\/es\/#organization\"},\"potentialAction\":[{\"@type\":\"SearchAction\",\"target\":{\"@type\":\"EntryPoint\",\"urlTemplate\":\"https:\/\/tallogoldleaf.com\/es\/?s={search_term_string}\"},\"query-input\":{\"@type\":\"PropertyValueSpecification\",\"valueRequired\":true,\"valueName\":\"search_term_string\"}}],\"inLanguage\":\"es\"},{\"@type\":\"Organization\",\"@id\":\"https:\/\/tallogoldleaf.com\/es\/#organization\",\"name\":\"Productos Internacionales Tallo\",\"url\":\"https:\/\/tallogoldleaf.com\/es\/\",\"logo\":{\"@type\":\"ImageObject\",\"inLanguage\":\"es\",\"@id\":\"https:\/\/tallogoldleaf.com\/es\/#\/schema\/logo\/image\/\",\"url\":\"https:\/\/tallogoldleaf.com\/es\/wp-content\/uploads\/2019\/09\/Logo_Tallo-Para-Web-cuadrado.png\",\"contentUrl\":\"https:\/\/tallogoldleaf.com\/es\/wp-content\/uploads\/2019\/09\/Logo_Tallo-Para-Web-cuadrado.png\",\"width\":307,\"height\":307,\"caption\":\"Productos Internacionales Tallo\"},\"image\":{\"@id\":\"https:\/\/tallogoldleaf.com\/es\/#\/schema\/logo\/image\/\"}}]}<\/script>\n<!-- \/ Yoast SEO plugin. -->","yoast_head_json":{"title":"Imitaci\u00f3n Hoja de Plata | Productos Internacionales Tallo","description":"Imitaci\u00f3n Hoja de Plata 16x16cm de alta calidad medida europea. Tambi\u00e9n conocida como Imitaci\u00f3n Pan de Plata, compra al mejor precio en menudeo y mayoreo.","robots":{"index":"index","follow":"follow","max-snippet":"max-snippet:-1","max-image-preview":"max-image-preview:large","max-video-preview":"max-video-preview:-1"},"canonical":"https:\/\/tallogoldleaf.com\/es\/catalogo\/imitacion-hoja-de-plata\/","og_locale":"es_MX","og_type":"article","og_title":"Imitaci\u00f3n Hoja de Plata | Productos Internacionales Tallo","og_description":"Imitaci\u00f3n Hoja de Plata 16x16cm de alta calidad medida europea. Tambi\u00e9n conocida como Imitaci\u00f3n Pan de Plata, compra al mejor precio en menudeo y mayoreo.","og_url":"https:\/\/tallogoldleaf.com\/es\/catalogo\/imitacion-hoja-de-plata\/","og_site_name":"Productos Internacionales Tallo","article_modified_time":"2019-10-11T04:01:51+00:00","og_image":[{"width":600,"height":463,"url":"https:\/\/tallogoldleaf.com\/es\/wp-content\/uploads\/2016\/01\/home-silver_leaf-box.jpg","type":"image\/jpeg"}],"twitter_card":"summary_large_image","twitter_misc":{"Tiempo de lectura":"2 minutos"},"schema":{"@context":"https:\/\/schema.org","@graph":[{"@type":"WebPage","@id":"https:\/\/tallogoldleaf.com\/es\/catalogo\/imitacion-hoja-de-plata\/","url":"https:\/\/tallogoldleaf.com\/es\/catalogo\/imitacion-hoja-de-plata\/","name":"Imitaci\u00f3n Hoja de Plata | Productos Internacionales Tallo","isPartOf":{"@id":"https:\/\/tallogoldleaf.com\/es\/#website"},"primaryImageOfPage":{"@id":"https:\/\/tallogoldleaf.com\/es\/catalogo\/imitacion-hoja-de-plata\/#primaryimage"},"image":{"@id":"https:\/\/tallogoldleaf.com\/es\/catalogo\/imitacion-hoja-de-plata\/#primaryimage"},"thumbnailUrl":"https:\/\/tallogoldleaf.com\/es\/wp-content\/uploads\/2016\/01\/home-silver_leaf-box.jpg","datePublished":"2016-03-08T14:55:30+00:00","dateModified":"2019-10-11T04:01:51+00:00","description":"Imitaci\u00f3n Hoja de Plata 16x16cm de alta calidad medida europea. Tambi\u00e9n conocida como Imitaci\u00f3n Pan de Plata, compra al mejor precio en menudeo y mayoreo.","breadcrumb":{"@id":"https:\/\/tallogoldleaf.com\/es\/catalogo\/imitacion-hoja-de-plata\/#breadcrumb"},"inLanguage":"es","potentialAction":[{"@type":"ReadAction","target":["https:\/\/tallogoldleaf.com\/es\/catalogo\/imitacion-hoja-de-plata\/"]}]},{"@type":"ImageObject","inLanguage":"es","@id":"https:\/\/tallogoldleaf.com\/es\/catalogo\/imitacion-hoja-de-plata\/#primaryimage","url":"https:\/\/tallogoldleaf.com\/es\/wp-content\/uploads\/2016\/01\/home-silver_leaf-box.jpg","contentUrl":"https:\/\/tallogoldleaf.com\/es\/wp-content\/uploads\/2016\/01\/home-silver_leaf-box.jpg","width":600,"height":463,"caption":"Imitaci\u00f3n Hoja de Plata"},{"@type":"BreadcrumbList","@id":"https:\/\/tallogoldleaf.com\/es\/catalogo\/imitacion-hoja-de-plata\/#breadcrumb","itemListElement":[{"@type":"ListItem","position":1,"name":"Inicio","item":"https:\/\/tallogoldleaf.com\/es\/"},{"@type":"ListItem","position":2,"name":"Cat\u00e1logo","item":"https:\/\/tallogoldleaf.com\/es\/catalogo\/"},{"@type":"ListItem","position":3,"name":"Imitaci\u00f3n Hoja de Plata"}]},{"@type":"WebSite","@id":"https:\/\/tallogoldleaf.com\/es\/#website","url":"https:\/\/tallogoldleaf.com\/es\/","name":"Productos Internacionales Tallo","description":"Hojas de imitaci\u00f3n de oro y plata en Estados Unidos","publisher":{"@id":"https:\/\/tallogoldleaf.com\/es\/#organization"},"potentialAction":[{"@type":"SearchAction","target":{"@type":"EntryPoint","urlTemplate":"https:\/\/tallogoldleaf.com\/es\/?s={search_term_string}"},"query-input":{"@type":"PropertyValueSpecification","valueRequired":true,"valueName":"search_term_string"}}],"inLanguage":"es"},{"@type":"Organization","@id":"https:\/\/tallogoldleaf.com\/es\/#organization","name":"Productos Internacionales Tallo","url":"https:\/\/tallogoldleaf.com\/es\/","logo":{"@type":"ImageObject","inLanguage":"es","@id":"https:\/\/tallogoldleaf.com\/es\/#\/schema\/logo\/image\/","url":"https:\/\/tallogoldleaf.com\/es\/wp-content\/uploads\/2019\/09\/Logo_Tallo-Para-Web-cuadrado.png","contentUrl":"https:\/\/tallogoldleaf.com\/es\/wp-content\/uploads\/2019\/09\/Logo_Tallo-Para-Web-cuadrado.png","width":307,"height":307,"caption":"Productos Internacionales Tallo"},"image":{"@id":"https:\/\/tallogoldleaf.com\/es\/#\/schema\/logo\/image\/"}}]}},"_links":{"self":[{"href":"https:\/\/tallogoldleaf.com\/es\/wp-json\/wp\/v2\/product\/209","targetHints":{"allow":["GET"]}}],"collection":[{"href":"https:\/\/tallogoldleaf.com\/es\/wp-json\/wp\/v2\/product"}],"about":[{"href":"https:\/\/tallogoldleaf.com\/es\/wp-json\/wp\/v2\/types\/product"}],"replies":[{"embeddable":true,"href":"https:\/\/tallogoldleaf.com\/es\/wp-json\/wp\/v2\/comments?post=209"}],"wp:featuredmedia":[{"embeddable":true,"href":"https:\/\/tallogoldleaf.com\/es\/wp-json\/wp\/v2\/media\/146"}],"wp:attachment":[{"href":"https:\/\/tallogoldleaf.com\/es\/wp-json\/wp\/v2\/media?parent=209"}],"wp:term":[{"taxonomy":"product_cat","embeddable":true,"href":"https:\/\/tallogoldleaf.com\/es\/wp-json\/wp\/v2\/product_cat?post=209"},{"taxonomy":"product_tag","embeddable":true,"href":"https:\/\/tallogoldleaf.com\/es\/wp-json\/wp\/v2\/product_tag?post=209"}],"curies":[{"name":"wp","href":"https:\/\/api.w.org\/{rel}","templated":true}]}}