{"id":247,"date":"2017-05-26T18:32:19","date_gmt":"2017-05-26T18:32:19","guid":{"rendered":"https:\/\/tallogoldleaf.com\/es\/?post_type=product&#038;p=247"},"modified":"2019-06-12T15:36:52","modified_gmt":"2019-06-12T23:36:52","slug":"hoja-de-plata-genuina","status":"publish","type":"product","link":"https:\/\/tallogoldleaf.com\/es\/catalogo\/hoja-de-plata-genuina\/","title":{"rendered":"Hoja de Plata Genuina"},"content":{"rendered":"<div class=\"wpb-content-wrapper\">[vc_row][vc_column][vc_column_text]La hoja de plata genuina tambi\u00e9n denominada como Pan de plata, hoja de plata autentica, y hoja de plata real, tambi\u00e9n conocida de manera universal en ingl\u00e9s como genuine silver leaf, real silver leaf.<\/p>\n<h4><span style=\"color: #bb873c; margin-top: 20px;\">Cobertura aproximada de la hoja<\/span><\/h4>\n<p><strong>Hoja de plata genuina 99.99% pura <\/strong><br \/>\n<strong>Medida:<\/strong> hojas 95mm x 95mm &#8211; 3 \u00be\u201d x 3 \u00be\u201d<\/p>\n<table class=\"table table-hover\">\n<thead>\n<tr>\n<th>Tipo de Empaque<\/th>\n<th>Pies Cuadrados<\/th>\n<th>Metros Cuadrados<\/th>\n<\/tr>\n<\/thead>\n<tbody>\n<tr>\n<th scope=\"row\">25<\/th>\n<th>2.15 ft\u00b2<\/th>\n<th>0.20 m\u00b2<\/th>\n<\/tr>\n<tr>\n<th scope=\"row\">500<\/th>\n<th>44 ft\u00b2<\/th>\n<th>4.10 m\u00b2<\/th>\n<\/tr>\n<\/tbody>\n<\/table>\n<h4><span style=\"color: #bb873c;\">Descripci\u00f3n de empaques<\/span><\/h4>\n<p><strong>25 hojas de oro:<\/strong> La hoja de plata real viene en tama\u00f1o de 95mmx95mm cuadrados, cada hoja est\u00e1 separado con papel una de la otra, este tipo de empaque se denomina de manera universal como \u201cloose Leaf\u201d.<\/p>\n<p><strong>500 Hojas de Oro:<\/strong> contiene 20 libros con la descripci\u00f3n anterior, cubiertos en dos cartoncillos y envueltos en papel dentro de bolsa de pl\u00e1stico.[\/vc_column_text]<div class=\"ult-spacer spacer-69ebab3f6fe16\" data-id=\"69ebab3f6fe16\" data-height=\"30\" data-height-mobile=\"30\" data-height-tab=\"30\" data-height-tab-portrait=\"\" data-height-mobile-landscape=\"\" style=\"clear:both;display:block;\"><\/div>[\/vc_column][\/vc_row][vc_row disable_element=&#8221;yes&#8221;][vc_column]<div class=\" ubtn-ctn-center gradient-border_button\"><button type=\"button\" id=\"ubtn-4268\"  class=\"ubtn ult-adjust-bottom-margin ult-responsive ubtn-block ubtn-no-hover-bg  none  ubtn-sep-icon ubtn-sep-icon-bottom-push  ubtn-center gradient-border_button  tooltip-69ebab3f6fe32\"  data-hover=\"#a97b30\" data-border-color=\"#a97b30\" data-bg=\"rgba(239,232,223,0.62)\" data-hover-bg=\"\" data-border-hover=\"\" data-shadow-hover=\"\" data-shadow-click=\"none\" data-shadow=\"\" data-shd-shadow=\"\"  data-ultimate-target='#ubtn-4268'  data-responsive-json-new='{\"font-size\":\"desktop:20px;\",\"line-height\":\"desktop:18px;\"}'  style=\"font-family:&#039;Old Standard TT&#039;;font-weight:normal;border-radius:5px;border-width:3px;border-color:#a97b30;border-style:solid;background: rgba(239,232,223,0.62);color: #333333;\"><span class=\"ubtn-data ubtn-icon\"><i class=\"Defaults-play-circle-o\" style=\"font-size:50px;color:#a97b30;\"><\/i><\/span><span class=\"ubtn-hover\" style=\"background-color:\"><\/span><span class=\"ubtn-data ubtn-text \" >See How To Apply Imitation Silver Leaf On a Surface<\/span><\/button><\/div>[\/vc_column][\/vc_row]\n<\/div>","protected":false},"excerpt":{"rendered":"<p><strong>S\u00f3lo medidas disponibles en\u00a0 9.5cm x 9.5cm(3 \u00be\u201d x 3 \u00be\u201d).<\/strong><\/p>\n<p>Excelente calidad al mejor precio 99.9% de pureza, calidad garantizada.<\/p>\n<p>Conocemos de la importancia que conlleva que la plata real corresponda con la pureza que se ofrece.<\/p>\n<p>Ofrecemos paquetes con 500 hojas y libros con 25 hojas.<\/p>\n<p style=\"text-align: left;\"><em><strong>Enviamos a toda la Rep\u00fablica Mexicana sin excepci\u00f3n y somos especialistas en env\u00edos a toda America Latina y el mundo.<\/strong><\/em><\/p>\n<p><small><strong>*Cont\u00e1ctanos para enviarle una cotizaci\u00f3n con flete incluido. Env\u00edanos un correo con el n\u00famero de SKU de los productos que desea ordenar en <a href=\"https:\/\/tallogoldleaf.com\/es\/contact\/\">nuestra forma de contacto<\/a>*.<\/strong><\/small><\/p>\n<hr \/>\n<p>&nbsp;<\/p>\n","protected":false},"featured_media":361,"comment_status":"closed","ping_status":"closed","template":"","meta":{"_exactmetrics_skip_tracking":false,"_exactmetrics_sitenote_active":false,"_exactmetrics_sitenote_note":"","_exactmetrics_sitenote_category":0},"product_cat":[59,57],"product_tag":[],"class_list":{"0":"post-247","1":"product","2":"type-product","3":"status-publish","4":"has-post-thumbnail","6":"product_cat-hoja-de-plata-genuina","7":"product_cat-hoja-genuina","8":"entry","9":"post-inner","11":"first","12":"instock","13":"shipping-taxable","14":"purchasable","15":"product-type-variable"},"yoast_head":"<!-- This site is optimized with the Yoast SEO plugin v26.9 - https:\/\/yoast.com\/product\/yoast-seo-wordpress\/ -->\n<title>Hoja de Plata Genuina | Productos Internacionales Tallo<\/title>\n<meta name=\"robots\" content=\"index, follow, max-snippet:-1, max-image-preview:large, max-video-preview:-1\" \/>\n<link rel=\"canonical\" href=\"https:\/\/tallogoldleaf.com\/es\/catalogo\/hoja-de-plata-genuina\/\" \/>\n<meta property=\"og:locale\" content=\"es_MX\" \/>\n<meta property=\"og:type\" content=\"article\" \/>\n<meta property=\"og:title\" content=\"Hoja de Plata Genuina | Productos Internacionales Tallo\" \/>\n<meta property=\"og:description\" content=\"S\u00f3lo medidas disponibles en\u00a0 9.5cm x 9.5cm(3 \u00be\u201d x 3 \u00be\u201d).  Excelente calidad al mejor precio 99.9% de pureza, calidad garantizada.  Conocemos de la importancia que conlleva que la plata real corresponda con la pureza que se ofrece.  Ofrecemos paquetes con 500 hojas y libros con 25 hojas. Enviamos a toda la Rep\u00fablica Mexicana sin excepci\u00f3n y somos especialistas en env\u00edos a toda America Latina y el mundo. *Cont\u00e1ctanos para enviarle una cotizaci\u00f3n con flete incluido. Env\u00edanos un correo con el n\u00famero de SKU de los productos que desea ordenar en nuestra forma de contacto*.    &nbsp;\" \/>\n<meta property=\"og:url\" content=\"https:\/\/tallogoldleaf.com\/es\/catalogo\/hoja-de-plata-genuina\/\" \/>\n<meta property=\"og:site_name\" content=\"Productos Internacionales Tallo\" \/>\n<meta property=\"article:modified_time\" content=\"2019-06-12T23:36:52+00:00\" \/>\n<meta property=\"og:image\" content=\"https:\/\/tallogoldleaf.com\/es\/wp-content\/uploads\/2017\/05\/genuine_leaf_silver-ss_01.jpg\" \/>\n\t<meta property=\"og:image:width\" content=\"900\" \/>\n\t<meta property=\"og:image:height\" content=\"900\" \/>\n\t<meta property=\"og:image:type\" content=\"image\/jpeg\" \/>\n<meta name=\"twitter:card\" content=\"summary_large_image\" \/>\n<meta name=\"twitter:label1\" content=\"Tiempo de lectura\" \/>\n\t<meta name=\"twitter:data1\" content=\"1 minuto\" \/>\n<script type=\"application\/ld+json\" class=\"yoast-schema-graph\">{\"@context\":\"https:\/\/schema.org\",\"@graph\":[{\"@type\":\"WebPage\",\"@id\":\"https:\/\/tallogoldleaf.com\/es\/catalogo\/hoja-de-plata-genuina\/\",\"url\":\"https:\/\/tallogoldleaf.com\/es\/catalogo\/hoja-de-plata-genuina\/\",\"name\":\"Hoja de Plata Genuina | Productos Internacionales Tallo\",\"isPartOf\":{\"@id\":\"https:\/\/tallogoldleaf.com\/es\/#website\"},\"primaryImageOfPage\":{\"@id\":\"https:\/\/tallogoldleaf.com\/es\/catalogo\/hoja-de-plata-genuina\/#primaryimage\"},\"image\":{\"@id\":\"https:\/\/tallogoldleaf.com\/es\/catalogo\/hoja-de-plata-genuina\/#primaryimage\"},\"thumbnailUrl\":\"https:\/\/tallogoldleaf.com\/es\/wp-content\/uploads\/2017\/05\/genuine_leaf_silver-ss_01.jpg\",\"datePublished\":\"2017-05-26T18:32:19+00:00\",\"dateModified\":\"2019-06-12T23:36:52+00:00\",\"breadcrumb\":{\"@id\":\"https:\/\/tallogoldleaf.com\/es\/catalogo\/hoja-de-plata-genuina\/#breadcrumb\"},\"inLanguage\":\"es\",\"potentialAction\":[{\"@type\":\"ReadAction\",\"target\":[\"https:\/\/tallogoldleaf.com\/es\/catalogo\/hoja-de-plata-genuina\/\"]}]},{\"@type\":\"ImageObject\",\"inLanguage\":\"es\",\"@id\":\"https:\/\/tallogoldleaf.com\/es\/catalogo\/hoja-de-plata-genuina\/#primaryimage\",\"url\":\"https:\/\/tallogoldleaf.com\/es\/wp-content\/uploads\/2017\/05\/genuine_leaf_silver-ss_01.jpg\",\"contentUrl\":\"https:\/\/tallogoldleaf.com\/es\/wp-content\/uploads\/2017\/05\/genuine_leaf_silver-ss_01.jpg\",\"width\":900,\"height\":900,\"caption\":\"Genuine Silver Leaf\"},{\"@type\":\"BreadcrumbList\",\"@id\":\"https:\/\/tallogoldleaf.com\/es\/catalogo\/hoja-de-plata-genuina\/#breadcrumb\",\"itemListElement\":[{\"@type\":\"ListItem\",\"position\":1,\"name\":\"Inicio\",\"item\":\"https:\/\/tallogoldleaf.com\/es\/\"},{\"@type\":\"ListItem\",\"position\":2,\"name\":\"Cat\u00e1logo\",\"item\":\"https:\/\/tallogoldleaf.com\/es\/catalogo\/\"},{\"@type\":\"ListItem\",\"position\":3,\"name\":\"Hoja de Plata Genuina\"}]},{\"@type\":\"WebSite\",\"@id\":\"https:\/\/tallogoldleaf.com\/es\/#website\",\"url\":\"https:\/\/tallogoldleaf.com\/es\/\",\"name\":\"Productos Internacionales Tallo\",\"description\":\"Hojas de imitaci\u00f3n de oro y plata en Estados Unidos\",\"publisher\":{\"@id\":\"https:\/\/tallogoldleaf.com\/es\/#organization\"},\"potentialAction\":[{\"@type\":\"SearchAction\",\"target\":{\"@type\":\"EntryPoint\",\"urlTemplate\":\"https:\/\/tallogoldleaf.com\/es\/?s={search_term_string}\"},\"query-input\":{\"@type\":\"PropertyValueSpecification\",\"valueRequired\":true,\"valueName\":\"search_term_string\"}}],\"inLanguage\":\"es\"},{\"@type\":\"Organization\",\"@id\":\"https:\/\/tallogoldleaf.com\/es\/#organization\",\"name\":\"Productos Internacionales Tallo\",\"url\":\"https:\/\/tallogoldleaf.com\/es\/\",\"logo\":{\"@type\":\"ImageObject\",\"inLanguage\":\"es\",\"@id\":\"https:\/\/tallogoldleaf.com\/es\/#\/schema\/logo\/image\/\",\"url\":\"https:\/\/tallogoldleaf.com\/es\/wp-content\/uploads\/2019\/09\/Logo_Tallo-Para-Web-cuadrado.png\",\"contentUrl\":\"https:\/\/tallogoldleaf.com\/es\/wp-content\/uploads\/2019\/09\/Logo_Tallo-Para-Web-cuadrado.png\",\"width\":307,\"height\":307,\"caption\":\"Productos Internacionales Tallo\"},\"image\":{\"@id\":\"https:\/\/tallogoldleaf.com\/es\/#\/schema\/logo\/image\/\"}}]}<\/script>\n<!-- \/ Yoast SEO plugin. -->","yoast_head_json":{"title":"Hoja de Plata Genuina | Productos Internacionales Tallo","robots":{"index":"index","follow":"follow","max-snippet":"max-snippet:-1","max-image-preview":"max-image-preview:large","max-video-preview":"max-video-preview:-1"},"canonical":"https:\/\/tallogoldleaf.com\/es\/catalogo\/hoja-de-plata-genuina\/","og_locale":"es_MX","og_type":"article","og_title":"Hoja de Plata Genuina | Productos Internacionales Tallo","og_description":"S\u00f3lo medidas disponibles en\u00a0 9.5cm x 9.5cm(3 \u00be\u201d x 3 \u00be\u201d).  Excelente calidad al mejor precio 99.9% de pureza, calidad garantizada.  Conocemos de la importancia que conlleva que la plata real corresponda con la pureza que se ofrece.  Ofrecemos paquetes con 500 hojas y libros con 25 hojas. Enviamos a toda la Rep\u00fablica Mexicana sin excepci\u00f3n y somos especialistas en env\u00edos a toda America Latina y el mundo. *Cont\u00e1ctanos para enviarle una cotizaci\u00f3n con flete incluido. Env\u00edanos un correo con el n\u00famero de SKU de los productos que desea ordenar en nuestra forma de contacto*.    &nbsp;","og_url":"https:\/\/tallogoldleaf.com\/es\/catalogo\/hoja-de-plata-genuina\/","og_site_name":"Productos Internacionales Tallo","article_modified_time":"2019-06-12T23:36:52+00:00","og_image":[{"width":900,"height":900,"url":"https:\/\/tallogoldleaf.com\/es\/wp-content\/uploads\/2017\/05\/genuine_leaf_silver-ss_01.jpg","type":"image\/jpeg"}],"twitter_card":"summary_large_image","twitter_misc":{"Tiempo de lectura":"1 minuto"},"schema":{"@context":"https:\/\/schema.org","@graph":[{"@type":"WebPage","@id":"https:\/\/tallogoldleaf.com\/es\/catalogo\/hoja-de-plata-genuina\/","url":"https:\/\/tallogoldleaf.com\/es\/catalogo\/hoja-de-plata-genuina\/","name":"Hoja de Plata Genuina | Productos Internacionales Tallo","isPartOf":{"@id":"https:\/\/tallogoldleaf.com\/es\/#website"},"primaryImageOfPage":{"@id":"https:\/\/tallogoldleaf.com\/es\/catalogo\/hoja-de-plata-genuina\/#primaryimage"},"image":{"@id":"https:\/\/tallogoldleaf.com\/es\/catalogo\/hoja-de-plata-genuina\/#primaryimage"},"thumbnailUrl":"https:\/\/tallogoldleaf.com\/es\/wp-content\/uploads\/2017\/05\/genuine_leaf_silver-ss_01.jpg","datePublished":"2017-05-26T18:32:19+00:00","dateModified":"2019-06-12T23:36:52+00:00","breadcrumb":{"@id":"https:\/\/tallogoldleaf.com\/es\/catalogo\/hoja-de-plata-genuina\/#breadcrumb"},"inLanguage":"es","potentialAction":[{"@type":"ReadAction","target":["https:\/\/tallogoldleaf.com\/es\/catalogo\/hoja-de-plata-genuina\/"]}]},{"@type":"ImageObject","inLanguage":"es","@id":"https:\/\/tallogoldleaf.com\/es\/catalogo\/hoja-de-plata-genuina\/#primaryimage","url":"https:\/\/tallogoldleaf.com\/es\/wp-content\/uploads\/2017\/05\/genuine_leaf_silver-ss_01.jpg","contentUrl":"https:\/\/tallogoldleaf.com\/es\/wp-content\/uploads\/2017\/05\/genuine_leaf_silver-ss_01.jpg","width":900,"height":900,"caption":"Genuine Silver Leaf"},{"@type":"BreadcrumbList","@id":"https:\/\/tallogoldleaf.com\/es\/catalogo\/hoja-de-plata-genuina\/#breadcrumb","itemListElement":[{"@type":"ListItem","position":1,"name":"Inicio","item":"https:\/\/tallogoldleaf.com\/es\/"},{"@type":"ListItem","position":2,"name":"Cat\u00e1logo","item":"https:\/\/tallogoldleaf.com\/es\/catalogo\/"},{"@type":"ListItem","position":3,"name":"Hoja de Plata Genuina"}]},{"@type":"WebSite","@id":"https:\/\/tallogoldleaf.com\/es\/#website","url":"https:\/\/tallogoldleaf.com\/es\/","name":"Productos Internacionales Tallo","description":"Hojas de imitaci\u00f3n de oro y plata en Estados Unidos","publisher":{"@id":"https:\/\/tallogoldleaf.com\/es\/#organization"},"potentialAction":[{"@type":"SearchAction","target":{"@type":"EntryPoint","urlTemplate":"https:\/\/tallogoldleaf.com\/es\/?s={search_term_string}"},"query-input":{"@type":"PropertyValueSpecification","valueRequired":true,"valueName":"search_term_string"}}],"inLanguage":"es"},{"@type":"Organization","@id":"https:\/\/tallogoldleaf.com\/es\/#organization","name":"Productos Internacionales Tallo","url":"https:\/\/tallogoldleaf.com\/es\/","logo":{"@type":"ImageObject","inLanguage":"es","@id":"https:\/\/tallogoldleaf.com\/es\/#\/schema\/logo\/image\/","url":"https:\/\/tallogoldleaf.com\/es\/wp-content\/uploads\/2019\/09\/Logo_Tallo-Para-Web-cuadrado.png","contentUrl":"https:\/\/tallogoldleaf.com\/es\/wp-content\/uploads\/2019\/09\/Logo_Tallo-Para-Web-cuadrado.png","width":307,"height":307,"caption":"Productos Internacionales Tallo"},"image":{"@id":"https:\/\/tallogoldleaf.com\/es\/#\/schema\/logo\/image\/"}}]}},"_links":{"self":[{"href":"https:\/\/tallogoldleaf.com\/es\/wp-json\/wp\/v2\/product\/247","targetHints":{"allow":["GET"]}}],"collection":[{"href":"https:\/\/tallogoldleaf.com\/es\/wp-json\/wp\/v2\/product"}],"about":[{"href":"https:\/\/tallogoldleaf.com\/es\/wp-json\/wp\/v2\/types\/product"}],"replies":[{"embeddable":true,"href":"https:\/\/tallogoldleaf.com\/es\/wp-json\/wp\/v2\/comments?post=247"}],"wp:featuredmedia":[{"embeddable":true,"href":"https:\/\/tallogoldleaf.com\/es\/wp-json\/wp\/v2\/media\/361"}],"wp:attachment":[{"href":"https:\/\/tallogoldleaf.com\/es\/wp-json\/wp\/v2\/media?parent=247"}],"wp:term":[{"taxonomy":"product_cat","embeddable":true,"href":"https:\/\/tallogoldleaf.com\/es\/wp-json\/wp\/v2\/product_cat?post=247"},{"taxonomy":"product_tag","embeddable":true,"href":"https:\/\/tallogoldleaf.com\/es\/wp-json\/wp\/v2\/product_tag?post=247"}],"curies":[{"name":"wp","href":"https:\/\/api.w.org\/{rel}","templated":true}]}}