{"id":258,"date":"2017-05-26T19:46:26","date_gmt":"2017-05-26T19:46:26","guid":{"rendered":"https:\/\/tallogoldleaf.com\/es\/?post_type=product&#038;p=258"},"modified":"2019-09-20T15:08:29","modified_gmt":"2019-09-20T23:08:29","slug":"hoja-de-oro-genuino-libro-de-25-hojas","status":"publish","type":"product","link":"https:\/\/tallogoldleaf.com\/es\/catalogo\/hoja-de-oro-genuino-libro-de-25-hojas\/","title":{"rendered":"Hoja de Oro Genuino &#8211; Libro de 25 hojas"},"content":{"rendered":"<div class=\"wpb-content-wrapper\">[vc_row][vc_column][vc_column_text]\n<h4><span style=\"color: #bb873c; margin-top: 20px;\">Cobertura aproximada que cubre el libro<\/span><\/h4>\n<p>Nuestra Hoja de Oro Genuino Libro de 25 Hojas viene con las siguientes especificaciones:<\/p>\n<p><strong>Medida:<\/strong> hojas 85mm x 85mm &#8211; 3 3\/8\u201d x 3 3\/8\u201d &#8211; <strong>23 3\/4 K<\/strong><\/p>\n<table class=\"table table-hover\">\n<thead>\n<tr>\n<th>C\u00f3digo SKU<\/th>\n<th>Tipo de Paquete<\/th>\n<th>Kilates<\/th>\n<th>Peso<\/th>\n<th>Pies Cuadrados<\/th>\n<th>Metros Cuadrados<\/th>\n<\/tr>\n<\/thead>\n<tbody>\n<tr>\n<th scope=\"row\">M-GG-2371025<\/th>\n<th>25<\/th>\n<th>23 <sup>3<\/sup>\u2044<sub>4<\/sub><\/th>\n<th>10gr.<\/th>\n<th>1.9 ft\u00b2<\/th>\n<th>0.17 m\u00b2<\/th>\n<\/tr>\n<tr>\n<th scope=\"row\">M-GG-2371825<\/th>\n<th>25<\/th>\n<th>23 <sup>3<\/sup>\u2044<sub>4<\/sub><\/th>\n<th>8gr.<\/th>\n<th>1.9 ft\u00b2<\/th>\n<th>0.17 m\u00b2<\/th>\n<\/tr>\n<\/tbody>\n<\/table>\n[\/vc_column_text][vc_column_text]\n<h4><span style=\"color: #bb873c; margin-top: 20px;\">Descripci\u00f3n del Producto<\/span><\/h4>\n<p>La hoja de oro genuino, tambi\u00e9n denominada como <a href=\"https:\/\/es.wikipedia.org\/wiki\/Pan_de_oro\" target=\"_blank\" rel=\"noopener noreferrer\">Pan de oro<\/a> genuino, pan de oro real, hoja de oro autentica, y hoja de oro real, tambi\u00e9n conocida de manera universal en ingl\u00e9s como genuine gold leaf, real gold leaf, patente gold leaf, transfer gold leaf, La hoja de oro puro se mide en quilates &#8220;Kt&#8221; hoja de oro puro es de 24 quilates &#8220;kt&#8221;. A medida que se agregan otros metales, la pureza disminuye, dando diferentes colores de oro como el blanco, el lim\u00f3n p\u00e1lido y el verde medio.<br \/>\nEl oro en hoja m\u00e1s puro que manejamos es el de 23 \u00be K, ya que no se puede transformar el oro de 24K en hojas, se requiere de alguna tipo de aleaci\u00f3n para el proceso productivo.<\/p>\n<h4><span style=\"color: #bb873c; margin-top: 20px;\">Descripci\u00f3n del Producto<\/span><\/h4>\n<p><strong>25 hojas de oro:<\/strong> La hoja de oro real viene en tama\u00f1o de 85mmx85mm cuadrados, cada hoja est\u00e1 separado con papel una de la otra, este tipo de empaque se denomina de manera universal como \u201cloose Leaf\u201d. Esta presentaci\u00f3n la manejamos como Hoja de Oro Genuino &#8211; Libro de 25 hojas, sin embargo tambi\u00e9n la tenemos disponible en <a href=\"https:\/\/tallogoldleaf.com\/es\/catalogo\/hoja-de-oro-genuino-paquete-de-500\/\">Paquetes de 500 hojas<\/a>.<\/p>\n<h4><span style=\"color: #bb873c;\">La hoja de oro en rollo se puede proveer sobre pedido<br \/>\n<\/span><\/h4>\n<p>Estos rollos tienen 20.5m de longitud y se pueden cortar desde 6mm hasta 100mm de ancho. Disponible desde 22k hasta 23.75k Se suministra en papel de respaldo de papel. El rollo genuino se utiliza para una impresi\u00f3n r\u00e1pida y precisa en superficies planas y largas.[\/vc_column_text]<div class=\"ult-spacer spacer-69eb98506daad\" data-id=\"69eb98506daad\" data-height=\"30\" data-height-mobile=\"30\" data-height-tab=\"30\" data-height-tab-portrait=\"\" data-height-mobile-landscape=\"\" style=\"clear:both;display:block;\"><\/div>[\/vc_column][\/vc_row][vc_row disable_element=&#8221;yes&#8221;][vc_column]<div class=\" ubtn-ctn-center gradient-border_button\"><button type=\"button\" id=\"ubtn-1771\"  class=\"ubtn ult-adjust-bottom-margin ult-responsive ubtn-block ubtn-no-hover-bg  none  ubtn-sep-icon ubtn-sep-icon-bottom-push  ubtn-center gradient-border_button  tooltip-69eb98506dadf\"  data-hover=\"#a97b30\" data-border-color=\"#a97b30\" data-bg=\"rgba(239,232,223,0.62)\" data-hover-bg=\"\" data-border-hover=\"\" data-shadow-hover=\"\" data-shadow-click=\"none\" data-shadow=\"\" data-shd-shadow=\"\"  data-ultimate-target='#ubtn-1771'  data-responsive-json-new='{\"font-size\":\"desktop:20px;\",\"line-height\":\"desktop:18px;\"}'  style=\"font-family:&#039;Old Standard TT&#039;;font-weight:normal;border-radius:5px;border-width:3px;border-color:#a97b30;border-style:solid;background: rgba(239,232,223,0.62);color: #333333;\"><span class=\"ubtn-data ubtn-icon\"><i class=\"Defaults-play-circle-o\" style=\"font-size:50px;color:#a97b30;\"><\/i><\/span><span class=\"ubtn-hover\" style=\"background-color:\"><\/span><span class=\"ubtn-data ubtn-text \" >See How To Apply Imitation Silver Leaf On a Surface<\/span><\/button><\/div>[\/vc_column][\/vc_row]\n<\/div>","protected":false},"excerpt":{"rendered":"<p>Solo tenemos disponible en <strong><em>85 x 85mm (3 3\/8\u2033 x 3 3\/8\u2033)<\/em><\/strong> en <strong><em>23.75Kt\u00a0 <\/em><\/strong>y dos diferentes pesos: de 8 gr. y de 10 gr.<\/p>\n<p>De manera universal la <em><strong>hoja de oro genuino<\/strong><\/em> se clasifica por:<\/p>\n<ol>\n<li>Kilataje que es la pureza del metal.<\/li>\n<li>El peso ya sea de 8gr. o de 10gr. sobre 500 hojas.<\/li>\n<\/ol>\n<p><strong><span style=\"color: #bb873c;\">Material disponible para entrega en 23.75Kt 8gr &amp; 10gr.<\/span><\/strong><\/p>\n<p><span style=\"color: #911010;\"><small>Si requiere otra clasificaci\u00f3n confirmar el Kilate, el peso y la cantidad de hojas, por correo electr\u00f3nico para enviarle informaci\u00f3n.<\/small><\/span><\/p>\n<p><em><strong>Enviamos a toda la Rep\u00fablica Mexicana sin excepci\u00f3n y somos especialistas en env\u00edos a toda Amercia Latina y el mundo.<\/strong><\/em><\/p>\n<p><small><strong>*Cont\u00e1ctanos directamente para enviarle una cotizaci\u00f3n con flete incluido. Env\u00edanos un correo con el n\u00famero de SKU de los productos que desea ordenar en <a href=\"https:\/\/tallogoldleaf.com\/es\/contact\/\">nuestra forma de contacto<\/a>*.<\/strong><\/small><\/p>\n<hr \/>\n","protected":false},"featured_media":360,"comment_status":"closed","ping_status":"closed","template":"","meta":{"_exactmetrics_skip_tracking":false,"_exactmetrics_sitenote_active":false,"_exactmetrics_sitenote_note":"","_exactmetrics_sitenote_category":0},"product_cat":[58,57],"product_tag":[],"class_list":{"0":"post-258","1":"product","2":"type-product","3":"status-publish","4":"has-post-thumbnail","6":"product_cat-hoja-de-oro-genuino","7":"product_cat-hoja-genuina","8":"entry","9":"post-inner","11":"first","12":"instock","13":"shipping-taxable","14":"purchasable","15":"product-type-variable"},"yoast_head":"<!-- This site is optimized with the Yoast SEO plugin v26.9 - https:\/\/yoast.com\/product\/yoast-seo-wordpress\/ -->\n<title>Hoja de Oro Genuino - Libro de 25 hojas | Productos Internacionales Tallo<\/title>\n<meta name=\"description\" content=\"Venta de Hoja de Oro Genuino - Libro de 25 hojas tambi\u00e9n conocido como Pan de Oro Genuino, en 23.75Kt, 22Kt \/ 85x85mm. Menudeo y mayoreo al mejor precio.\" \/>\n<meta name=\"robots\" content=\"index, follow, max-snippet:-1, max-image-preview:large, max-video-preview:-1\" \/>\n<link rel=\"canonical\" href=\"https:\/\/tallogoldleaf.com\/es\/catalogo\/hoja-de-oro-genuino-libro-de-25-hojas\/\" \/>\n<meta property=\"og:locale\" content=\"es_MX\" \/>\n<meta property=\"og:type\" content=\"article\" \/>\n<meta property=\"og:title\" content=\"Hoja de Oro Genuino - Libro de 25 hojas | Productos Internacionales Tallo\" \/>\n<meta property=\"og:description\" content=\"Venta de Hoja de Oro Genuino - Libro de 25 hojas tambi\u00e9n conocido como Pan de Oro Genuino, en 23.75Kt, 22Kt \/ 85x85mm. Menudeo y mayoreo al mejor precio.\" \/>\n<meta property=\"og:url\" content=\"https:\/\/tallogoldleaf.com\/es\/catalogo\/hoja-de-oro-genuino-libro-de-25-hojas\/\" \/>\n<meta property=\"og:site_name\" content=\"Productos Internacionales Tallo\" \/>\n<meta property=\"article:modified_time\" content=\"2019-09-20T23:08:29+00:00\" \/>\n<meta property=\"og:image\" content=\"https:\/\/tallogoldleaf.com\/es\/wp-content\/uploads\/2017\/05\/genuine_leaf_gold-gg_01.jpg\" \/>\n\t<meta property=\"og:image:width\" content=\"900\" \/>\n\t<meta property=\"og:image:height\" content=\"900\" \/>\n\t<meta property=\"og:image:type\" content=\"image\/jpeg\" \/>\n<meta name=\"twitter:card\" content=\"summary_large_image\" \/>\n<meta name=\"twitter:label1\" content=\"Tiempo de lectura\" \/>\n\t<meta name=\"twitter:data1\" content=\"2 minutos\" \/>\n<script type=\"application\/ld+json\" class=\"yoast-schema-graph\">{\"@context\":\"https:\/\/schema.org\",\"@graph\":[{\"@type\":\"WebPage\",\"@id\":\"https:\/\/tallogoldleaf.com\/es\/catalogo\/hoja-de-oro-genuino-libro-de-25-hojas\/\",\"url\":\"https:\/\/tallogoldleaf.com\/es\/catalogo\/hoja-de-oro-genuino-libro-de-25-hojas\/\",\"name\":\"Hoja de Oro Genuino - Libro de 25 hojas | Productos Internacionales Tallo\",\"isPartOf\":{\"@id\":\"https:\/\/tallogoldleaf.com\/es\/#website\"},\"primaryImageOfPage\":{\"@id\":\"https:\/\/tallogoldleaf.com\/es\/catalogo\/hoja-de-oro-genuino-libro-de-25-hojas\/#primaryimage\"},\"image\":{\"@id\":\"https:\/\/tallogoldleaf.com\/es\/catalogo\/hoja-de-oro-genuino-libro-de-25-hojas\/#primaryimage\"},\"thumbnailUrl\":\"https:\/\/tallogoldleaf.com\/es\/wp-content\/uploads\/2017\/05\/genuine_leaf_gold-gg_01.jpg\",\"datePublished\":\"2017-05-26T19:46:26+00:00\",\"dateModified\":\"2019-09-20T23:08:29+00:00\",\"description\":\"Venta de Hoja de Oro Genuino - Libro de 25 hojas tambi\u00e9n conocido como Pan de Oro Genuino, en 23.75Kt, 22Kt \/ 85x85mm. Menudeo y mayoreo al mejor precio.\",\"breadcrumb\":{\"@id\":\"https:\/\/tallogoldleaf.com\/es\/catalogo\/hoja-de-oro-genuino-libro-de-25-hojas\/#breadcrumb\"},\"inLanguage\":\"es\",\"potentialAction\":[{\"@type\":\"ReadAction\",\"target\":[\"https:\/\/tallogoldleaf.com\/es\/catalogo\/hoja-de-oro-genuino-libro-de-25-hojas\/\"]}]},{\"@type\":\"ImageObject\",\"inLanguage\":\"es\",\"@id\":\"https:\/\/tallogoldleaf.com\/es\/catalogo\/hoja-de-oro-genuino-libro-de-25-hojas\/#primaryimage\",\"url\":\"https:\/\/tallogoldleaf.com\/es\/wp-content\/uploads\/2017\/05\/genuine_leaf_gold-gg_01.jpg\",\"contentUrl\":\"https:\/\/tallogoldleaf.com\/es\/wp-content\/uploads\/2017\/05\/genuine_leaf_gold-gg_01.jpg\",\"width\":900,\"height\":900,\"caption\":\"Hoja de Oro Genuino\"},{\"@type\":\"BreadcrumbList\",\"@id\":\"https:\/\/tallogoldleaf.com\/es\/catalogo\/hoja-de-oro-genuino-libro-de-25-hojas\/#breadcrumb\",\"itemListElement\":[{\"@type\":\"ListItem\",\"position\":1,\"name\":\"Inicio\",\"item\":\"https:\/\/tallogoldleaf.com\/es\/\"},{\"@type\":\"ListItem\",\"position\":2,\"name\":\"Cat\u00e1logo\",\"item\":\"https:\/\/tallogoldleaf.com\/es\/catalogo\/\"},{\"@type\":\"ListItem\",\"position\":3,\"name\":\"Hoja de Oro Genuino &#8211; Libro de 25 hojas\"}]},{\"@type\":\"WebSite\",\"@id\":\"https:\/\/tallogoldleaf.com\/es\/#website\",\"url\":\"https:\/\/tallogoldleaf.com\/es\/\",\"name\":\"Productos Internacionales Tallo\",\"description\":\"Hojas de imitaci\u00f3n de oro y plata en Estados Unidos\",\"publisher\":{\"@id\":\"https:\/\/tallogoldleaf.com\/es\/#organization\"},\"potentialAction\":[{\"@type\":\"SearchAction\",\"target\":{\"@type\":\"EntryPoint\",\"urlTemplate\":\"https:\/\/tallogoldleaf.com\/es\/?s={search_term_string}\"},\"query-input\":{\"@type\":\"PropertyValueSpecification\",\"valueRequired\":true,\"valueName\":\"search_term_string\"}}],\"inLanguage\":\"es\"},{\"@type\":\"Organization\",\"@id\":\"https:\/\/tallogoldleaf.com\/es\/#organization\",\"name\":\"Productos Internacionales Tallo\",\"url\":\"https:\/\/tallogoldleaf.com\/es\/\",\"logo\":{\"@type\":\"ImageObject\",\"inLanguage\":\"es\",\"@id\":\"https:\/\/tallogoldleaf.com\/es\/#\/schema\/logo\/image\/\",\"url\":\"https:\/\/tallogoldleaf.com\/es\/wp-content\/uploads\/2019\/09\/Logo_Tallo-Para-Web-cuadrado.png\",\"contentUrl\":\"https:\/\/tallogoldleaf.com\/es\/wp-content\/uploads\/2019\/09\/Logo_Tallo-Para-Web-cuadrado.png\",\"width\":307,\"height\":307,\"caption\":\"Productos Internacionales Tallo\"},\"image\":{\"@id\":\"https:\/\/tallogoldleaf.com\/es\/#\/schema\/logo\/image\/\"}}]}<\/script>\n<!-- \/ Yoast SEO plugin. -->","yoast_head_json":{"title":"Hoja de Oro Genuino - Libro de 25 hojas | Productos Internacionales Tallo","description":"Venta de Hoja de Oro Genuino - Libro de 25 hojas tambi\u00e9n conocido como Pan de Oro Genuino, en 23.75Kt, 22Kt \/ 85x85mm. Menudeo y mayoreo al mejor precio.","robots":{"index":"index","follow":"follow","max-snippet":"max-snippet:-1","max-image-preview":"max-image-preview:large","max-video-preview":"max-video-preview:-1"},"canonical":"https:\/\/tallogoldleaf.com\/es\/catalogo\/hoja-de-oro-genuino-libro-de-25-hojas\/","og_locale":"es_MX","og_type":"article","og_title":"Hoja de Oro Genuino - Libro de 25 hojas | Productos Internacionales Tallo","og_description":"Venta de Hoja de Oro Genuino - Libro de 25 hojas tambi\u00e9n conocido como Pan de Oro Genuino, en 23.75Kt, 22Kt \/ 85x85mm. Menudeo y mayoreo al mejor precio.","og_url":"https:\/\/tallogoldleaf.com\/es\/catalogo\/hoja-de-oro-genuino-libro-de-25-hojas\/","og_site_name":"Productos Internacionales Tallo","article_modified_time":"2019-09-20T23:08:29+00:00","og_image":[{"width":900,"height":900,"url":"https:\/\/tallogoldleaf.com\/es\/wp-content\/uploads\/2017\/05\/genuine_leaf_gold-gg_01.jpg","type":"image\/jpeg"}],"twitter_card":"summary_large_image","twitter_misc":{"Tiempo de lectura":"2 minutos"},"schema":{"@context":"https:\/\/schema.org","@graph":[{"@type":"WebPage","@id":"https:\/\/tallogoldleaf.com\/es\/catalogo\/hoja-de-oro-genuino-libro-de-25-hojas\/","url":"https:\/\/tallogoldleaf.com\/es\/catalogo\/hoja-de-oro-genuino-libro-de-25-hojas\/","name":"Hoja de Oro Genuino - Libro de 25 hojas | Productos Internacionales Tallo","isPartOf":{"@id":"https:\/\/tallogoldleaf.com\/es\/#website"},"primaryImageOfPage":{"@id":"https:\/\/tallogoldleaf.com\/es\/catalogo\/hoja-de-oro-genuino-libro-de-25-hojas\/#primaryimage"},"image":{"@id":"https:\/\/tallogoldleaf.com\/es\/catalogo\/hoja-de-oro-genuino-libro-de-25-hojas\/#primaryimage"},"thumbnailUrl":"https:\/\/tallogoldleaf.com\/es\/wp-content\/uploads\/2017\/05\/genuine_leaf_gold-gg_01.jpg","datePublished":"2017-05-26T19:46:26+00:00","dateModified":"2019-09-20T23:08:29+00:00","description":"Venta de Hoja de Oro Genuino - Libro de 25 hojas tambi\u00e9n conocido como Pan de Oro Genuino, en 23.75Kt, 22Kt \/ 85x85mm. Menudeo y mayoreo al mejor precio.","breadcrumb":{"@id":"https:\/\/tallogoldleaf.com\/es\/catalogo\/hoja-de-oro-genuino-libro-de-25-hojas\/#breadcrumb"},"inLanguage":"es","potentialAction":[{"@type":"ReadAction","target":["https:\/\/tallogoldleaf.com\/es\/catalogo\/hoja-de-oro-genuino-libro-de-25-hojas\/"]}]},{"@type":"ImageObject","inLanguage":"es","@id":"https:\/\/tallogoldleaf.com\/es\/catalogo\/hoja-de-oro-genuino-libro-de-25-hojas\/#primaryimage","url":"https:\/\/tallogoldleaf.com\/es\/wp-content\/uploads\/2017\/05\/genuine_leaf_gold-gg_01.jpg","contentUrl":"https:\/\/tallogoldleaf.com\/es\/wp-content\/uploads\/2017\/05\/genuine_leaf_gold-gg_01.jpg","width":900,"height":900,"caption":"Hoja de Oro Genuino"},{"@type":"BreadcrumbList","@id":"https:\/\/tallogoldleaf.com\/es\/catalogo\/hoja-de-oro-genuino-libro-de-25-hojas\/#breadcrumb","itemListElement":[{"@type":"ListItem","position":1,"name":"Inicio","item":"https:\/\/tallogoldleaf.com\/es\/"},{"@type":"ListItem","position":2,"name":"Cat\u00e1logo","item":"https:\/\/tallogoldleaf.com\/es\/catalogo\/"},{"@type":"ListItem","position":3,"name":"Hoja de Oro Genuino &#8211; Libro de 25 hojas"}]},{"@type":"WebSite","@id":"https:\/\/tallogoldleaf.com\/es\/#website","url":"https:\/\/tallogoldleaf.com\/es\/","name":"Productos Internacionales Tallo","description":"Hojas de imitaci\u00f3n de oro y plata en Estados Unidos","publisher":{"@id":"https:\/\/tallogoldleaf.com\/es\/#organization"},"potentialAction":[{"@type":"SearchAction","target":{"@type":"EntryPoint","urlTemplate":"https:\/\/tallogoldleaf.com\/es\/?s={search_term_string}"},"query-input":{"@type":"PropertyValueSpecification","valueRequired":true,"valueName":"search_term_string"}}],"inLanguage":"es"},{"@type":"Organization","@id":"https:\/\/tallogoldleaf.com\/es\/#organization","name":"Productos Internacionales Tallo","url":"https:\/\/tallogoldleaf.com\/es\/","logo":{"@type":"ImageObject","inLanguage":"es","@id":"https:\/\/tallogoldleaf.com\/es\/#\/schema\/logo\/image\/","url":"https:\/\/tallogoldleaf.com\/es\/wp-content\/uploads\/2019\/09\/Logo_Tallo-Para-Web-cuadrado.png","contentUrl":"https:\/\/tallogoldleaf.com\/es\/wp-content\/uploads\/2019\/09\/Logo_Tallo-Para-Web-cuadrado.png","width":307,"height":307,"caption":"Productos Internacionales Tallo"},"image":{"@id":"https:\/\/tallogoldleaf.com\/es\/#\/schema\/logo\/image\/"}}]}},"_links":{"self":[{"href":"https:\/\/tallogoldleaf.com\/es\/wp-json\/wp\/v2\/product\/258","targetHints":{"allow":["GET"]}}],"collection":[{"href":"https:\/\/tallogoldleaf.com\/es\/wp-json\/wp\/v2\/product"}],"about":[{"href":"https:\/\/tallogoldleaf.com\/es\/wp-json\/wp\/v2\/types\/product"}],"replies":[{"embeddable":true,"href":"https:\/\/tallogoldleaf.com\/es\/wp-json\/wp\/v2\/comments?post=258"}],"wp:featuredmedia":[{"embeddable":true,"href":"https:\/\/tallogoldleaf.com\/es\/wp-json\/wp\/v2\/media\/360"}],"wp:attachment":[{"href":"https:\/\/tallogoldleaf.com\/es\/wp-json\/wp\/v2\/media?parent=258"}],"wp:term":[{"taxonomy":"product_cat","embeddable":true,"href":"https:\/\/tallogoldleaf.com\/es\/wp-json\/wp\/v2\/product_cat?post=258"},{"taxonomy":"product_tag","embeddable":true,"href":"https:\/\/tallogoldleaf.com\/es\/wp-json\/wp\/v2\/product_tag?post=258"}],"curies":[{"name":"wp","href":"https:\/\/api.w.org\/{rel}","templated":true}]}}