{"id":375,"date":"2017-11-27T20:28:07","date_gmt":"2017-11-27T20:28:07","guid":{"rendered":"https:\/\/tallogoldleaf.com\/es\/?post_type=product&#038;p=375"},"modified":"2019-09-20T13:48:56","modified_gmt":"2019-09-20T21:48:56","slug":"imitacion-hoja-de-oro","status":"publish","type":"product","link":"https:\/\/tallogoldleaf.com\/es\/catalogo\/imitacion-hoja-de-oro\/","title":{"rendered":"Imitaci\u00f3n Hoja de Oro"},"content":{"rendered":"<div class=\"wpb-content-wrapper\">[vc_row][vc_column][vc_column_text]La Imitaci\u00f3n Hoja de Oro tambi\u00e9n denominada como imitaci\u00f3n <a href=\"https:\/\/es.wikipedia.org\/wiki\/Pan_de_oro\" target=\"_blank\" rel=\"noopener noreferrer\">Pan de oro<\/a>, hoja de oro falsa y hoja para dorar, est\u00e1 hecha de Lat\u00f3n y la aleaci\u00f3n para obtener el color #2.5 es 85% cobre y 15 zinc.<\/p>\n<h4><span style=\"color: #bb873c; margin-top: 20px;\">Cobertura aproximada de la hoja<\/span><\/h4>\n<p><strong>Medida:<\/strong> Hojas de 16cm x 16cm &#8211; 6 \u00bc\u201d x 6 \u00bc\u201d<\/p>\n<div class=\"table-responsive\">\n<table class=\"table table-hover\">\n<thead>\n<tr>\n<th>Tipo de Empaque<\/th>\n<th>C\u00f3digo SKU<\/th>\n<th>Pies Cuadrados<\/th>\n<th>Metros Cuadrados<\/th>\n<\/tr>\n<\/thead>\n<tbody>\n<tr>\n<th scope=\"row\">50<\/th>\n<th>M-IG-06<\/th>\n<th>10 ft\u00b2<\/th>\n<th>1 m\u00b2<\/th>\n<\/tr>\n<tr>\n<th>500<\/th>\n<th>M-IG-04<\/th>\n<th>105 ft\u00b2<\/th>\n<th>10 m\u00b2<\/th>\n<\/tr>\n<tr>\n<th>1,000<\/th>\n<th>M-IG-03<\/th>\n<th>215 ft\u00b2<\/th>\n<th>20 m\u00b2<\/th>\n<\/tr>\n<tr>\n<th>10,000<\/th>\n<th>M-IG-01<\/th>\n<th>2,150 ft\u00b2<\/th>\n<th>200 m\u00b2<\/th>\n<\/tr>\n<\/tbody>\n<\/table>\n<\/div>\n[\/vc_column_text][vc_column_text]\n<h4><span style=\"color: #bb873c; margin-top: 20px;\">Calidad Superior Grado A<\/span><\/h4>\n<div class=\"table-responsive\">\n<table class=\"table table-hover\">\n<thead>\n<tr>\n<th>C\u00f3digo SKU<\/th>\n<th>Cantidad<\/th>\n<\/tr>\n<\/thead>\n<tbody>\n<tr>\n<th scope=\"row\">M-IG-06<\/th>\n<th>50<\/th>\n<\/tr>\n<tr>\n<th scope=\"row\">M-IG-04<\/th>\n<th>500<\/th>\n<\/tr>\n<tr>\n<th>M-IG-03<\/th>\n<th>1,000<\/th>\n<\/tr>\n<tr>\n<th>M-IG-01<\/th>\n<th>10,000<\/th>\n<\/tr>\n<\/tbody>\n<\/table>\n<\/div>\n[\/vc_column_text][vc_column_text]\n<h4><span style=\"color: #bb873c; margin-top: 20px;\">Calidad Est\u00e1ndar<\/span><\/h4>\n<div class=\"table-responsive\">\n<table class=\"table table-hover\">\n<thead>\n<tr>\n<th>C\u00f3digo SKU<\/th>\n<th>Cantidad<\/th>\n<\/tr>\n<\/thead>\n<tbody>\n<tr>\n<th scope=\"row\">M-IG-01<\/th>\n<th>10,000<\/th>\n<\/tr>\n<\/tbody>\n<\/table>\n<\/div>\n[\/vc_column_text][vc_column_text]\n<h4><span style=\"color: #bb873c;\">Descripci\u00f3n de empaque<\/span><\/h4>\n<ul>\n<li><strong>Paquete de 25 hojas:<\/strong> Las hojas est\u00e1n juntas y entrelazadas unas con otras, separadas de los extremos para visualizar y facilitar que se puedan agarrar y est\u00e1n envueltas en papel color durazno y cubiertas con dos cartoncillos dentro de una bolsa de pl\u00e1stico, f\u00e1cil de maniobrar el paquete sin que se da\u00f1e la hoja de oro.<\/li>\n<li><strong>Paquete de 50 hojas:<\/strong> Las hojas est\u00e1n juntas y entrelazadas unas con otras, separadas de los extremos para visualizar y facilitar que se puedan agarrar y est\u00e1n envueltas en papel color durazno y cubiertas con dos cartoncillos dentro de una bolsa de pl\u00e1stico, f\u00e1cil de maniobrar el paquete sin que se da\u00f1e la hoja de oro.<\/li>\n<li><strong>Paquete de 500 hojas:<\/strong> Las hojas est\u00e1n juntas y entrelazadas unas con otras, separadas de los extremos para visualizar y facilitar que se puedan agarrar, contiene una separaci\u00f3n de papel por cada 100 hojas y todas est\u00e1n envueltas en papel color durazno.<\/li>\n<li><strong>Paquete de 1,000 hojas:<\/strong> contiene dos paquetes de 500 hojas con la descripci\u00f3n anterior.<\/li>\n<li><strong>Caja de 10,000 hojas:<\/strong> contiene 20 paquetes de 500 hojas con la descripci\u00f3n anterior, envueltas en dos cartoncillos dentro de una bolsa sellada de papel met\u00e1lico en una caja.<\/li>\n<\/ul>\n[\/vc_column_text][vc_column_text]\n<h4 style=\"text-align: left; font-size: 28px;\"><span style=\"color: #bb873c;\"><strong><span style=\"margin-top: 20px;\">\u00bfC\u00f3mo aplico la hoja de\u00a0 oro?<\/span><\/strong><\/span><\/h4>\n<p>En \u00e9ste sitio web puede consultar y aplicar los <a href=\"https:\/\/tallogoldleaf.com\/es\/dore-en-siete-simples-pasos\/\">7 Simples Pasos para dorar<\/a> su proyecto, es f\u00e1cil y cualquier persona pude iniciar su primer proyecto con Imitaci\u00f3n Hoja de Oro.<\/p>\n<p>Para una informaci\u00f3n detallada de paso a paso, ingresas a nuestra secci\u00f3n en <a href=\"https:\/\/tallogoldleaf.com\/es\/video-instructivo-para-dorar-un-marco-de-pintura\/\">Videos Tutoriales.<\/a>[\/vc_column_text][\/vc_column][\/vc_row][vc_row][vc_column]<div class=\"ult-spacer spacer-69ebab8682c42\" data-id=\"69ebab8682c42\" data-height=\"30\" data-height-mobile=\"30\" data-height-tab=\"30\" data-height-tab-portrait=\"\" data-height-mobile-landscape=\"\" style=\"clear:both;display:block;\"><\/div>[\/vc_column][\/vc_row]\n<\/div>","protected":false},"excerpt":{"rendered":"<p><strong>S\u00f3lo manejamos la medida de hoja europea 16cm x 16cm (6 \u00bc\u201d x 6 \u00bc\u201d) &amp; color #2.5<\/strong><\/p>\n<p><span style=\"color: #bb873c;\"><strong>La calidad de la hoja es la Superior Grado A, <\/strong><\/span>es #1 en calidad y precio, excelente espesor y peso en la hoja, color uniforme. Calidad garantizada contra defectos.<\/p>\n<p>Para los que buscan una hoja gruesa sin imperfecciones, ideal para superficies planas, lisas y con figuras que quieran cubrir perfectamente la superficie para obtener trabajos profesionales de alta calidad.<\/p>\n<p>El color # 2.5 es el m\u00e1s popular y el m\u00e1s parecido al tono del oro genuino.<\/p>\n<p><span style=\"color: #bb873c;\"><strong>La calidad Est\u00e1ndar,<\/strong><\/span> tiene el mejor precio insuperable adem\u00e1s de ofrecer una buena calidad en la hoja. Para los que buscan una hoja delgada ideal para terminados antiguos y adem\u00e1s para penetrar en superficies con ornamentos o figuras muy pronunciadas y garigoleadas.<\/p>\n<p><em><strong>Enviamos a toda la Rep\u00fablica Mexicana sin excepci\u00f3n y somos especialistas en env\u00edos a toda Amercia Latina y el mundo.<\/strong><\/em><\/p>\n<p><em>Tambi\u00e9n puede contactarnos directamente para solicitar lista de precios y mayores informes al\u00a0 (664) 661 6467\u00a0 o enviar al correo <strong><a href=\"mailto:buygold@tallogold.com\">buygold@tallogold.com<\/a><\/strong>.<\/em><\/p>\n<p><small><strong>*Cont\u00e1ctanos para enviarle una cotizaci\u00f3n con flete incluido. Env\u00edanos un correo con el n\u00famero de SKU de los productos que desea ordenar en <a href=\"https:\/\/tallogoldleaf.com\/es\/contact\/\">nuestra forma de contacto<\/a>*.<\/strong><\/small><\/p>\n<hr \/>\n","protected":false},"featured_media":382,"comment_status":"closed","ping_status":"closed","template":"","meta":{"_exactmetrics_skip_tracking":false,"_exactmetrics_sitenote_active":false,"_exactmetrics_sitenote_note":"","_exactmetrics_sitenote_category":0},"product_cat":[10,54],"product_tag":[],"class_list":{"0":"post-375","1":"product","2":"type-product","3":"status-publish","4":"has-post-thumbnail","6":"product_cat-hoja-de-oro-de-imitacion","7":"product_cat-imitacion-oro-plata","8":"entry","9":"post-inner","11":"first","12":"instock","13":"shipping-taxable","14":"purchasable","15":"product-type-variable"},"yoast_head":"<!-- This site is optimized with the Yoast SEO plugin v26.9 - https:\/\/yoast.com\/product\/yoast-seo-wordpress\/ -->\n<title>Imitaci\u00f3n Hoja de Oro | Productos Internacionales Tallo<\/title>\n<meta name=\"description\" content=\"Imitaci\u00f3n Hoja de Oro 16x16cm de alta calidad medida europea. El mejor precio en menudeo y mayoreo, conocido tambi\u00e9n como Imitaci\u00f3n Pan de Oro.\" \/>\n<meta name=\"robots\" content=\"index, follow, max-snippet:-1, max-image-preview:large, max-video-preview:-1\" \/>\n<link rel=\"canonical\" href=\"https:\/\/tallogoldleaf.com\/es\/catalogo\/imitacion-hoja-de-oro\/\" \/>\n<meta property=\"og:locale\" content=\"es_MX\" \/>\n<meta property=\"og:type\" content=\"article\" \/>\n<meta property=\"og:title\" content=\"Imitaci\u00f3n Hoja de Oro | Productos Internacionales Tallo\" \/>\n<meta property=\"og:description\" content=\"Imitaci\u00f3n Hoja de Oro 16x16cm de alta calidad medida europea. El mejor precio en menudeo y mayoreo, conocido tambi\u00e9n como Imitaci\u00f3n Pan de Oro.\" \/>\n<meta property=\"og:url\" content=\"https:\/\/tallogoldleaf.com\/es\/catalogo\/imitacion-hoja-de-oro\/\" \/>\n<meta property=\"og:site_name\" content=\"Productos Internacionales Tallo\" \/>\n<meta property=\"article:modified_time\" content=\"2019-09-20T21:48:56+00:00\" \/>\n<meta property=\"og:image\" content=\"https:\/\/tallogoldleaf.com\/es\/wp-content\/uploads\/2017\/11\/imitation_leaf_gold-ig_2.jpg\" \/>\n\t<meta property=\"og:image:width\" content=\"900\" \/>\n\t<meta property=\"og:image:height\" content=\"900\" \/>\n\t<meta property=\"og:image:type\" content=\"image\/jpeg\" \/>\n<meta name=\"twitter:card\" content=\"summary_large_image\" \/>\n<meta name=\"twitter:label1\" content=\"Tiempo de lectura\" \/>\n\t<meta name=\"twitter:data1\" content=\"2 minutos\" \/>\n<script type=\"application\/ld+json\" class=\"yoast-schema-graph\">{\"@context\":\"https:\/\/schema.org\",\"@graph\":[{\"@type\":\"WebPage\",\"@id\":\"https:\/\/tallogoldleaf.com\/es\/catalogo\/imitacion-hoja-de-oro\/\",\"url\":\"https:\/\/tallogoldleaf.com\/es\/catalogo\/imitacion-hoja-de-oro\/\",\"name\":\"Imitaci\u00f3n Hoja de Oro | Productos Internacionales Tallo\",\"isPartOf\":{\"@id\":\"https:\/\/tallogoldleaf.com\/es\/#website\"},\"primaryImageOfPage\":{\"@id\":\"https:\/\/tallogoldleaf.com\/es\/catalogo\/imitacion-hoja-de-oro\/#primaryimage\"},\"image\":{\"@id\":\"https:\/\/tallogoldleaf.com\/es\/catalogo\/imitacion-hoja-de-oro\/#primaryimage\"},\"thumbnailUrl\":\"https:\/\/tallogoldleaf.com\/es\/wp-content\/uploads\/2017\/11\/imitation_leaf_gold-ig_2.jpg\",\"datePublished\":\"2017-11-27T20:28:07+00:00\",\"dateModified\":\"2019-09-20T21:48:56+00:00\",\"description\":\"Imitaci\u00f3n Hoja de Oro 16x16cm de alta calidad medida europea. El mejor precio en menudeo y mayoreo, conocido tambi\u00e9n como Imitaci\u00f3n Pan de Oro.\",\"breadcrumb\":{\"@id\":\"https:\/\/tallogoldleaf.com\/es\/catalogo\/imitacion-hoja-de-oro\/#breadcrumb\"},\"inLanguage\":\"es\",\"potentialAction\":[{\"@type\":\"ReadAction\",\"target\":[\"https:\/\/tallogoldleaf.com\/es\/catalogo\/imitacion-hoja-de-oro\/\"]}]},{\"@type\":\"ImageObject\",\"inLanguage\":\"es\",\"@id\":\"https:\/\/tallogoldleaf.com\/es\/catalogo\/imitacion-hoja-de-oro\/#primaryimage\",\"url\":\"https:\/\/tallogoldleaf.com\/es\/wp-content\/uploads\/2017\/11\/imitation_leaf_gold-ig_2.jpg\",\"contentUrl\":\"https:\/\/tallogoldleaf.com\/es\/wp-content\/uploads\/2017\/11\/imitation_leaf_gold-ig_2.jpg\",\"width\":900,\"height\":900,\"caption\":\"Imitaci\u00f3n Hoja de Oro\"},{\"@type\":\"BreadcrumbList\",\"@id\":\"https:\/\/tallogoldleaf.com\/es\/catalogo\/imitacion-hoja-de-oro\/#breadcrumb\",\"itemListElement\":[{\"@type\":\"ListItem\",\"position\":1,\"name\":\"Inicio\",\"item\":\"https:\/\/tallogoldleaf.com\/es\/\"},{\"@type\":\"ListItem\",\"position\":2,\"name\":\"Cat\u00e1logo\",\"item\":\"https:\/\/tallogoldleaf.com\/es\/catalogo\/\"},{\"@type\":\"ListItem\",\"position\":3,\"name\":\"Imitaci\u00f3n Hoja de Oro\"}]},{\"@type\":\"WebSite\",\"@id\":\"https:\/\/tallogoldleaf.com\/es\/#website\",\"url\":\"https:\/\/tallogoldleaf.com\/es\/\",\"name\":\"Productos Internacionales Tallo\",\"description\":\"Hojas de imitaci\u00f3n de oro y plata en Estados Unidos\",\"publisher\":{\"@id\":\"https:\/\/tallogoldleaf.com\/es\/#organization\"},\"potentialAction\":[{\"@type\":\"SearchAction\",\"target\":{\"@type\":\"EntryPoint\",\"urlTemplate\":\"https:\/\/tallogoldleaf.com\/es\/?s={search_term_string}\"},\"query-input\":{\"@type\":\"PropertyValueSpecification\",\"valueRequired\":true,\"valueName\":\"search_term_string\"}}],\"inLanguage\":\"es\"},{\"@type\":\"Organization\",\"@id\":\"https:\/\/tallogoldleaf.com\/es\/#organization\",\"name\":\"Productos Internacionales Tallo\",\"url\":\"https:\/\/tallogoldleaf.com\/es\/\",\"logo\":{\"@type\":\"ImageObject\",\"inLanguage\":\"es\",\"@id\":\"https:\/\/tallogoldleaf.com\/es\/#\/schema\/logo\/image\/\",\"url\":\"https:\/\/tallogoldleaf.com\/es\/wp-content\/uploads\/2019\/09\/Logo_Tallo-Para-Web-cuadrado.png\",\"contentUrl\":\"https:\/\/tallogoldleaf.com\/es\/wp-content\/uploads\/2019\/09\/Logo_Tallo-Para-Web-cuadrado.png\",\"width\":307,\"height\":307,\"caption\":\"Productos Internacionales Tallo\"},\"image\":{\"@id\":\"https:\/\/tallogoldleaf.com\/es\/#\/schema\/logo\/image\/\"}}]}<\/script>\n<!-- \/ Yoast SEO plugin. -->","yoast_head_json":{"title":"Imitaci\u00f3n Hoja de Oro | Productos Internacionales Tallo","description":"Imitaci\u00f3n Hoja de Oro 16x16cm de alta calidad medida europea. El mejor precio en menudeo y mayoreo, conocido tambi\u00e9n como Imitaci\u00f3n Pan de Oro.","robots":{"index":"index","follow":"follow","max-snippet":"max-snippet:-1","max-image-preview":"max-image-preview:large","max-video-preview":"max-video-preview:-1"},"canonical":"https:\/\/tallogoldleaf.com\/es\/catalogo\/imitacion-hoja-de-oro\/","og_locale":"es_MX","og_type":"article","og_title":"Imitaci\u00f3n Hoja de Oro | Productos Internacionales Tallo","og_description":"Imitaci\u00f3n Hoja de Oro 16x16cm de alta calidad medida europea. El mejor precio en menudeo y mayoreo, conocido tambi\u00e9n como Imitaci\u00f3n Pan de Oro.","og_url":"https:\/\/tallogoldleaf.com\/es\/catalogo\/imitacion-hoja-de-oro\/","og_site_name":"Productos Internacionales Tallo","article_modified_time":"2019-09-20T21:48:56+00:00","og_image":[{"width":900,"height":900,"url":"https:\/\/tallogoldleaf.com\/es\/wp-content\/uploads\/2017\/11\/imitation_leaf_gold-ig_2.jpg","type":"image\/jpeg"}],"twitter_card":"summary_large_image","twitter_misc":{"Tiempo de lectura":"2 minutos"},"schema":{"@context":"https:\/\/schema.org","@graph":[{"@type":"WebPage","@id":"https:\/\/tallogoldleaf.com\/es\/catalogo\/imitacion-hoja-de-oro\/","url":"https:\/\/tallogoldleaf.com\/es\/catalogo\/imitacion-hoja-de-oro\/","name":"Imitaci\u00f3n Hoja de Oro | Productos Internacionales Tallo","isPartOf":{"@id":"https:\/\/tallogoldleaf.com\/es\/#website"},"primaryImageOfPage":{"@id":"https:\/\/tallogoldleaf.com\/es\/catalogo\/imitacion-hoja-de-oro\/#primaryimage"},"image":{"@id":"https:\/\/tallogoldleaf.com\/es\/catalogo\/imitacion-hoja-de-oro\/#primaryimage"},"thumbnailUrl":"https:\/\/tallogoldleaf.com\/es\/wp-content\/uploads\/2017\/11\/imitation_leaf_gold-ig_2.jpg","datePublished":"2017-11-27T20:28:07+00:00","dateModified":"2019-09-20T21:48:56+00:00","description":"Imitaci\u00f3n Hoja de Oro 16x16cm de alta calidad medida europea. El mejor precio en menudeo y mayoreo, conocido tambi\u00e9n como Imitaci\u00f3n Pan de Oro.","breadcrumb":{"@id":"https:\/\/tallogoldleaf.com\/es\/catalogo\/imitacion-hoja-de-oro\/#breadcrumb"},"inLanguage":"es","potentialAction":[{"@type":"ReadAction","target":["https:\/\/tallogoldleaf.com\/es\/catalogo\/imitacion-hoja-de-oro\/"]}]},{"@type":"ImageObject","inLanguage":"es","@id":"https:\/\/tallogoldleaf.com\/es\/catalogo\/imitacion-hoja-de-oro\/#primaryimage","url":"https:\/\/tallogoldleaf.com\/es\/wp-content\/uploads\/2017\/11\/imitation_leaf_gold-ig_2.jpg","contentUrl":"https:\/\/tallogoldleaf.com\/es\/wp-content\/uploads\/2017\/11\/imitation_leaf_gold-ig_2.jpg","width":900,"height":900,"caption":"Imitaci\u00f3n Hoja de Oro"},{"@type":"BreadcrumbList","@id":"https:\/\/tallogoldleaf.com\/es\/catalogo\/imitacion-hoja-de-oro\/#breadcrumb","itemListElement":[{"@type":"ListItem","position":1,"name":"Inicio","item":"https:\/\/tallogoldleaf.com\/es\/"},{"@type":"ListItem","position":2,"name":"Cat\u00e1logo","item":"https:\/\/tallogoldleaf.com\/es\/catalogo\/"},{"@type":"ListItem","position":3,"name":"Imitaci\u00f3n Hoja de Oro"}]},{"@type":"WebSite","@id":"https:\/\/tallogoldleaf.com\/es\/#website","url":"https:\/\/tallogoldleaf.com\/es\/","name":"Productos Internacionales Tallo","description":"Hojas de imitaci\u00f3n de oro y plata en Estados Unidos","publisher":{"@id":"https:\/\/tallogoldleaf.com\/es\/#organization"},"potentialAction":[{"@type":"SearchAction","target":{"@type":"EntryPoint","urlTemplate":"https:\/\/tallogoldleaf.com\/es\/?s={search_term_string}"},"query-input":{"@type":"PropertyValueSpecification","valueRequired":true,"valueName":"search_term_string"}}],"inLanguage":"es"},{"@type":"Organization","@id":"https:\/\/tallogoldleaf.com\/es\/#organization","name":"Productos Internacionales Tallo","url":"https:\/\/tallogoldleaf.com\/es\/","logo":{"@type":"ImageObject","inLanguage":"es","@id":"https:\/\/tallogoldleaf.com\/es\/#\/schema\/logo\/image\/","url":"https:\/\/tallogoldleaf.com\/es\/wp-content\/uploads\/2019\/09\/Logo_Tallo-Para-Web-cuadrado.png","contentUrl":"https:\/\/tallogoldleaf.com\/es\/wp-content\/uploads\/2019\/09\/Logo_Tallo-Para-Web-cuadrado.png","width":307,"height":307,"caption":"Productos Internacionales Tallo"},"image":{"@id":"https:\/\/tallogoldleaf.com\/es\/#\/schema\/logo\/image\/"}}]}},"_links":{"self":[{"href":"https:\/\/tallogoldleaf.com\/es\/wp-json\/wp\/v2\/product\/375","targetHints":{"allow":["GET"]}}],"collection":[{"href":"https:\/\/tallogoldleaf.com\/es\/wp-json\/wp\/v2\/product"}],"about":[{"href":"https:\/\/tallogoldleaf.com\/es\/wp-json\/wp\/v2\/types\/product"}],"replies":[{"embeddable":true,"href":"https:\/\/tallogoldleaf.com\/es\/wp-json\/wp\/v2\/comments?post=375"}],"wp:featuredmedia":[{"embeddable":true,"href":"https:\/\/tallogoldleaf.com\/es\/wp-json\/wp\/v2\/media\/382"}],"wp:attachment":[{"href":"https:\/\/tallogoldleaf.com\/es\/wp-json\/wp\/v2\/media?parent=375"}],"wp:term":[{"taxonomy":"product_cat","embeddable":true,"href":"https:\/\/tallogoldleaf.com\/es\/wp-json\/wp\/v2\/product_cat?post=375"},{"taxonomy":"product_tag","embeddable":true,"href":"https:\/\/tallogoldleaf.com\/es\/wp-json\/wp\/v2\/product_tag?post=375"}],"curies":[{"name":"wp","href":"https:\/\/api.w.org\/{rel}","templated":true}]}}