{"id":386,"date":"2017-11-27T22:36:35","date_gmt":"2017-11-27T22:36:35","guid":{"rendered":"https:\/\/tallogoldleaf.com\/es\/?post_type=product&#038;p=386"},"modified":"2019-06-13T14:44:59","modified_gmt":"2019-06-13T22:44:59","slug":"herramientas-para-aplicacion-de-hoja","status":"publish","type":"product","link":"https:\/\/tallogoldleaf.com\/es\/catalogo\/herramientas-para-aplicacion-de-hoja\/","title":{"rendered":"Herramientas para Aplicaci\u00f3n de Hoja"},"content":{"rendered":"<div class=\"wpb-content-wrapper\">[vc_row][vc_column][vc_column_text]\n<h4><span style=\"color: #bb873c;\">Herramienta para levantar, sujetar, aplicar y deslizar hojas<\/span><\/h4>\n<table class=\"table table-hover\">\n<thead>\n<tr>\n<th>C\u00f3digo SKU<\/th>\n<th>Cantidad<\/th>\n<\/tr>\n<\/thead>\n<tbody>\n<tr>\n<th scope=\"row\">M-pick-1<\/th>\n<th>Un par<\/th>\n<\/tr>\n<\/tbody>\n<\/table>\n<p>Con estas herramientas se le facilita levantar la hoja debido a que es extremadamente delgada y en la forma que viene empacada una hoja encima de la otra, puede sujetarla con facilidad del traslape, adem\u00e1s puede deslizar la hoja de oro o de plata sobre la superficie, cubriendo perfectamente el proyecto a dorar o platear.<\/p>\n<p>Esta herramienta esta dise\u00f1ada para utilizarla en imitaci\u00f3n hoja de oro de imitaci\u00f3n hoja de plata, para le hoja genuina o pan de oro se recomienda utilizar otro m\u00e9todo.<\/p>\n<h4><span style=\"color: #bb873c;\">\u00bfC\u00f3mo se utiliza la herramienta?<\/span><\/h4>\n<ul>\n<li><strong>Sujeta y Recoge la hoja<\/strong><\/li>\n<\/ul>\n<p style=\"padding-left: 80px;\"><em>Tip A) coloque la \u201cherramientas de sujetar\u201d sobre la hoja de arriba a aproximadamente 5 cent\u00edmetro de distancia del borde interno y con la otra &#8220;herramienta de sujetar&#8221; presione sobre la orilla lateral de la hoja inferior y con la otra mueva la herramienta para que sople aire suavemente, como un efecto abanico el borde interno de la hoja de arriba y repita el proceso en el otro lado (use el lado donde puede ver la hoja que se encuentra debajo.<\/em><\/p>\n<ul>\n<li><strong>Coloca la hoja en superficies planas<\/strong><\/li>\n<\/ul>\n<p style=\"padding-left: 40px;\">Coloque la hoja en el \u00e1rea con adhesivo, con la \u201cherramienta de sujetar\u201d deslice y presione suavemente sobre la hoja, procediendo de izquierda a derecha, traslape la hoja sobre la inferior un 1cm de distancia promedio. El proceso se repite hasta que la superficie est\u00e1 cubierta. Ignore de momento Las peque\u00f1as fallas ya que se pueden ir cubriendo con los trozos de los cortes o desperdicios de la hoja.<\/p>\n<p style=\"padding-left: 40px;\"><em>El proyecto lo puede trabajar sobre un cart\u00f3n o pedazo de alfombra o tapete.<\/em><\/p>\n<ul>\n<li><strong>Coloca la hoja sobre \u00e1reas profundas, relieves, figuras ornamentos<\/strong><\/li>\n<\/ul>\n<p style=\"padding-left: 40px;\">La hojas se coloca en el \u00e1rea y la presi\u00f3n justa para asegurarla, despu\u00e9s coloca una segunda hoja encima de la primera; finalmente se empujan firmemente donde sea necesario con un una \u201cTela para aplicar hoja\u201d y con una \u201cbrocha para dorar\u201d, puede ayudarse de los recortes o desperdicios de hoja para rellenar las \u00e1reas que no se cubrieron por la superficie multinivel. Sin embargo, para llenar huecos extremadamente peque\u00f1os, en alg\u00fan momento es necesario usar una herramienta.<\/p>\n[\/vc_column_text]<div class=\"ult-spacer spacer-69ebab9933f11\" data-id=\"69ebab9933f11\" data-height=\"30\" data-height-mobile=\"30\" data-height-tab=\"30\" data-height-tab-portrait=\"\" data-height-mobile-landscape=\"\" style=\"clear:both;display:block;\"><\/div>[\/vc_column][\/vc_row]\n<\/div>","protected":false},"excerpt":{"rendered":"<p>Esta herramienta es especial para sostener, levantar, aplicar y deslizar la hoja.<\/p>\n<p style=\"text-align: left;\"><em><strong>Enviamos a toda la Rep\u00fablica Mexicana sin excepci\u00f3n y somos especialistas en env\u00edos a toda America Latina y el mundo.<\/strong><\/em><\/p>\n<p><small><strong>*Cont\u00e1ctanos para enviarle una cotizaci\u00f3n con flete incluido. Env\u00edanos un correo con el n\u00famero de SKU de los productos que desea ordenar en <a href=\"https:\/\/tallogoldleaf.com\/es\/contact\/\">nuestra forma de contacto<\/a>*.<\/strong><\/small><\/p>\n<hr \/>\n","protected":false},"featured_media":390,"comment_status":"closed","ping_status":"closed","template":"","meta":{"_exactmetrics_skip_tracking":false,"_exactmetrics_sitenote_active":false,"_exactmetrics_sitenote_note":"","_exactmetrics_sitenote_category":0},"product_cat":[60,55],"product_tag":[],"class_list":{"0":"post-386","1":"product","2":"type-product","3":"status-publish","4":"has-post-thumbnail","6":"product_cat-herramientas","7":"product_cat-materiales-y-accesorios","8":"entry","9":"post-inner","11":"first","12":"instock","13":"shipping-taxable","14":"purchasable","15":"product-type-simple"},"yoast_head":"<!-- This site is optimized with the Yoast SEO plugin v26.9 - https:\/\/yoast.com\/product\/yoast-seo-wordpress\/ -->\n<title>Herramientas para Aplicaci\u00f3n de Hoja | Productos Internacionales Tallo<\/title>\n<meta name=\"robots\" content=\"index, follow, max-snippet:-1, max-image-preview:large, max-video-preview:-1\" \/>\n<link rel=\"canonical\" href=\"https:\/\/tallogoldleaf.com\/es\/catalogo\/herramientas-para-aplicacion-de-hoja\/\" \/>\n<meta property=\"og:locale\" content=\"es_MX\" \/>\n<meta property=\"og:type\" content=\"article\" \/>\n<meta property=\"og:title\" content=\"Herramientas para Aplicaci\u00f3n de Hoja | Productos Internacionales Tallo\" \/>\n<meta property=\"og:description\" content=\"Esta herramienta es especial para sostener, levantar, aplicar y deslizar la hoja. Enviamos a toda la Rep\u00fablica Mexicana sin excepci\u00f3n y somos especialistas en env\u00edos a toda America Latina y el mundo. *Cont\u00e1ctanos para enviarle una cotizaci\u00f3n con flete incluido. Env\u00edanos un correo con el n\u00famero de SKU de los productos que desea ordenar en nuestra forma de contacto*.\" \/>\n<meta property=\"og:url\" content=\"https:\/\/tallogoldleaf.com\/es\/catalogo\/herramientas-para-aplicacion-de-hoja\/\" \/>\n<meta property=\"og:site_name\" content=\"Productos Internacionales Tallo\" \/>\n<meta property=\"article:modified_time\" content=\"2019-06-13T22:44:59+00:00\" \/>\n<meta property=\"og:image\" content=\"https:\/\/tallogoldleaf.com\/es\/wp-content\/uploads\/2017\/11\/leaf_tools-pick-1.jpg\" \/>\n\t<meta property=\"og:image:width\" content=\"900\" \/>\n\t<meta property=\"og:image:height\" content=\"900\" \/>\n\t<meta property=\"og:image:type\" content=\"image\/jpeg\" \/>\n<meta name=\"twitter:card\" content=\"summary_large_image\" \/>\n<meta name=\"twitter:label1\" content=\"Tiempo de lectura\" \/>\n\t<meta name=\"twitter:data1\" content=\"2 minutos\" \/>\n<script type=\"application\/ld+json\" class=\"yoast-schema-graph\">{\"@context\":\"https:\/\/schema.org\",\"@graph\":[{\"@type\":\"WebPage\",\"@id\":\"https:\/\/tallogoldleaf.com\/es\/catalogo\/herramientas-para-aplicacion-de-hoja\/\",\"url\":\"https:\/\/tallogoldleaf.com\/es\/catalogo\/herramientas-para-aplicacion-de-hoja\/\",\"name\":\"Herramientas para Aplicaci\u00f3n de Hoja | Productos Internacionales Tallo\",\"isPartOf\":{\"@id\":\"https:\/\/tallogoldleaf.com\/es\/#website\"},\"primaryImageOfPage\":{\"@id\":\"https:\/\/tallogoldleaf.com\/es\/catalogo\/herramientas-para-aplicacion-de-hoja\/#primaryimage\"},\"image\":{\"@id\":\"https:\/\/tallogoldleaf.com\/es\/catalogo\/herramientas-para-aplicacion-de-hoja\/#primaryimage\"},\"thumbnailUrl\":\"https:\/\/tallogoldleaf.com\/es\/wp-content\/uploads\/2017\/11\/leaf_tools-pick-1.jpg\",\"datePublished\":\"2017-11-27T22:36:35+00:00\",\"dateModified\":\"2019-06-13T22:44:59+00:00\",\"breadcrumb\":{\"@id\":\"https:\/\/tallogoldleaf.com\/es\/catalogo\/herramientas-para-aplicacion-de-hoja\/#breadcrumb\"},\"inLanguage\":\"es\",\"potentialAction\":[{\"@type\":\"ReadAction\",\"target\":[\"https:\/\/tallogoldleaf.com\/es\/catalogo\/herramientas-para-aplicacion-de-hoja\/\"]}]},{\"@type\":\"ImageObject\",\"inLanguage\":\"es\",\"@id\":\"https:\/\/tallogoldleaf.com\/es\/catalogo\/herramientas-para-aplicacion-de-hoja\/#primaryimage\",\"url\":\"https:\/\/tallogoldleaf.com\/es\/wp-content\/uploads\/2017\/11\/leaf_tools-pick-1.jpg\",\"contentUrl\":\"https:\/\/tallogoldleaf.com\/es\/wp-content\/uploads\/2017\/11\/leaf_tools-pick-1.jpg\",\"width\":900,\"height\":900},{\"@type\":\"BreadcrumbList\",\"@id\":\"https:\/\/tallogoldleaf.com\/es\/catalogo\/herramientas-para-aplicacion-de-hoja\/#breadcrumb\",\"itemListElement\":[{\"@type\":\"ListItem\",\"position\":1,\"name\":\"Inicio\",\"item\":\"https:\/\/tallogoldleaf.com\/es\/\"},{\"@type\":\"ListItem\",\"position\":2,\"name\":\"Cat\u00e1logo\",\"item\":\"https:\/\/tallogoldleaf.com\/es\/catalogo\/\"},{\"@type\":\"ListItem\",\"position\":3,\"name\":\"Herramientas para Aplicaci\u00f3n de Hoja\"}]},{\"@type\":\"WebSite\",\"@id\":\"https:\/\/tallogoldleaf.com\/es\/#website\",\"url\":\"https:\/\/tallogoldleaf.com\/es\/\",\"name\":\"Productos Internacionales Tallo\",\"description\":\"Hojas de imitaci\u00f3n de oro y plata en Estados Unidos\",\"publisher\":{\"@id\":\"https:\/\/tallogoldleaf.com\/es\/#organization\"},\"potentialAction\":[{\"@type\":\"SearchAction\",\"target\":{\"@type\":\"EntryPoint\",\"urlTemplate\":\"https:\/\/tallogoldleaf.com\/es\/?s={search_term_string}\"},\"query-input\":{\"@type\":\"PropertyValueSpecification\",\"valueRequired\":true,\"valueName\":\"search_term_string\"}}],\"inLanguage\":\"es\"},{\"@type\":\"Organization\",\"@id\":\"https:\/\/tallogoldleaf.com\/es\/#organization\",\"name\":\"Productos Internacionales Tallo\",\"url\":\"https:\/\/tallogoldleaf.com\/es\/\",\"logo\":{\"@type\":\"ImageObject\",\"inLanguage\":\"es\",\"@id\":\"https:\/\/tallogoldleaf.com\/es\/#\/schema\/logo\/image\/\",\"url\":\"https:\/\/tallogoldleaf.com\/es\/wp-content\/uploads\/2019\/09\/Logo_Tallo-Para-Web-cuadrado.png\",\"contentUrl\":\"https:\/\/tallogoldleaf.com\/es\/wp-content\/uploads\/2019\/09\/Logo_Tallo-Para-Web-cuadrado.png\",\"width\":307,\"height\":307,\"caption\":\"Productos Internacionales Tallo\"},\"image\":{\"@id\":\"https:\/\/tallogoldleaf.com\/es\/#\/schema\/logo\/image\/\"}}]}<\/script>\n<!-- \/ Yoast SEO plugin. -->","yoast_head_json":{"title":"Herramientas para Aplicaci\u00f3n de Hoja | Productos Internacionales Tallo","robots":{"index":"index","follow":"follow","max-snippet":"max-snippet:-1","max-image-preview":"max-image-preview:large","max-video-preview":"max-video-preview:-1"},"canonical":"https:\/\/tallogoldleaf.com\/es\/catalogo\/herramientas-para-aplicacion-de-hoja\/","og_locale":"es_MX","og_type":"article","og_title":"Herramientas para Aplicaci\u00f3n de Hoja | Productos Internacionales Tallo","og_description":"Esta herramienta es especial para sostener, levantar, aplicar y deslizar la hoja. Enviamos a toda la Rep\u00fablica Mexicana sin excepci\u00f3n y somos especialistas en env\u00edos a toda America Latina y el mundo. *Cont\u00e1ctanos para enviarle una cotizaci\u00f3n con flete incluido. Env\u00edanos un correo con el n\u00famero de SKU de los productos que desea ordenar en nuestra forma de contacto*.","og_url":"https:\/\/tallogoldleaf.com\/es\/catalogo\/herramientas-para-aplicacion-de-hoja\/","og_site_name":"Productos Internacionales Tallo","article_modified_time":"2019-06-13T22:44:59+00:00","og_image":[{"width":900,"height":900,"url":"https:\/\/tallogoldleaf.com\/es\/wp-content\/uploads\/2017\/11\/leaf_tools-pick-1.jpg","type":"image\/jpeg"}],"twitter_card":"summary_large_image","twitter_misc":{"Tiempo de lectura":"2 minutos"},"schema":{"@context":"https:\/\/schema.org","@graph":[{"@type":"WebPage","@id":"https:\/\/tallogoldleaf.com\/es\/catalogo\/herramientas-para-aplicacion-de-hoja\/","url":"https:\/\/tallogoldleaf.com\/es\/catalogo\/herramientas-para-aplicacion-de-hoja\/","name":"Herramientas para Aplicaci\u00f3n de Hoja | Productos Internacionales Tallo","isPartOf":{"@id":"https:\/\/tallogoldleaf.com\/es\/#website"},"primaryImageOfPage":{"@id":"https:\/\/tallogoldleaf.com\/es\/catalogo\/herramientas-para-aplicacion-de-hoja\/#primaryimage"},"image":{"@id":"https:\/\/tallogoldleaf.com\/es\/catalogo\/herramientas-para-aplicacion-de-hoja\/#primaryimage"},"thumbnailUrl":"https:\/\/tallogoldleaf.com\/es\/wp-content\/uploads\/2017\/11\/leaf_tools-pick-1.jpg","datePublished":"2017-11-27T22:36:35+00:00","dateModified":"2019-06-13T22:44:59+00:00","breadcrumb":{"@id":"https:\/\/tallogoldleaf.com\/es\/catalogo\/herramientas-para-aplicacion-de-hoja\/#breadcrumb"},"inLanguage":"es","potentialAction":[{"@type":"ReadAction","target":["https:\/\/tallogoldleaf.com\/es\/catalogo\/herramientas-para-aplicacion-de-hoja\/"]}]},{"@type":"ImageObject","inLanguage":"es","@id":"https:\/\/tallogoldleaf.com\/es\/catalogo\/herramientas-para-aplicacion-de-hoja\/#primaryimage","url":"https:\/\/tallogoldleaf.com\/es\/wp-content\/uploads\/2017\/11\/leaf_tools-pick-1.jpg","contentUrl":"https:\/\/tallogoldleaf.com\/es\/wp-content\/uploads\/2017\/11\/leaf_tools-pick-1.jpg","width":900,"height":900},{"@type":"BreadcrumbList","@id":"https:\/\/tallogoldleaf.com\/es\/catalogo\/herramientas-para-aplicacion-de-hoja\/#breadcrumb","itemListElement":[{"@type":"ListItem","position":1,"name":"Inicio","item":"https:\/\/tallogoldleaf.com\/es\/"},{"@type":"ListItem","position":2,"name":"Cat\u00e1logo","item":"https:\/\/tallogoldleaf.com\/es\/catalogo\/"},{"@type":"ListItem","position":3,"name":"Herramientas para Aplicaci\u00f3n de Hoja"}]},{"@type":"WebSite","@id":"https:\/\/tallogoldleaf.com\/es\/#website","url":"https:\/\/tallogoldleaf.com\/es\/","name":"Productos Internacionales Tallo","description":"Hojas de imitaci\u00f3n de oro y plata en Estados Unidos","publisher":{"@id":"https:\/\/tallogoldleaf.com\/es\/#organization"},"potentialAction":[{"@type":"SearchAction","target":{"@type":"EntryPoint","urlTemplate":"https:\/\/tallogoldleaf.com\/es\/?s={search_term_string}"},"query-input":{"@type":"PropertyValueSpecification","valueRequired":true,"valueName":"search_term_string"}}],"inLanguage":"es"},{"@type":"Organization","@id":"https:\/\/tallogoldleaf.com\/es\/#organization","name":"Productos Internacionales Tallo","url":"https:\/\/tallogoldleaf.com\/es\/","logo":{"@type":"ImageObject","inLanguage":"es","@id":"https:\/\/tallogoldleaf.com\/es\/#\/schema\/logo\/image\/","url":"https:\/\/tallogoldleaf.com\/es\/wp-content\/uploads\/2019\/09\/Logo_Tallo-Para-Web-cuadrado.png","contentUrl":"https:\/\/tallogoldleaf.com\/es\/wp-content\/uploads\/2019\/09\/Logo_Tallo-Para-Web-cuadrado.png","width":307,"height":307,"caption":"Productos Internacionales Tallo"},"image":{"@id":"https:\/\/tallogoldleaf.com\/es\/#\/schema\/logo\/image\/"}}]}},"_links":{"self":[{"href":"https:\/\/tallogoldleaf.com\/es\/wp-json\/wp\/v2\/product\/386","targetHints":{"allow":["GET"]}}],"collection":[{"href":"https:\/\/tallogoldleaf.com\/es\/wp-json\/wp\/v2\/product"}],"about":[{"href":"https:\/\/tallogoldleaf.com\/es\/wp-json\/wp\/v2\/types\/product"}],"replies":[{"embeddable":true,"href":"https:\/\/tallogoldleaf.com\/es\/wp-json\/wp\/v2\/comments?post=386"}],"wp:featuredmedia":[{"embeddable":true,"href":"https:\/\/tallogoldleaf.com\/es\/wp-json\/wp\/v2\/media\/390"}],"wp:attachment":[{"href":"https:\/\/tallogoldleaf.com\/es\/wp-json\/wp\/v2\/media?parent=386"}],"wp:term":[{"taxonomy":"product_cat","embeddable":true,"href":"https:\/\/tallogoldleaf.com\/es\/wp-json\/wp\/v2\/product_cat?post=386"},{"taxonomy":"product_tag","embeddable":true,"href":"https:\/\/tallogoldleaf.com\/es\/wp-json\/wp\/v2\/product_tag?post=386"}],"curies":[{"name":"wp","href":"https:\/\/api.w.org\/{rel}","templated":true}]}}