{"id":398,"date":"2017-11-27T23:00:00","date_gmt":"2017-11-27T23:00:00","guid":{"rendered":"https:\/\/tallogoldleaf.com\/es\/?post_type=product&#038;p=398"},"modified":"2019-07-01T14:28:44","modified_gmt":"2019-07-01T22:28:44","slug":"cera-en-pasta","status":"publish","type":"product","link":"https:\/\/tallogoldleaf.com\/es\/catalogo\/cera-en-pasta\/","title":{"rendered":"Cera en Pasta"},"content":{"rendered":"<div class=\"wpb-content-wrapper\">[vc_row][vc_column][vc_column_text]\n<h4><span style=\"color: #bb873c; margin-top: 20px;\">Cera<\/span><\/h4>\n<table class=\"table table-hover\">\n<thead>\n<tr>\n<th>C\u00f3digo SKU<\/th>\n<th>Peso<\/th>\n<\/tr>\n<\/thead>\n<tbody>\n<tr>\n<th scope=\"row\">M-WAX-1<\/th>\n<th>1 oz (30 ml.)<\/th>\n<\/tr>\n<tr>\n<th>M-WAX-2<\/th>\n<th>12.35 oz (365 ml.)<\/th>\n<\/tr>\n<\/tbody>\n<\/table>\n<h4><span style=\"color: #bb873c; margin-top: 20px;\">Cera Trewax<\/span><\/h4>\n<table class=\"table table-hover\">\n<thead>\n<tr>\n<th>C\u00f3digo SKU<\/th>\n<th>Onzas<\/th>\n<th>Gramos<\/th>\n<th>Pies cuadrados cubiertos<\/th>\n<th>Metros cuadrados cubiertos<\/th>\n<\/tr>\n<\/thead>\n<tbody>\n<tr>\n<th scope=\"row\">M-WAX-0<\/th>\n<th>1\/2 oz<\/th>\n<th>14gr.<\/th>\n<th>32 ft\u00b2<\/th>\n<th>3 m\u00b2<\/th>\n<\/tr>\n<tr>\n<th scope=\"row\">M-WAX-1<\/th>\n<th>1 oz<\/th>\n<th>28gr.<\/th>\n<th>65ft\u00b2<\/th>\n<th>6 m\u00b2<\/th>\n<\/tr>\n<tr>\n<th>M-WAX-2<\/th>\n<th>12.35 oz<\/th>\n<th>350gr.<\/th>\n<th>800ft\u00b2<\/th>\n<th>74 m\u00b2<\/th>\n<\/tr>\n<\/tbody>\n<\/table>\n<h4><span style=\"color: #a97b30;\">Instrucciones<\/span><\/h4>\n<p>A\u00f1adir una peque\u00f1a cantidad de cera a una tela para dorar <small>(disponible en material y accesorios)<\/small> e impregne la tela, y despu\u00e9s empezar a pulir las \u00e1reas doradas.<\/p>\n<h4><span style=\"color: #a97b30;\">Descripci\u00f3n de uso<\/span><\/h4>\n<p>Aparte de que se utiliza para eliminar las uniones y remover excesos de hoja y para bru\u00f1ir la superficie. Adem\u00e1s, sella la superficie en caso de utilizar adhesivos base agua por las peque\u00f1as fallas o poros expuestos que pudieran quedar, para evitar da\u00f1os posteriores cuando se apliquen preparaciones comerciales o base de aceite o solvente.<br \/>\nEste producto aplicado en peque\u00f1as cantidades sobre la superficie es compatible con f\u00f3rmulas bases solventes como lacas y barnices.<\/p>\n<p><em><strong>Bru\u00f1ir<\/strong><\/em> se utiliza para describir el pulido de oro y la hoja de plata con una herramienta y tela de algod\u00f3n. Despu\u00e9s de bru\u00f1ir, el \u00e1rea dorada tiene mayor brillantez y su valor tonal es m\u00e1s profundo que el de oro mate o plata mate; en estos aspectos la hoja se ha vuelto similar en apariencia al mineral pulido. Debido a su delicadeza, la verdadera hoja se adapta a cada irregularidad de la superficie. En consecuencia, el brillo del espejo se logra por bru\u00f1ido y el pulido aumenta la placa de reflexi\u00f3n, creando m\u00e1s luz, mejor calidad y brillantez.[\/vc_column_text]<div class=\"ult-spacer spacer-69ebab86bfac9\" data-id=\"69ebab86bfac9\" data-height=\"30\" data-height-mobile=\"30\" data-height-tab=\"30\" data-height-tab-portrait=\"\" data-height-mobile-landscape=\"\" style=\"clear:both;display:block;\"><\/div>[\/vc_column][\/vc_row]\n<\/div>","protected":false},"excerpt":{"rendered":"<p><em><strong>Trewax Cera para Doradores<\/strong><\/em><\/p>\n<p>F\u00f3rmula especial para eliminar las uniones de las hojas de oro y plata, y facilitar la eliminaci\u00f3n de los excesos de la superficie dorada y plateadas, adem\u00e1s de sellar y aumentar el brillo, obteniendo un trabajo profesional en el terminado.<\/p>\n<p>Esta cera es mucho m\u00e1s simple y la facilidad de uso y hace que sea una elecci\u00f3n natural para aplicaciones contempor\u00e1neas.<\/p>\n<p style=\"text-align: left;\"><em><strong>Enviamos a toda la Rep\u00fablica Mexicana sin excepci\u00f3n y somos especialistas en env\u00edos a toda America Latina y el mundo.<\/strong><\/em><\/p>\n<p><small><strong>*Cont\u00e1ctanos para enviarle una cotizaci\u00f3n con flete incluido. Env\u00edanos un correo con el n\u00famero de SKU de los productos que desea ordenar en <a href=\"https:\/\/tallogoldleaf.com\/es\/contact\/\">nuestra forma de contacto<\/a>*.<\/strong><\/small><\/p>\n<hr \/>\n<p>&nbsp;<\/p>\n","protected":false},"featured_media":402,"comment_status":"closed","ping_status":"closed","template":"","meta":{"_exactmetrics_skip_tracking":false,"_exactmetrics_sitenote_active":false,"_exactmetrics_sitenote_note":"","_exactmetrics_sitenote_category":0},"product_cat":[55],"product_tag":[],"class_list":{"0":"post-398","1":"product","2":"type-product","3":"status-publish","4":"has-post-thumbnail","6":"product_cat-materiales-y-accesorios","7":"entry","8":"post-inner","10":"first","11":"instock","12":"shipping-taxable","13":"purchasable","14":"product-type-variable"},"yoast_head":"<!-- This site is optimized with the Yoast SEO plugin v26.9 - https:\/\/yoast.com\/product\/yoast-seo-wordpress\/ -->\n<title>Cera en Pasta | Productos Internacionales Tallo<\/title>\n<meta name=\"robots\" content=\"index, follow, max-snippet:-1, max-image-preview:large, max-video-preview:-1\" \/>\n<link rel=\"canonical\" href=\"https:\/\/tallogoldleaf.com\/es\/catalogo\/cera-en-pasta\/\" \/>\n<meta property=\"og:locale\" content=\"es_MX\" \/>\n<meta property=\"og:type\" content=\"article\" \/>\n<meta property=\"og:title\" content=\"Cera en Pasta | Productos Internacionales Tallo\" \/>\n<meta property=\"og:description\" content=\"Trewax Cera para Doradores  F\u00f3rmula especial para eliminar las uniones de las hojas de oro y plata, y facilitar la eliminaci\u00f3n de los excesos de la superficie dorada y plateadas, adem\u00e1s de sellar y aumentar el brillo, obteniendo un trabajo profesional en el terminado.  Esta cera es mucho m\u00e1s simple y la facilidad de uso y hace que sea una elecci\u00f3n natural para aplicaciones contempor\u00e1neas. Enviamos a toda la Rep\u00fablica Mexicana sin excepci\u00f3n y somos especialistas en env\u00edos a toda America Latina y el mundo. *Cont\u00e1ctanos para enviarle una cotizaci\u00f3n con flete incluido. Env\u00edanos un correo con el n\u00famero de SKU de los productos que desea ordenar en nuestra forma de contacto*.    &nbsp;\" \/>\n<meta property=\"og:url\" content=\"https:\/\/tallogoldleaf.com\/es\/catalogo\/cera-en-pasta\/\" \/>\n<meta property=\"og:site_name\" content=\"Productos Internacionales Tallo\" \/>\n<meta property=\"article:modified_time\" content=\"2019-07-01T22:28:44+00:00\" \/>\n<meta property=\"og:image\" content=\"https:\/\/tallogoldleaf.com\/es\/wp-content\/uploads\/2017\/11\/wax-wax02.jpg\" \/>\n\t<meta property=\"og:image:width\" content=\"900\" \/>\n\t<meta property=\"og:image:height\" content=\"900\" \/>\n\t<meta property=\"og:image:type\" content=\"image\/jpeg\" \/>\n<meta name=\"twitter:card\" content=\"summary_large_image\" \/>\n<meta name=\"twitter:label1\" content=\"Tiempo de lectura\" \/>\n\t<meta name=\"twitter:data1\" content=\"1 minuto\" \/>\n<script type=\"application\/ld+json\" class=\"yoast-schema-graph\">{\"@context\":\"https:\/\/schema.org\",\"@graph\":[{\"@type\":\"WebPage\",\"@id\":\"https:\/\/tallogoldleaf.com\/es\/catalogo\/cera-en-pasta\/\",\"url\":\"https:\/\/tallogoldleaf.com\/es\/catalogo\/cera-en-pasta\/\",\"name\":\"Cera en Pasta | Productos Internacionales Tallo\",\"isPartOf\":{\"@id\":\"https:\/\/tallogoldleaf.com\/es\/#website\"},\"primaryImageOfPage\":{\"@id\":\"https:\/\/tallogoldleaf.com\/es\/catalogo\/cera-en-pasta\/#primaryimage\"},\"image\":{\"@id\":\"https:\/\/tallogoldleaf.com\/es\/catalogo\/cera-en-pasta\/#primaryimage\"},\"thumbnailUrl\":\"https:\/\/tallogoldleaf.com\/es\/wp-content\/uploads\/2017\/11\/wax-wax02.jpg\",\"datePublished\":\"2017-11-27T23:00:00+00:00\",\"dateModified\":\"2019-07-01T22:28:44+00:00\",\"breadcrumb\":{\"@id\":\"https:\/\/tallogoldleaf.com\/es\/catalogo\/cera-en-pasta\/#breadcrumb\"},\"inLanguage\":\"es\",\"potentialAction\":[{\"@type\":\"ReadAction\",\"target\":[\"https:\/\/tallogoldleaf.com\/es\/catalogo\/cera-en-pasta\/\"]}]},{\"@type\":\"ImageObject\",\"inLanguage\":\"es\",\"@id\":\"https:\/\/tallogoldleaf.com\/es\/catalogo\/cera-en-pasta\/#primaryimage\",\"url\":\"https:\/\/tallogoldleaf.com\/es\/wp-content\/uploads\/2017\/11\/wax-wax02.jpg\",\"contentUrl\":\"https:\/\/tallogoldleaf.com\/es\/wp-content\/uploads\/2017\/11\/wax-wax02.jpg\",\"width\":900,\"height\":900,\"caption\":\"Wax\"},{\"@type\":\"BreadcrumbList\",\"@id\":\"https:\/\/tallogoldleaf.com\/es\/catalogo\/cera-en-pasta\/#breadcrumb\",\"itemListElement\":[{\"@type\":\"ListItem\",\"position\":1,\"name\":\"Inicio\",\"item\":\"https:\/\/tallogoldleaf.com\/es\/\"},{\"@type\":\"ListItem\",\"position\":2,\"name\":\"Cat\u00e1logo\",\"item\":\"https:\/\/tallogoldleaf.com\/es\/catalogo\/\"},{\"@type\":\"ListItem\",\"position\":3,\"name\":\"Cera en Pasta\"}]},{\"@type\":\"WebSite\",\"@id\":\"https:\/\/tallogoldleaf.com\/es\/#website\",\"url\":\"https:\/\/tallogoldleaf.com\/es\/\",\"name\":\"Productos Internacionales Tallo\",\"description\":\"Hojas de imitaci\u00f3n de oro y plata en Estados Unidos\",\"publisher\":{\"@id\":\"https:\/\/tallogoldleaf.com\/es\/#organization\"},\"potentialAction\":[{\"@type\":\"SearchAction\",\"target\":{\"@type\":\"EntryPoint\",\"urlTemplate\":\"https:\/\/tallogoldleaf.com\/es\/?s={search_term_string}\"},\"query-input\":{\"@type\":\"PropertyValueSpecification\",\"valueRequired\":true,\"valueName\":\"search_term_string\"}}],\"inLanguage\":\"es\"},{\"@type\":\"Organization\",\"@id\":\"https:\/\/tallogoldleaf.com\/es\/#organization\",\"name\":\"Productos Internacionales Tallo\",\"url\":\"https:\/\/tallogoldleaf.com\/es\/\",\"logo\":{\"@type\":\"ImageObject\",\"inLanguage\":\"es\",\"@id\":\"https:\/\/tallogoldleaf.com\/es\/#\/schema\/logo\/image\/\",\"url\":\"https:\/\/tallogoldleaf.com\/es\/wp-content\/uploads\/2019\/09\/Logo_Tallo-Para-Web-cuadrado.png\",\"contentUrl\":\"https:\/\/tallogoldleaf.com\/es\/wp-content\/uploads\/2019\/09\/Logo_Tallo-Para-Web-cuadrado.png\",\"width\":307,\"height\":307,\"caption\":\"Productos Internacionales Tallo\"},\"image\":{\"@id\":\"https:\/\/tallogoldleaf.com\/es\/#\/schema\/logo\/image\/\"}}]}<\/script>\n<!-- \/ Yoast SEO plugin. -->","yoast_head_json":{"title":"Cera en Pasta | Productos Internacionales Tallo","robots":{"index":"index","follow":"follow","max-snippet":"max-snippet:-1","max-image-preview":"max-image-preview:large","max-video-preview":"max-video-preview:-1"},"canonical":"https:\/\/tallogoldleaf.com\/es\/catalogo\/cera-en-pasta\/","og_locale":"es_MX","og_type":"article","og_title":"Cera en Pasta | Productos Internacionales Tallo","og_description":"Trewax Cera para Doradores  F\u00f3rmula especial para eliminar las uniones de las hojas de oro y plata, y facilitar la eliminaci\u00f3n de los excesos de la superficie dorada y plateadas, adem\u00e1s de sellar y aumentar el brillo, obteniendo un trabajo profesional en el terminado.  Esta cera es mucho m\u00e1s simple y la facilidad de uso y hace que sea una elecci\u00f3n natural para aplicaciones contempor\u00e1neas. Enviamos a toda la Rep\u00fablica Mexicana sin excepci\u00f3n y somos especialistas en env\u00edos a toda America Latina y el mundo. *Cont\u00e1ctanos para enviarle una cotizaci\u00f3n con flete incluido. Env\u00edanos un correo con el n\u00famero de SKU de los productos que desea ordenar en nuestra forma de contacto*.    &nbsp;","og_url":"https:\/\/tallogoldleaf.com\/es\/catalogo\/cera-en-pasta\/","og_site_name":"Productos Internacionales Tallo","article_modified_time":"2019-07-01T22:28:44+00:00","og_image":[{"width":900,"height":900,"url":"https:\/\/tallogoldleaf.com\/es\/wp-content\/uploads\/2017\/11\/wax-wax02.jpg","type":"image\/jpeg"}],"twitter_card":"summary_large_image","twitter_misc":{"Tiempo de lectura":"1 minuto"},"schema":{"@context":"https:\/\/schema.org","@graph":[{"@type":"WebPage","@id":"https:\/\/tallogoldleaf.com\/es\/catalogo\/cera-en-pasta\/","url":"https:\/\/tallogoldleaf.com\/es\/catalogo\/cera-en-pasta\/","name":"Cera en Pasta | Productos Internacionales Tallo","isPartOf":{"@id":"https:\/\/tallogoldleaf.com\/es\/#website"},"primaryImageOfPage":{"@id":"https:\/\/tallogoldleaf.com\/es\/catalogo\/cera-en-pasta\/#primaryimage"},"image":{"@id":"https:\/\/tallogoldleaf.com\/es\/catalogo\/cera-en-pasta\/#primaryimage"},"thumbnailUrl":"https:\/\/tallogoldleaf.com\/es\/wp-content\/uploads\/2017\/11\/wax-wax02.jpg","datePublished":"2017-11-27T23:00:00+00:00","dateModified":"2019-07-01T22:28:44+00:00","breadcrumb":{"@id":"https:\/\/tallogoldleaf.com\/es\/catalogo\/cera-en-pasta\/#breadcrumb"},"inLanguage":"es","potentialAction":[{"@type":"ReadAction","target":["https:\/\/tallogoldleaf.com\/es\/catalogo\/cera-en-pasta\/"]}]},{"@type":"ImageObject","inLanguage":"es","@id":"https:\/\/tallogoldleaf.com\/es\/catalogo\/cera-en-pasta\/#primaryimage","url":"https:\/\/tallogoldleaf.com\/es\/wp-content\/uploads\/2017\/11\/wax-wax02.jpg","contentUrl":"https:\/\/tallogoldleaf.com\/es\/wp-content\/uploads\/2017\/11\/wax-wax02.jpg","width":900,"height":900,"caption":"Wax"},{"@type":"BreadcrumbList","@id":"https:\/\/tallogoldleaf.com\/es\/catalogo\/cera-en-pasta\/#breadcrumb","itemListElement":[{"@type":"ListItem","position":1,"name":"Inicio","item":"https:\/\/tallogoldleaf.com\/es\/"},{"@type":"ListItem","position":2,"name":"Cat\u00e1logo","item":"https:\/\/tallogoldleaf.com\/es\/catalogo\/"},{"@type":"ListItem","position":3,"name":"Cera en Pasta"}]},{"@type":"WebSite","@id":"https:\/\/tallogoldleaf.com\/es\/#website","url":"https:\/\/tallogoldleaf.com\/es\/","name":"Productos Internacionales Tallo","description":"Hojas de imitaci\u00f3n de oro y plata en Estados Unidos","publisher":{"@id":"https:\/\/tallogoldleaf.com\/es\/#organization"},"potentialAction":[{"@type":"SearchAction","target":{"@type":"EntryPoint","urlTemplate":"https:\/\/tallogoldleaf.com\/es\/?s={search_term_string}"},"query-input":{"@type":"PropertyValueSpecification","valueRequired":true,"valueName":"search_term_string"}}],"inLanguage":"es"},{"@type":"Organization","@id":"https:\/\/tallogoldleaf.com\/es\/#organization","name":"Productos Internacionales Tallo","url":"https:\/\/tallogoldleaf.com\/es\/","logo":{"@type":"ImageObject","inLanguage":"es","@id":"https:\/\/tallogoldleaf.com\/es\/#\/schema\/logo\/image\/","url":"https:\/\/tallogoldleaf.com\/es\/wp-content\/uploads\/2019\/09\/Logo_Tallo-Para-Web-cuadrado.png","contentUrl":"https:\/\/tallogoldleaf.com\/es\/wp-content\/uploads\/2019\/09\/Logo_Tallo-Para-Web-cuadrado.png","width":307,"height":307,"caption":"Productos Internacionales Tallo"},"image":{"@id":"https:\/\/tallogoldleaf.com\/es\/#\/schema\/logo\/image\/"}}]}},"_links":{"self":[{"href":"https:\/\/tallogoldleaf.com\/es\/wp-json\/wp\/v2\/product\/398","targetHints":{"allow":["GET"]}}],"collection":[{"href":"https:\/\/tallogoldleaf.com\/es\/wp-json\/wp\/v2\/product"}],"about":[{"href":"https:\/\/tallogoldleaf.com\/es\/wp-json\/wp\/v2\/types\/product"}],"replies":[{"embeddable":true,"href":"https:\/\/tallogoldleaf.com\/es\/wp-json\/wp\/v2\/comments?post=398"}],"wp:featuredmedia":[{"embeddable":true,"href":"https:\/\/tallogoldleaf.com\/es\/wp-json\/wp\/v2\/media\/402"}],"wp:attachment":[{"href":"https:\/\/tallogoldleaf.com\/es\/wp-json\/wp\/v2\/media?parent=398"}],"wp:term":[{"taxonomy":"product_cat","embeddable":true,"href":"https:\/\/tallogoldleaf.com\/es\/wp-json\/wp\/v2\/product_cat?post=398"},{"taxonomy":"product_tag","embeddable":true,"href":"https:\/\/tallogoldleaf.com\/es\/wp-json\/wp\/v2\/product_tag?post=398"}],"curies":[{"name":"wp","href":"https:\/\/api.w.org\/{rel}","templated":true}]}}