{"id":418,"date":"2017-11-28T01:31:48","date_gmt":"2017-11-28T01:31:48","guid":{"rendered":"https:\/\/tallogoldleaf.com\/es\/?post_type=product&#038;p=418"},"modified":"2019-07-01T14:34:19","modified_gmt":"2019-07-01T22:34:19","slug":"primario-sellador-base-agua","status":"publish","type":"product","link":"https:\/\/tallogoldleaf.com\/es\/catalogo\/primario-sellador-base-agua\/","title":{"rendered":"Primario Sellador &#8211; Base Agua"},"content":{"rendered":"<div class=\"wpb-content-wrapper\">[vc_row][vc_column][vc_column_text]\n<h4><span style=\"color: #bb873c; margin-top: 20px;\">Primario Base &#8211; Rojo Ocre<\/span><\/h4>\n<table class=\"table table-hover\">\n<thead>\n<tr>\n<th>C\u00f3digo SKU<\/th>\n<th>Fluidos litros<\/th>\n<th>Fluidos onzas<\/th>\n<\/tr>\n<\/thead>\n<tbody>\n<tr>\n<th scope=\"row\">M-PB-R02<\/th>\n<th>60 mL.<\/th>\n<th>2 oz.<\/th>\n<\/tr>\n<tr>\n<th scope=\"row\">M-PB-R04<\/th>\n<th>120 mL.<\/th>\n<th>4 oz.<\/th>\n<\/tr>\n<tr>\n<th>M-PB-R016<\/th>\n<th>480 mL.<\/th>\n<th>16 oz.<\/th>\n<\/tr>\n<\/tbody>\n<\/table>\n<h4><span style=\"color: #bb873c; margin-top: 20px;\">Primario Base &#8211; Amarillo Ocre<\/span><\/h4>\n<table class=\"table table-hover\">\n<thead>\n<tr>\n<th>C\u00f3digo SKU<\/th>\n<th>Fluidos litros<\/th>\n<th>Fluidos onzas<\/th>\n<\/tr>\n<\/thead>\n<tbody>\n<tr>\n<th scope=\"row\">M-PB-Y02<\/th>\n<th>60 mL.<\/th>\n<th>2 oz.<\/th>\n<\/tr>\n<tr>\n<th scope=\"row\">M-PB-Y04<\/th>\n<th>120 mL.<\/th>\n<th>4 oz.<\/th>\n<\/tr>\n<tr>\n<th>M-PB-Y016<\/th>\n<th>480 mL.<\/th>\n<th>16 oz.<\/th>\n<\/tr>\n<\/tbody>\n<\/table>\n<h4><span style=\"color: #bb873c; margin-top: 20px;\">Primario Base &#8211; Negro<\/span><\/h4>\n<table class=\"table table-hover\">\n<thead>\n<tr>\n<th>C\u00f3digo SKU<\/th>\n<th>Fluidos litros<\/th>\n<th>Fluidos onzas<\/th>\n<\/tr>\n<\/thead>\n<tbody>\n<tr>\n<th scope=\"row\">M-PB-B02<\/th>\n<th>60 mL.<\/th>\n<th>2 oz.<\/th>\n<\/tr>\n<tr>\n<th scope=\"row\">M-PB-B04<\/th>\n<th>120 mL.<\/th>\n<th>4 oz.<\/th>\n<\/tr>\n<tr>\n<th>M-PB-B016<\/th>\n<th>480 mL.<\/th>\n<th>16 oz.<\/th>\n<\/tr>\n<\/tbody>\n<\/table>\n<h4><span style=\"color: #bb873c; margin-top: 20px;\">Cobertura aproximada de Primario Sellador<\/span><\/h4>\n<table class=\"table table-hover\">\n<thead>\n<tr>\n<th>Fluido en litros<\/th>\n<th>Metros cuadrados<\/th>\n<th>Fluido en onzas<\/th>\n<th>Pies cuadrados<\/th>\n<\/tr>\n<\/thead>\n<tbody>\n<tr>\n<th scope=\"row\">60 mL.<\/th>\n<th>0.6 m\u00b2<\/th>\n<th>2 oz.<\/th>\n<th>7.5 ft\u00b2<\/th>\n<\/tr>\n<tr>\n<th>120 mL.<\/th>\n<th>1 m\u00b2<\/th>\n<th>4 oz.<\/th>\n<th>15 ft\u00b2<\/th>\n<\/tr>\n<tr>\n<th>473 mL.<\/th>\n<th>5.5 m\u00b2<\/th>\n<th>16 oz.<\/th>\n<th>60 ft\u00b2<\/th>\n<\/tr>\n<\/tbody>\n<\/table>\n<p>Hecho a Base de agua en colores rojo, amarillo y negro el primario para &#8220;sellar&#8221; los poros de la superficie proporciona una excelente adherencia a superficies. Es ideal para interiores y exteriores. Excepcional baja VOC y f\u00f3rmula de bajo olor est\u00e1 dise\u00f1ado para resistir el crecimiento de moho y hongos. Funciona muy bien en bajas temperaturas, inhibe el \u00f3xido.<\/p>\n<p style=\"text-align: left;\">Uso en superficies nuevas, desnudas o pintadas, incluyendo madera, paneles de yeso, yeso curado, hormig\u00f3n, estuco y mamposter\u00eda, aluminio, vinilo, metal galvanizado y PVC, DEEP TINT se adhiere a superficies brillantes como pinturas esmaltadas y barnices, paneles, laminados, figuras de barro y baldosa de cer\u00e1mica sin lijar ni deslustrando.<\/p>\n<p style=\"text-align: left;\"><strong><span style=\"color: #911010;\"><small>*No es complatible con capas posteriores de productos de aceite o base solvente.*<\/small><\/span><\/strong><\/p>\n<p><strong><em>Tiempo de secado:<\/em><\/strong> Al tacto en unos 30 minutos, se puede recubrir en 1 hora. El tiempo puede variar con el m\u00e9todo de aplicaci\u00f3n, clima y la porosidad superficial.<\/p>\n<p><strong><em>Preparaci\u00f3n de superficie<\/em> <\/strong>(cont.): Enjuague bien y deje que la superficie se seque completamente antes de imprimar. Clave las cabezas de clavos expuestas, imprima y rellene todos los orificios, grietas y las gubias con el compuesto para masilla. Con cepillo de alambre de zonas elimine las zonas oxidadas. Detecte los nudos primarios y las rayas de savia.[\/vc_column_text]<div class=\"ult-spacer spacer-69ebab9825e20\" data-id=\"69ebab9825e20\" data-height=\"30\" data-height-mobile=\"30\" data-height-tab=\"30\" data-height-tab-portrait=\"\" data-height-mobile-landscape=\"\" style=\"clear:both;display:block;\"><\/div>[\/vc_column][\/vc_row]\n<\/div>","protected":false},"excerpt":{"rendered":"<p>Proporciona color, una superficie lisa, resalta las imperfecciones. Disponible rojo ocre, amarillo ocre y negro.<\/p>\n<ul class=\"list-products\">\n<li>Sella y tonificar la superficie.<\/li>\n<li>Se adhiere a todas las superficies.<\/li>\n<li>Se puede utilizar con todos los acabados.<\/li>\n<li>Mejora la cobertura de los acabados de color.<\/li>\n<li>Proporciona m\u00e1xima cobertura.<\/li>\n<li>Seca en una hora.<\/li>\n<\/ul>\n<p>Uso en superficies nuevas o pintadas, incluyendo madera, paneles de yeso, vinilo, figuras terminadas en barro, metal galvanizado, baldosas de cer\u00e1mica y m\u00e1s.<\/p>\n<p style=\"text-align: center;\"><strong><span style=\"color: #911010;\"><small>*No es complatible con capas posteriores de productos de aceite o base solvente.*<\/small><\/span><\/strong><\/p>\n<p style=\"text-align: left;\"><em><strong>Enviamos a toda la Rep\u00fablica Mexicana sin excepci\u00f3n y somos especialistas en env\u00edos a toda America Latina y el mundo.<\/strong><\/em><\/p>\n<p><small><strong>*Cont\u00e1ctanos para enviarle una cotizaci\u00f3n con flete incluido. Env\u00edanos un correo con el n\u00famero de SKU de los productos que desea ordenar en <a href=\"https:\/\/tallogoldleaf.com\/es\/contact\/\">nuestra forma de contacto<\/a>*.<\/strong><\/small><\/p>\n<hr \/>\n","protected":false},"featured_media":717,"comment_status":"closed","ping_status":"closed","template":"","meta":{"_exactmetrics_skip_tracking":false,"_exactmetrics_sitenote_active":false,"_exactmetrics_sitenote_note":"","_exactmetrics_sitenote_category":0},"product_cat":[55],"product_tag":[],"class_list":{"0":"post-418","1":"product","2":"type-product","3":"status-publish","4":"has-post-thumbnail","6":"product_cat-materiales-y-accesorios","7":"entry","8":"post-inner","10":"first","11":"instock","12":"shipping-taxable","13":"purchasable","14":"product-type-variable"},"yoast_head":"<!-- This site is optimized with the Yoast SEO plugin v26.9 - https:\/\/yoast.com\/product\/yoast-seo-wordpress\/ -->\n<title>Primario Sellador - Base Agua | Productos Internacionales Tallo<\/title>\n<meta name=\"robots\" content=\"index, follow, max-snippet:-1, max-image-preview:large, max-video-preview:-1\" \/>\n<link rel=\"canonical\" href=\"https:\/\/tallogoldleaf.com\/es\/catalogo\/primario-sellador-base-agua\/\" \/>\n<meta property=\"og:locale\" content=\"es_MX\" \/>\n<meta property=\"og:type\" content=\"article\" \/>\n<meta property=\"og:title\" content=\"Primario Sellador - Base Agua | Productos Internacionales Tallo\" \/>\n<meta property=\"og:description\" content=\"Proporciona color, una superficie lisa, resalta las imperfecciones. Disponible rojo ocre, amarillo ocre y negro.   Sella y tonificar la superficie.  Se adhiere a todas las superficies.  Se puede utilizar con todos los acabados.  Mejora la cobertura de los acabados de color.  Proporciona m\u00e1xima cobertura.  Seca en una hora.  Uso en superficies nuevas o pintadas, incluyendo madera, paneles de yeso, vinilo, figuras terminadas en barro, metal galvanizado, baldosas de cer\u00e1mica y m\u00e1s. *No es complatible con capas posteriores de productos de aceite o base solvente.* Enviamos a toda la Rep\u00fablica Mexicana sin excepci\u00f3n y somos especialistas en env\u00edos a toda America Latina y el mundo. *Cont\u00e1ctanos para enviarle una cotizaci\u00f3n con flete incluido. Env\u00edanos un correo con el n\u00famero de SKU de los productos que desea ordenar en nuestra forma de contacto*.\" \/>\n<meta property=\"og:url\" content=\"https:\/\/tallogoldleaf.com\/es\/catalogo\/primario-sellador-base-agua\/\" \/>\n<meta property=\"og:site_name\" content=\"Productos Internacionales Tallo\" \/>\n<meta property=\"article:modified_time\" content=\"2019-07-01T22:34:19+00:00\" \/>\n<meta property=\"og:image\" content=\"https:\/\/tallogoldleaf.com\/es\/wp-content\/uploads\/2017\/11\/img-water_based_all_sizes.jpg\" \/>\n\t<meta property=\"og:image:width\" content=\"900\" \/>\n\t<meta property=\"og:image:height\" content=\"900\" \/>\n\t<meta property=\"og:image:type\" content=\"image\/jpeg\" \/>\n<meta name=\"twitter:card\" content=\"summary_large_image\" \/>\n<meta name=\"twitter:label1\" content=\"Tiempo de lectura\" \/>\n\t<meta name=\"twitter:data1\" content=\"2 minutos\" \/>\n<script type=\"application\/ld+json\" class=\"yoast-schema-graph\">{\"@context\":\"https:\/\/schema.org\",\"@graph\":[{\"@type\":\"WebPage\",\"@id\":\"https:\/\/tallogoldleaf.com\/es\/catalogo\/primario-sellador-base-agua\/\",\"url\":\"https:\/\/tallogoldleaf.com\/es\/catalogo\/primario-sellador-base-agua\/\",\"name\":\"Primario Sellador - Base Agua | Productos Internacionales Tallo\",\"isPartOf\":{\"@id\":\"https:\/\/tallogoldleaf.com\/es\/#website\"},\"primaryImageOfPage\":{\"@id\":\"https:\/\/tallogoldleaf.com\/es\/catalogo\/primario-sellador-base-agua\/#primaryimage\"},\"image\":{\"@id\":\"https:\/\/tallogoldleaf.com\/es\/catalogo\/primario-sellador-base-agua\/#primaryimage\"},\"thumbnailUrl\":\"https:\/\/tallogoldleaf.com\/es\/wp-content\/uploads\/2017\/11\/img-water_based_all_sizes.jpg\",\"datePublished\":\"2017-11-28T01:31:48+00:00\",\"dateModified\":\"2019-07-01T22:34:19+00:00\",\"breadcrumb\":{\"@id\":\"https:\/\/tallogoldleaf.com\/es\/catalogo\/primario-sellador-base-agua\/#breadcrumb\"},\"inLanguage\":\"es\",\"potentialAction\":[{\"@type\":\"ReadAction\",\"target\":[\"https:\/\/tallogoldleaf.com\/es\/catalogo\/primario-sellador-base-agua\/\"]}]},{\"@type\":\"ImageObject\",\"inLanguage\":\"es\",\"@id\":\"https:\/\/tallogoldleaf.com\/es\/catalogo\/primario-sellador-base-agua\/#primaryimage\",\"url\":\"https:\/\/tallogoldleaf.com\/es\/wp-content\/uploads\/2017\/11\/img-water_based_all_sizes.jpg\",\"contentUrl\":\"https:\/\/tallogoldleaf.com\/es\/wp-content\/uploads\/2017\/11\/img-water_based_all_sizes.jpg\",\"width\":900,\"height\":900,\"caption\":\"Water Based Primer\"},{\"@type\":\"BreadcrumbList\",\"@id\":\"https:\/\/tallogoldleaf.com\/es\/catalogo\/primario-sellador-base-agua\/#breadcrumb\",\"itemListElement\":[{\"@type\":\"ListItem\",\"position\":1,\"name\":\"Inicio\",\"item\":\"https:\/\/tallogoldleaf.com\/es\/\"},{\"@type\":\"ListItem\",\"position\":2,\"name\":\"Cat\u00e1logo\",\"item\":\"https:\/\/tallogoldleaf.com\/es\/catalogo\/\"},{\"@type\":\"ListItem\",\"position\":3,\"name\":\"Primario Sellador &#8211; Base Agua\"}]},{\"@type\":\"WebSite\",\"@id\":\"https:\/\/tallogoldleaf.com\/es\/#website\",\"url\":\"https:\/\/tallogoldleaf.com\/es\/\",\"name\":\"Productos Internacionales Tallo\",\"description\":\"Hojas de imitaci\u00f3n de oro y plata en Estados Unidos\",\"publisher\":{\"@id\":\"https:\/\/tallogoldleaf.com\/es\/#organization\"},\"potentialAction\":[{\"@type\":\"SearchAction\",\"target\":{\"@type\":\"EntryPoint\",\"urlTemplate\":\"https:\/\/tallogoldleaf.com\/es\/?s={search_term_string}\"},\"query-input\":{\"@type\":\"PropertyValueSpecification\",\"valueRequired\":true,\"valueName\":\"search_term_string\"}}],\"inLanguage\":\"es\"},{\"@type\":\"Organization\",\"@id\":\"https:\/\/tallogoldleaf.com\/es\/#organization\",\"name\":\"Productos Internacionales Tallo\",\"url\":\"https:\/\/tallogoldleaf.com\/es\/\",\"logo\":{\"@type\":\"ImageObject\",\"inLanguage\":\"es\",\"@id\":\"https:\/\/tallogoldleaf.com\/es\/#\/schema\/logo\/image\/\",\"url\":\"https:\/\/tallogoldleaf.com\/es\/wp-content\/uploads\/2019\/09\/Logo_Tallo-Para-Web-cuadrado.png\",\"contentUrl\":\"https:\/\/tallogoldleaf.com\/es\/wp-content\/uploads\/2019\/09\/Logo_Tallo-Para-Web-cuadrado.png\",\"width\":307,\"height\":307,\"caption\":\"Productos Internacionales Tallo\"},\"image\":{\"@id\":\"https:\/\/tallogoldleaf.com\/es\/#\/schema\/logo\/image\/\"}}]}<\/script>\n<!-- \/ Yoast SEO plugin. -->","yoast_head_json":{"title":"Primario Sellador - Base Agua | Productos Internacionales Tallo","robots":{"index":"index","follow":"follow","max-snippet":"max-snippet:-1","max-image-preview":"max-image-preview:large","max-video-preview":"max-video-preview:-1"},"canonical":"https:\/\/tallogoldleaf.com\/es\/catalogo\/primario-sellador-base-agua\/","og_locale":"es_MX","og_type":"article","og_title":"Primario Sellador - Base Agua | Productos Internacionales Tallo","og_description":"Proporciona color, una superficie lisa, resalta las imperfecciones. Disponible rojo ocre, amarillo ocre y negro.   Sella y tonificar la superficie.  Se adhiere a todas las superficies.  Se puede utilizar con todos los acabados.  Mejora la cobertura de los acabados de color.  Proporciona m\u00e1xima cobertura.  Seca en una hora.  Uso en superficies nuevas o pintadas, incluyendo madera, paneles de yeso, vinilo, figuras terminadas en barro, metal galvanizado, baldosas de cer\u00e1mica y m\u00e1s. *No es complatible con capas posteriores de productos de aceite o base solvente.* Enviamos a toda la Rep\u00fablica Mexicana sin excepci\u00f3n y somos especialistas en env\u00edos a toda America Latina y el mundo. *Cont\u00e1ctanos para enviarle una cotizaci\u00f3n con flete incluido. Env\u00edanos un correo con el n\u00famero de SKU de los productos que desea ordenar en nuestra forma de contacto*.","og_url":"https:\/\/tallogoldleaf.com\/es\/catalogo\/primario-sellador-base-agua\/","og_site_name":"Productos Internacionales Tallo","article_modified_time":"2019-07-01T22:34:19+00:00","og_image":[{"width":900,"height":900,"url":"https:\/\/tallogoldleaf.com\/es\/wp-content\/uploads\/2017\/11\/img-water_based_all_sizes.jpg","type":"image\/jpeg"}],"twitter_card":"summary_large_image","twitter_misc":{"Tiempo de lectura":"2 minutos"},"schema":{"@context":"https:\/\/schema.org","@graph":[{"@type":"WebPage","@id":"https:\/\/tallogoldleaf.com\/es\/catalogo\/primario-sellador-base-agua\/","url":"https:\/\/tallogoldleaf.com\/es\/catalogo\/primario-sellador-base-agua\/","name":"Primario Sellador - Base Agua | Productos Internacionales Tallo","isPartOf":{"@id":"https:\/\/tallogoldleaf.com\/es\/#website"},"primaryImageOfPage":{"@id":"https:\/\/tallogoldleaf.com\/es\/catalogo\/primario-sellador-base-agua\/#primaryimage"},"image":{"@id":"https:\/\/tallogoldleaf.com\/es\/catalogo\/primario-sellador-base-agua\/#primaryimage"},"thumbnailUrl":"https:\/\/tallogoldleaf.com\/es\/wp-content\/uploads\/2017\/11\/img-water_based_all_sizes.jpg","datePublished":"2017-11-28T01:31:48+00:00","dateModified":"2019-07-01T22:34:19+00:00","breadcrumb":{"@id":"https:\/\/tallogoldleaf.com\/es\/catalogo\/primario-sellador-base-agua\/#breadcrumb"},"inLanguage":"es","potentialAction":[{"@type":"ReadAction","target":["https:\/\/tallogoldleaf.com\/es\/catalogo\/primario-sellador-base-agua\/"]}]},{"@type":"ImageObject","inLanguage":"es","@id":"https:\/\/tallogoldleaf.com\/es\/catalogo\/primario-sellador-base-agua\/#primaryimage","url":"https:\/\/tallogoldleaf.com\/es\/wp-content\/uploads\/2017\/11\/img-water_based_all_sizes.jpg","contentUrl":"https:\/\/tallogoldleaf.com\/es\/wp-content\/uploads\/2017\/11\/img-water_based_all_sizes.jpg","width":900,"height":900,"caption":"Water Based Primer"},{"@type":"BreadcrumbList","@id":"https:\/\/tallogoldleaf.com\/es\/catalogo\/primario-sellador-base-agua\/#breadcrumb","itemListElement":[{"@type":"ListItem","position":1,"name":"Inicio","item":"https:\/\/tallogoldleaf.com\/es\/"},{"@type":"ListItem","position":2,"name":"Cat\u00e1logo","item":"https:\/\/tallogoldleaf.com\/es\/catalogo\/"},{"@type":"ListItem","position":3,"name":"Primario Sellador &#8211; Base Agua"}]},{"@type":"WebSite","@id":"https:\/\/tallogoldleaf.com\/es\/#website","url":"https:\/\/tallogoldleaf.com\/es\/","name":"Productos Internacionales Tallo","description":"Hojas de imitaci\u00f3n de oro y plata en Estados Unidos","publisher":{"@id":"https:\/\/tallogoldleaf.com\/es\/#organization"},"potentialAction":[{"@type":"SearchAction","target":{"@type":"EntryPoint","urlTemplate":"https:\/\/tallogoldleaf.com\/es\/?s={search_term_string}"},"query-input":{"@type":"PropertyValueSpecification","valueRequired":true,"valueName":"search_term_string"}}],"inLanguage":"es"},{"@type":"Organization","@id":"https:\/\/tallogoldleaf.com\/es\/#organization","name":"Productos Internacionales Tallo","url":"https:\/\/tallogoldleaf.com\/es\/","logo":{"@type":"ImageObject","inLanguage":"es","@id":"https:\/\/tallogoldleaf.com\/es\/#\/schema\/logo\/image\/","url":"https:\/\/tallogoldleaf.com\/es\/wp-content\/uploads\/2019\/09\/Logo_Tallo-Para-Web-cuadrado.png","contentUrl":"https:\/\/tallogoldleaf.com\/es\/wp-content\/uploads\/2019\/09\/Logo_Tallo-Para-Web-cuadrado.png","width":307,"height":307,"caption":"Productos Internacionales Tallo"},"image":{"@id":"https:\/\/tallogoldleaf.com\/es\/#\/schema\/logo\/image\/"}}]}},"_links":{"self":[{"href":"https:\/\/tallogoldleaf.com\/es\/wp-json\/wp\/v2\/product\/418","targetHints":{"allow":["GET"]}}],"collection":[{"href":"https:\/\/tallogoldleaf.com\/es\/wp-json\/wp\/v2\/product"}],"about":[{"href":"https:\/\/tallogoldleaf.com\/es\/wp-json\/wp\/v2\/types\/product"}],"replies":[{"embeddable":true,"href":"https:\/\/tallogoldleaf.com\/es\/wp-json\/wp\/v2\/comments?post=418"}],"wp:featuredmedia":[{"embeddable":true,"href":"https:\/\/tallogoldleaf.com\/es\/wp-json\/wp\/v2\/media\/717"}],"wp:attachment":[{"href":"https:\/\/tallogoldleaf.com\/es\/wp-json\/wp\/v2\/media?parent=418"}],"wp:term":[{"taxonomy":"product_cat","embeddable":true,"href":"https:\/\/tallogoldleaf.com\/es\/wp-json\/wp\/v2\/product_cat?post=418"},{"taxonomy":"product_tag","embeddable":true,"href":"https:\/\/tallogoldleaf.com\/es\/wp-json\/wp\/v2\/product_tag?post=418"}],"curies":[{"name":"wp","href":"https:\/\/api.w.org\/{rel}","templated":true}]}}