{"id":424,"date":"2017-11-29T18:25:43","date_gmt":"2017-11-29T18:25:43","guid":{"rendered":"https:\/\/tallogoldleaf.com\/es\/?post_type=product&#038;p=424"},"modified":"2019-07-01T13:44:32","modified_gmt":"2019-07-01T21:44:32","slug":"hoja-de-cobre","status":"publish","type":"product","link":"https:\/\/tallogoldleaf.com\/es\/catalogo\/hoja-de-cobre\/","title":{"rendered":"Hoja de Cobre"},"content":{"rendered":"<div class=\"wpb-content-wrapper\">[vc_row][vc_column][vc_column_text]La imitaci\u00f3n hoja de oro color cobre tambi\u00e9n denominada como imitaci\u00f3n Pan de oro color cobre, hoja de oro falsa color cobre, hoja falsa cobriza y hoja cobriza para dorar, est\u00e1 hecha principalmente de cobre lo que le da la denominaci\u00f3n de color #0.<\/p>\n<h4><span style=\"color: #bb873c; margin-top: 20px;\">Cobertura aproximada de la hoja<\/span><\/h4>\n<p><strong>Medida:<\/strong> hojas de 16cm x 16 &#8211; 6 \u00bc\u201d x 6 \u00bc\u201d<\/p>\n<table class=\"table table-hover\">\n<thead>\n<tr>\n<th>Tipo de Empaque<\/th>\n<th>C\u00f3digo SKU<\/th>\n<th>Pies Cuadrados<\/th>\n<th>Metros Cuadrados<\/th>\n<\/tr>\n<\/thead>\n<tbody>\n<tr>\n<th scope=\"row\">50<\/th>\n<th>COP-06<\/th>\n<th>9 ft\u00b2<\/th>\n<th>0.8 m\u00b2<\/th>\n<\/tr>\n<tr>\n<th>500<\/th>\n<th>COP-04<\/th>\n<th>85 ft\u00b2<\/th>\n<th>8 m\u00b2<\/th>\n<\/tr>\n<tr>\n<th>1,000<\/th>\n<th>COP-03<\/th>\n<th>167 ft\u00b2<\/th>\n<th>15.5 m\u00b2<\/th>\n<\/tr>\n<tr>\n<th>10,000<span style=\"color: #ff6600;\">*<\/span><\/th>\n<th>COP-01<\/th>\n<th>&#8212;<\/th>\n<th>&#8212;<\/th>\n<\/tr>\n<\/tbody>\n<\/table>\n<h6><span style=\"color: #ff6600;\">*<\/span><strong>S\u00f3lo se pide un paquete por cliente.<\/strong><\/h6>\n<h4><span style=\"color: #bb873c; margin-top: 20px;\">Descripci\u00f3n empaque<\/span><\/h4>\n<ul>\n<li><strong>Paquete de 25 hojas:<\/strong> las hojas est\u00e1n juntas y entrelazadas unas con otras, separadas de los extremos para visualizar y facilitar que se puedan agarrar y est\u00e1n envueltas en papel color blanco y cubiertas con dos cartoncillos dentro de una bolsa de pl\u00e1stico, f\u00e1cil de maniobrar el paquete sin que se da\u00f1e la hoja de imitaci\u00f3n de cobre.<\/li>\n<li><strong>Paquete de 50 hojas:<\/strong> las hojas est\u00e1n juntas y entrelazadas unas con otras, separadas de los extremos para visualizar y facilitar que se puedan agarrar y est\u00e1n envueltas en papel color blanco y cubiertas con dos cartoncillos dentro de una bolsa de pl\u00e1stico, f\u00e1cil de maniobrar el paquete sin que se da\u00f1e la hoja de imitaci\u00f3n de cobre.<\/li>\n<li><strong>Paquete de 500 hojas:<\/strong> las hojas est\u00e1n juntas y entrelazadas unas con otras, separadas de los extremos para visualizar y facilitar que se puedan agarrar, contiene una separaci\u00f3n de papel por cada 100 hojas y todas est\u00e1n envueltas en papel color blanco.<\/li>\n<li><strong>Paquete de 1,000 hojas:<\/strong> contiene dos paquetes de 500 hojas con la descripci\u00f3n anterior.<\/li>\n<li><strong>Caja con paquete de 10,000 hojas:<\/strong> contiene 20 paquetes de 500 hojas con la descripci\u00f3n anterior, envueltas en dos cartoncillos dentro de una bolsa sellada de papel met\u00e1lico en una caja.<\/li>\n<\/ul>\n[\/vc_column_text]<div class=\"ult-spacer spacer-69ebab732db76\" data-id=\"69ebab732db76\" data-height=\"30\" data-height-mobile=\"30\" data-height-tab=\"30\" data-height-tab-portrait=\"\" data-height-mobile-landscape=\"\" style=\"clear:both;display:block;\"><\/div>[\/vc_column][\/vc_row][vc_row disable_element=&#8221;yes&#8221;][vc_column]<div class=\" ubtn-ctn-center gradient-border_button\"><button type=\"button\" id=\"ubtn-7382\"  class=\"ubtn ult-adjust-bottom-margin ult-responsive ubtn-block ubtn-no-hover-bg  none  ubtn-sep-icon ubtn-sep-icon-bottom-push  ubtn-center gradient-border_button  tooltip-69ebab732db90\"  data-hover=\"#a97b30\" data-border-color=\"#a97b30\" data-bg=\"rgba(239,232,223,0.62)\" data-hover-bg=\"\" data-border-hover=\"\" data-shadow-hover=\"\" data-shadow-click=\"none\" data-shadow=\"\" data-shd-shadow=\"\"  data-ultimate-target='#ubtn-7382'  data-responsive-json-new='{\"font-size\":\"desktop:20px;\",\"line-height\":\"desktop:18px;\"}'  style=\"font-family:&#039;Old Standard TT&#039;;font-weight:normal;border-radius:5px;border-width:3px;border-color:#a97b30;border-style:solid;background: rgba(239,232,223,0.62);color: #333333;\"><span class=\"ubtn-data ubtn-icon\"><i class=\"Defaults-play-circle-o\" style=\"font-size:50px;color:#a97b30;\"><\/i><\/span><span class=\"ubtn-hover\" style=\"background-color:\"><\/span><span class=\"ubtn-data ubtn-text \" >See How To Apply Imitation Copper Leaf On a Surface<\/span><\/button><\/div>[\/vc_column][\/vc_row]\n<\/div>","protected":false},"excerpt":{"rendered":"<p><strong>S\u00f3lo manejamos la medida de hoja europea 16cm x 16cm (6 \u00bc\u201d x 6 \u00bc\u201d), Color #0<\/strong><\/p>\n<p>La hoja es de buena calidad, con un color uniforme, y buen espesor. El color cobre catalogado como color #0 tiene una tonalidad m\u00e1s rojiza en comparaci\u00f3n con el color imitaci\u00f3n oro.<\/p>\n<p><em><strong>Enviamos a toda la Rep\u00fablica Mexicana sin excepci\u00f3n y somos especialistas en env\u00edos a toda Latinoam\u00e9rica y el mundo.<\/strong><\/em><\/p>\n<p>&nbsp;<\/p>\n<p><small><strong>*Cont\u00e1ctanos para enviarle una cotizaci\u00f3n con flete incluido. Env\u00edanos un correo con el n\u00famero de SKU de los productos que desea ordenar en <a href=\"https:\/\/tallogoldleaf.com\/es\/contact\/\">nuestra forma de contacto<\/a>*.<\/strong><\/small><\/p>\n<hr \/>\n<p>&nbsp;<\/p>\n","protected":false},"featured_media":430,"comment_status":"closed","ping_status":"closed","template":"","meta":{"_exactmetrics_skip_tracking":false,"_exactmetrics_sitenote_active":false,"_exactmetrics_sitenote_note":"","_exactmetrics_sitenote_category":0},"product_cat":[63],"product_tag":[],"class_list":{"0":"post-424","1":"product","2":"type-product","3":"status-publish","4":"has-post-thumbnail","6":"product_cat-florentina-cobre-rollos","7":"entry","8":"post-inner","10":"first","11":"instock","12":"shipping-taxable","13":"purchasable","14":"product-type-variable"},"yoast_head":"<!-- This site is optimized with the Yoast SEO plugin v26.9 - https:\/\/yoast.com\/product\/yoast-seo-wordpress\/ -->\n<title>Hoja de Cobre | Productos Internacionales Tallo<\/title>\n<meta name=\"robots\" content=\"index, follow, max-snippet:-1, max-image-preview:large, max-video-preview:-1\" \/>\n<link rel=\"canonical\" href=\"https:\/\/tallogoldleaf.com\/es\/catalogo\/hoja-de-cobre\/\" \/>\n<meta property=\"og:locale\" content=\"es_MX\" \/>\n<meta property=\"og:type\" content=\"article\" \/>\n<meta property=\"og:title\" content=\"Hoja de Cobre | Productos Internacionales Tallo\" \/>\n<meta property=\"og:description\" content=\"S\u00f3lo manejamos la medida de hoja europea 16cm x 16cm (6 \u00bc\u201d x 6 \u00bc\u201d), Color #0  La hoja es de buena calidad, con un color uniforme, y buen espesor. El color cobre catalogado como color #0 tiene una tonalidad m\u00e1s rojiza en comparaci\u00f3n con el color imitaci\u00f3n oro.  Enviamos a toda la Rep\u00fablica Mexicana sin excepci\u00f3n y somos especialistas en env\u00edos a toda Latinoam\u00e9rica y el mundo.  &nbsp;  *Cont\u00e1ctanos para enviarle una cotizaci\u00f3n con flete incluido. Env\u00edanos un correo con el n\u00famero de SKU de los productos que desea ordenar en nuestra forma de contacto*.    &nbsp;\" \/>\n<meta property=\"og:url\" content=\"https:\/\/tallogoldleaf.com\/es\/catalogo\/hoja-de-cobre\/\" \/>\n<meta property=\"og:site_name\" content=\"Productos Internacionales Tallo\" \/>\n<meta property=\"article:modified_time\" content=\"2019-07-01T21:44:32+00:00\" \/>\n<meta property=\"og:image\" content=\"https:\/\/tallogoldleaf.com\/es\/wp-content\/uploads\/2017\/11\/imitation_cooper_leaf-cop_01.jpg\" \/>\n\t<meta property=\"og:image:width\" content=\"900\" \/>\n\t<meta property=\"og:image:height\" content=\"900\" \/>\n\t<meta property=\"og:image:type\" content=\"image\/jpeg\" \/>\n<meta name=\"twitter:card\" content=\"summary_large_image\" \/>\n<meta name=\"twitter:label1\" content=\"Tiempo de lectura\" \/>\n\t<meta name=\"twitter:data1\" content=\"2 minutos\" \/>\n<script type=\"application\/ld+json\" class=\"yoast-schema-graph\">{\"@context\":\"https:\/\/schema.org\",\"@graph\":[{\"@type\":\"WebPage\",\"@id\":\"https:\/\/tallogoldleaf.com\/es\/catalogo\/hoja-de-cobre\/\",\"url\":\"https:\/\/tallogoldleaf.com\/es\/catalogo\/hoja-de-cobre\/\",\"name\":\"Hoja de Cobre | Productos Internacionales Tallo\",\"isPartOf\":{\"@id\":\"https:\/\/tallogoldleaf.com\/es\/#website\"},\"primaryImageOfPage\":{\"@id\":\"https:\/\/tallogoldleaf.com\/es\/catalogo\/hoja-de-cobre\/#primaryimage\"},\"image\":{\"@id\":\"https:\/\/tallogoldleaf.com\/es\/catalogo\/hoja-de-cobre\/#primaryimage\"},\"thumbnailUrl\":\"https:\/\/tallogoldleaf.com\/es\/wp-content\/uploads\/2017\/11\/imitation_cooper_leaf-cop_01.jpg\",\"datePublished\":\"2017-11-29T18:25:43+00:00\",\"dateModified\":\"2019-07-01T21:44:32+00:00\",\"breadcrumb\":{\"@id\":\"https:\/\/tallogoldleaf.com\/es\/catalogo\/hoja-de-cobre\/#breadcrumb\"},\"inLanguage\":\"es\",\"potentialAction\":[{\"@type\":\"ReadAction\",\"target\":[\"https:\/\/tallogoldleaf.com\/es\/catalogo\/hoja-de-cobre\/\"]}]},{\"@type\":\"ImageObject\",\"inLanguage\":\"es\",\"@id\":\"https:\/\/tallogoldleaf.com\/es\/catalogo\/hoja-de-cobre\/#primaryimage\",\"url\":\"https:\/\/tallogoldleaf.com\/es\/wp-content\/uploads\/2017\/11\/imitation_cooper_leaf-cop_01.jpg\",\"contentUrl\":\"https:\/\/tallogoldleaf.com\/es\/wp-content\/uploads\/2017\/11\/imitation_cooper_leaf-cop_01.jpg\",\"width\":900,\"height\":900},{\"@type\":\"BreadcrumbList\",\"@id\":\"https:\/\/tallogoldleaf.com\/es\/catalogo\/hoja-de-cobre\/#breadcrumb\",\"itemListElement\":[{\"@type\":\"ListItem\",\"position\":1,\"name\":\"Inicio\",\"item\":\"https:\/\/tallogoldleaf.com\/es\/\"},{\"@type\":\"ListItem\",\"position\":2,\"name\":\"Cat\u00e1logo\",\"item\":\"https:\/\/tallogoldleaf.com\/es\/catalogo\/\"},{\"@type\":\"ListItem\",\"position\":3,\"name\":\"Hoja de Cobre\"}]},{\"@type\":\"WebSite\",\"@id\":\"https:\/\/tallogoldleaf.com\/es\/#website\",\"url\":\"https:\/\/tallogoldleaf.com\/es\/\",\"name\":\"Productos Internacionales Tallo\",\"description\":\"Hojas de imitaci\u00f3n de oro y plata en Estados Unidos\",\"publisher\":{\"@id\":\"https:\/\/tallogoldleaf.com\/es\/#organization\"},\"potentialAction\":[{\"@type\":\"SearchAction\",\"target\":{\"@type\":\"EntryPoint\",\"urlTemplate\":\"https:\/\/tallogoldleaf.com\/es\/?s={search_term_string}\"},\"query-input\":{\"@type\":\"PropertyValueSpecification\",\"valueRequired\":true,\"valueName\":\"search_term_string\"}}],\"inLanguage\":\"es\"},{\"@type\":\"Organization\",\"@id\":\"https:\/\/tallogoldleaf.com\/es\/#organization\",\"name\":\"Productos Internacionales Tallo\",\"url\":\"https:\/\/tallogoldleaf.com\/es\/\",\"logo\":{\"@type\":\"ImageObject\",\"inLanguage\":\"es\",\"@id\":\"https:\/\/tallogoldleaf.com\/es\/#\/schema\/logo\/image\/\",\"url\":\"https:\/\/tallogoldleaf.com\/es\/wp-content\/uploads\/2019\/09\/Logo_Tallo-Para-Web-cuadrado.png\",\"contentUrl\":\"https:\/\/tallogoldleaf.com\/es\/wp-content\/uploads\/2019\/09\/Logo_Tallo-Para-Web-cuadrado.png\",\"width\":307,\"height\":307,\"caption\":\"Productos Internacionales Tallo\"},\"image\":{\"@id\":\"https:\/\/tallogoldleaf.com\/es\/#\/schema\/logo\/image\/\"}}]}<\/script>\n<!-- \/ Yoast SEO plugin. -->","yoast_head_json":{"title":"Hoja de Cobre | Productos Internacionales Tallo","robots":{"index":"index","follow":"follow","max-snippet":"max-snippet:-1","max-image-preview":"max-image-preview:large","max-video-preview":"max-video-preview:-1"},"canonical":"https:\/\/tallogoldleaf.com\/es\/catalogo\/hoja-de-cobre\/","og_locale":"es_MX","og_type":"article","og_title":"Hoja de Cobre | Productos Internacionales Tallo","og_description":"S\u00f3lo manejamos la medida de hoja europea 16cm x 16cm (6 \u00bc\u201d x 6 \u00bc\u201d), Color #0  La hoja es de buena calidad, con un color uniforme, y buen espesor. El color cobre catalogado como color #0 tiene una tonalidad m\u00e1s rojiza en comparaci\u00f3n con el color imitaci\u00f3n oro.  Enviamos a toda la Rep\u00fablica Mexicana sin excepci\u00f3n y somos especialistas en env\u00edos a toda Latinoam\u00e9rica y el mundo.  &nbsp;  *Cont\u00e1ctanos para enviarle una cotizaci\u00f3n con flete incluido. Env\u00edanos un correo con el n\u00famero de SKU de los productos que desea ordenar en nuestra forma de contacto*.    &nbsp;","og_url":"https:\/\/tallogoldleaf.com\/es\/catalogo\/hoja-de-cobre\/","og_site_name":"Productos Internacionales Tallo","article_modified_time":"2019-07-01T21:44:32+00:00","og_image":[{"width":900,"height":900,"url":"https:\/\/tallogoldleaf.com\/es\/wp-content\/uploads\/2017\/11\/imitation_cooper_leaf-cop_01.jpg","type":"image\/jpeg"}],"twitter_card":"summary_large_image","twitter_misc":{"Tiempo de lectura":"2 minutos"},"schema":{"@context":"https:\/\/schema.org","@graph":[{"@type":"WebPage","@id":"https:\/\/tallogoldleaf.com\/es\/catalogo\/hoja-de-cobre\/","url":"https:\/\/tallogoldleaf.com\/es\/catalogo\/hoja-de-cobre\/","name":"Hoja de Cobre | Productos Internacionales Tallo","isPartOf":{"@id":"https:\/\/tallogoldleaf.com\/es\/#website"},"primaryImageOfPage":{"@id":"https:\/\/tallogoldleaf.com\/es\/catalogo\/hoja-de-cobre\/#primaryimage"},"image":{"@id":"https:\/\/tallogoldleaf.com\/es\/catalogo\/hoja-de-cobre\/#primaryimage"},"thumbnailUrl":"https:\/\/tallogoldleaf.com\/es\/wp-content\/uploads\/2017\/11\/imitation_cooper_leaf-cop_01.jpg","datePublished":"2017-11-29T18:25:43+00:00","dateModified":"2019-07-01T21:44:32+00:00","breadcrumb":{"@id":"https:\/\/tallogoldleaf.com\/es\/catalogo\/hoja-de-cobre\/#breadcrumb"},"inLanguage":"es","potentialAction":[{"@type":"ReadAction","target":["https:\/\/tallogoldleaf.com\/es\/catalogo\/hoja-de-cobre\/"]}]},{"@type":"ImageObject","inLanguage":"es","@id":"https:\/\/tallogoldleaf.com\/es\/catalogo\/hoja-de-cobre\/#primaryimage","url":"https:\/\/tallogoldleaf.com\/es\/wp-content\/uploads\/2017\/11\/imitation_cooper_leaf-cop_01.jpg","contentUrl":"https:\/\/tallogoldleaf.com\/es\/wp-content\/uploads\/2017\/11\/imitation_cooper_leaf-cop_01.jpg","width":900,"height":900},{"@type":"BreadcrumbList","@id":"https:\/\/tallogoldleaf.com\/es\/catalogo\/hoja-de-cobre\/#breadcrumb","itemListElement":[{"@type":"ListItem","position":1,"name":"Inicio","item":"https:\/\/tallogoldleaf.com\/es\/"},{"@type":"ListItem","position":2,"name":"Cat\u00e1logo","item":"https:\/\/tallogoldleaf.com\/es\/catalogo\/"},{"@type":"ListItem","position":3,"name":"Hoja de Cobre"}]},{"@type":"WebSite","@id":"https:\/\/tallogoldleaf.com\/es\/#website","url":"https:\/\/tallogoldleaf.com\/es\/","name":"Productos Internacionales Tallo","description":"Hojas de imitaci\u00f3n de oro y plata en Estados Unidos","publisher":{"@id":"https:\/\/tallogoldleaf.com\/es\/#organization"},"potentialAction":[{"@type":"SearchAction","target":{"@type":"EntryPoint","urlTemplate":"https:\/\/tallogoldleaf.com\/es\/?s={search_term_string}"},"query-input":{"@type":"PropertyValueSpecification","valueRequired":true,"valueName":"search_term_string"}}],"inLanguage":"es"},{"@type":"Organization","@id":"https:\/\/tallogoldleaf.com\/es\/#organization","name":"Productos Internacionales Tallo","url":"https:\/\/tallogoldleaf.com\/es\/","logo":{"@type":"ImageObject","inLanguage":"es","@id":"https:\/\/tallogoldleaf.com\/es\/#\/schema\/logo\/image\/","url":"https:\/\/tallogoldleaf.com\/es\/wp-content\/uploads\/2019\/09\/Logo_Tallo-Para-Web-cuadrado.png","contentUrl":"https:\/\/tallogoldleaf.com\/es\/wp-content\/uploads\/2019\/09\/Logo_Tallo-Para-Web-cuadrado.png","width":307,"height":307,"caption":"Productos Internacionales Tallo"},"image":{"@id":"https:\/\/tallogoldleaf.com\/es\/#\/schema\/logo\/image\/"}}]}},"_links":{"self":[{"href":"https:\/\/tallogoldleaf.com\/es\/wp-json\/wp\/v2\/product\/424","targetHints":{"allow":["GET"]}}],"collection":[{"href":"https:\/\/tallogoldleaf.com\/es\/wp-json\/wp\/v2\/product"}],"about":[{"href":"https:\/\/tallogoldleaf.com\/es\/wp-json\/wp\/v2\/types\/product"}],"replies":[{"embeddable":true,"href":"https:\/\/tallogoldleaf.com\/es\/wp-json\/wp\/v2\/comments?post=424"}],"wp:featuredmedia":[{"embeddable":true,"href":"https:\/\/tallogoldleaf.com\/es\/wp-json\/wp\/v2\/media\/430"}],"wp:attachment":[{"href":"https:\/\/tallogoldleaf.com\/es\/wp-json\/wp\/v2\/media?parent=424"}],"wp:term":[{"taxonomy":"product_cat","embeddable":true,"href":"https:\/\/tallogoldleaf.com\/es\/wp-json\/wp\/v2\/product_cat?post=424"},{"taxonomy":"product_tag","embeddable":true,"href":"https:\/\/tallogoldleaf.com\/es\/wp-json\/wp\/v2\/product_tag?post=424"}],"curies":[{"name":"wp","href":"https:\/\/api.w.org\/{rel}","templated":true}]}}