{"id":453,"date":"2018-01-16T18:06:14","date_gmt":"2018-01-16T18:06:14","guid":{"rendered":"https:\/\/tallogoldleaf.com\/es\/?post_type=product&#038;p=453"},"modified":"2019-09-20T15:47:50","modified_gmt":"2019-09-20T23:47:50","slug":"adhesivo-tallo","status":"publish","type":"product","link":"https:\/\/tallogoldleaf.com\/es\/catalogo\/adhesivo-tallo\/","title":{"rendered":"Adhesivo Base Agua para Hoja de Oro y Plata"},"content":{"rendered":"<div class=\"wpb-content-wrapper\">[vc_row][vc_column][vc_column_text]<strong>Adhesivo Tallo<\/strong>, es un Adhesivo Base Agua para Hoja de Oro y Plata hecho con una f\u00f3rmula contempor\u00e1nea relativamente nueva para el arte del dorado es sint\u00e9tico a base de agua, se trabaja exactamente igual del adhesivo denominado de aceite o <a href=\"https:\/\/es.wikipedia.org\/wiki\/Goma_laca\" target=\"_blank\" rel=\"noopener noreferrer\">goma laca<\/a>.<\/p>\n<p>Pero con caracter\u00edsticas superiores que le da mucho tiempo para pegar la hoja, se aplica el adhesivo de forma f\u00e1cil, no se requiere experiencia, es muy sencillo de usar, es un producto especial y adem\u00e1s mejor la calidad del terminado, y obtiene resultados profesionales.<\/p>\n<p><em><strong>Tiempo de secado:<\/strong><\/em> El adhesivo de Tallo permanecer\u00e1 pegajoso durante 36 horas antes de que se seque por completo y pierda adherencia. El clima puede afectar el tiempo.<\/p>\n<p><em><strong>Uso:<\/strong><\/em> en superficies nuevas o pintadas, incluyendo madera, pl\u00e1sticos, cer\u00e1mica, barro, paneles de yeso, aluminio, acero, metal galvanizado, metales recubiertos con pintura anticorrosiva, se adhiere a superficies brillantes como pinturas esmaltadas y barnices, laca, pintura acr\u00edlica, paneles, y laminados.<\/p>\n<p><em><strong>Equipo de aplicaci\u00f3n:<\/strong><\/em> Brochas, tela para dorar, guantes, y pistola de aire.<\/p>\n<h4><span style=\"color: #bb873c; margin-top: 20px;\">Medidas que cubre apr\u00f3ximadamente<\/span><\/h4>\n<table class=\"table table-hover\">\n<thead>\n<tr>\n<th>C\u00f3digo SKU<\/th>\n<th>Onzas<\/th>\n<th>Pies Cuadrados\u00a0 que cubre<\/th>\n<th>Litros<\/th>\n<th>Metros Cuadrados que cubre<\/th>\n<\/tr>\n<\/thead>\n<tbody>\n<tr>\n<th>M-AD-16<\/th>\n<th>16 oz<\/th>\n<th>52ft\u00b2<\/th>\n<th>473 mL<\/th>\n<th>5 m\u00b2<\/th>\n<\/tr>\n<tr>\n<th>M-AD-32<\/th>\n<th>32 oz<\/th>\n<th>105 ft\u00b2<\/th>\n<th>946 mL<\/th>\n<th>10 m\u00b2<\/th>\n<\/tr>\n<tr>\n<th>M-AD-64<\/th>\n<th>64 oz<\/th>\n<th>210 ft\u00b2<\/th>\n<th>1,892 mL<\/th>\n<th>20 m\u00b2<\/th>\n<\/tr>\n<tr>\n<th>M-AD-128<\/th>\n<th>128 oz<\/th>\n<th>420 ft\u00b2<\/th>\n<th>1 Gal\u00f3n (3.78 L)<\/th>\n<th>40 m\u00b2<\/th>\n<\/tr>\n<\/tbody>\n<\/table>\n<h4><span style=\"color: #bb873c;\">\u00bfDescripci\u00f3n del producto?<\/span><\/h4>\n<p>El Adhesivo Base Agua para Hoja de Oro y Plata, tambi\u00e9n conocido como; adhesivo mixti\u00f3n, adhesivo para pegar pan de oro, goma laca, adhesivo cola de conejo, adhesivo hoja de oro, tambi\u00e9n se denomina de forma universal como; Adhesivo Size o oil-based size, que el nombre de la palabra \u201cSize\u201d proviene de la resina de la materia prima con la que est\u00e1 hecho el pegamento.<\/p>\n<h4><span style=\"color: #bb873c;\">\u00bfC\u00f3mo se aplica el adhesivo?<\/span><\/h4>\n<p><strong>Herramientas:<\/strong><\/p>\n<ul>\n<li><a href=\"https:\/\/tallogoldleaf.com\/es\/catalogo\/guantes-de-nitrilo-set-de-5-pares\/\">Guantes de nitrilo o l\u00e1tex<\/a><\/li>\n<li><a href=\"https:\/\/tallogoldleaf.com\/es\/catalogo\/tela-de-algodon\/\">Tela de algod\u00f3n tipo gasa especial para adhesivo<\/a><\/li>\n<li><a href=\"https:\/\/tallogoldleaf.com\/es\/catalogo\/brocha-multiusos\/\">Brocha multi-usos<\/a> y\/o <a href=\"https:\/\/tallogoldleaf.com\/es\/catalogo\/brocha-de-pelo-de-camello\/\">brocha de pelo de camello<\/a><\/li>\n<li>Pistola de aire<\/li>\n<\/ul>\n<p>Elecci\u00f3n un objetos peque\u00f1os para las primeras pruebas, lo mejor es comenzar con adornos u objetos peque\u00f1os, cuadros econ\u00f3micos, o con una tabla de madera<\/p>\n<p>El adhesivo est\u00e1 preparado para que lo aplique directamente sobre la superficie, pero tambi\u00e9n puede apoyarse de los siguientes tip que le ayudan dependiendo de las caracter\u00edsticas de las superficies y de las condiciones de climas extremos de calor y humedad<\/p>\n<p>El objetivo es cubrir la superficie con la pel\u00edcula m\u00e1s delgada y fina posible, evitar el exceso de adhesivo, gotas, burbujas y chorro.<\/p>\n<p style=\"padding-left: 40px;\"><em>Tip A: para que el adhesivo marca tallo se deslice suavemente sobre la superficie y consiga una pel\u00edcula m\u00e1s delgada: diluya el adhesivo con agua en un recipiente (de 90% a 80% de adhesivo y\/o de 10% a 20% de agua) este tip se recomienda para climas calurosos, para diluir el adhesivo para pistolas de aire, para bajar la intensidad del adhesivo cuando se requiera, y para algunas superficies especiales que lo requieran.<\/em><\/p>\n<p style=\"padding-left: 40px;\"><em>Tip B: esta opci\u00f3n ayuda a obtener una &#8220;superficie de pel\u00edcula super delgada&#8221; y &#8220;elimina el exceso del adhesivo, gotas, burbujas, chorro y las marcas de las cerdas de la brocha&#8221;,<\/em><\/p>\n<p>En un recipiente diluya el adhesivo marca tallo (desde 90% a 70% de adhesivo con hasta 10% o 30% de agua).<\/p>\n<p>Con una estopa de algod\u00f3n sum\u00e9rjalo en la soluci\u00f3n completamente, y despu\u00e9s expr\u00edmalo fuertemente de tal forma que el trapo le quede h\u00famedo, para que pueda absorber los excesos de adhesivo.<\/p>\n<p>Aplique el adhesivo como viene la preparaci\u00f3n original o puede diluirlo como lo menciona el Tip A. Despu\u00e9s de cubrir la superficie, con el trapo h\u00famedo quite los excesos de adhesivo de tal forma que le quede una pel\u00edcula s\u00faper delgada. Repita este proceso de mojar y exprimir la tela de algod\u00f3n cuantas veces sea necesario. Debe de trabajar de forma r\u00e1pida este proceso de aplicar el adhesivo y quitar los excesos.<\/p>\n<p>Despu\u00e9s de cubrir la superficie, espere a que se vuelva pegajosa o espere un tiempo m\u00ednimo de 30 minutos antes de aplicar la hoja.<\/p>\n<p>No se apresure la F\u00f3rmula Tallo permanecer\u00e1 pegajoso durante varias horas antes de que se seque por completo y pierda adherencia.<\/p>\n<p>El adhesivo Tallo se vuelve pegajoso en 30 minutos y permanece pegajoso durante 30 horas. El clima puede afectar estos tiempos tenga en cuenta las condiciones h\u00famedas, calurosas y secas.<\/p>\n<p>Los expertos doradores aconsejan aplicar la hoja despu\u00e9s de varias horas despu\u00e9s de aplicar el adhesivo, puede ser desde 2 u 8 horas despu\u00e9s o hasta el siguiente d\u00eda. Cuando el adhesivo tallo haya reducido la excesiva fuerza de su adherencia, esto depende si aplico la formula directa o se diluyo con agua adem\u00e1s de las condiciones del clima.[\/vc_column_text]<div class=\"ult-spacer spacer-69ebab8849886\" data-id=\"69ebab8849886\" data-height=\"30\" data-height-mobile=\"30\" data-height-tab=\"30\" data-height-tab-portrait=\"\" data-height-mobile-landscape=\"\" style=\"clear:both;display:block;\"><\/div>[\/vc_column][\/vc_row]\n<\/div>","protected":false},"excerpt":{"rendered":"<ul class=\"list-products\">\n<li>Producto especializado para pegar la hoja.<\/li>\n<li>El adhesivo tallo es sint\u00e9tico a base de agua es una f\u00f3rmula contempor\u00e1nea relativamente nueva para el arte del dorado.<\/li>\n<li>Mantiene la capacidad de adherencia hasta 36 horas.<\/li>\n<li>Se aplica el de forma f\u00e1cil, no se requiere experiencia, es muy sencillo de usar, es un producto para trabajos profesionales.<\/li>\n<\/ul>\n<p><em>Los materiales b\u00e1sicos para cualquier Proyecto son Adhesivo Tallo y la Hoja Imitaci\u00f3n.<\/em><\/p>\n<p style=\"text-align: left;\"><em><strong>Enviamos a toda la Rep\u00fablica Mexicana sin excepci\u00f3n y somos especialistas en env\u00edos a toda America Latina y el mundo.<\/strong><\/em><\/p>\n<p><small><strong>*Cont\u00e1ctanos para enviarle una cotizaci\u00f3n con flete incluido. Env\u00edanos un correo con el n\u00famero de SKU de los productos que desea ordenar en <a href=\"https:\/\/tallogoldleaf.com\/es\/contact\/\">nuestra forma de contacto<\/a>*.<\/strong><\/small><\/p>\n<hr \/>\n<p>&nbsp;<\/p>\n","protected":false},"featured_media":703,"comment_status":"closed","ping_status":"closed","template":"","meta":{"_exactmetrics_skip_tracking":false,"_exactmetrics_sitenote_active":false,"_exactmetrics_sitenote_note":"","_exactmetrics_sitenote_category":0},"product_cat":[13],"product_tag":[],"class_list":{"0":"post-453","1":"product","2":"type-product","3":"status-publish","4":"has-post-thumbnail","6":"product_cat-adhesivo","7":"entry","8":"post-inner","10":"first","11":"instock","12":"shipping-taxable","13":"purchasable","14":"product-type-variable"},"yoast_head":"<!-- This site is optimized with the Yoast SEO plugin v26.9 - https:\/\/yoast.com\/product\/yoast-seo-wordpress\/ -->\n<title>Adhesivo Base Agua para Hoja de Oro y Plata | Productos Internacionales Tallo<\/title>\n<meta name=\"description\" content=\"Venta de Adhesivo Base Agua para Hoja de Oro y Plata, (conocido tambi\u00e9n como Goma para Pan de Oro) al mejor precio y calidad. Enviamos a toda Latinoam\u00e9rica!\" \/>\n<meta name=\"robots\" content=\"index, follow, max-snippet:-1, max-image-preview:large, max-video-preview:-1\" \/>\n<link rel=\"canonical\" href=\"https:\/\/tallogoldleaf.com\/es\/catalogo\/adhesivo-tallo\/\" \/>\n<meta property=\"og:locale\" content=\"es_MX\" \/>\n<meta property=\"og:type\" content=\"article\" \/>\n<meta property=\"og:title\" content=\"Adhesivo Base Agua para Hoja de Oro y Plata | Productos Internacionales Tallo\" \/>\n<meta property=\"og:description\" content=\"Venta de Adhesivo Base Agua para Hoja de Oro y Plata, (conocido tambi\u00e9n como Goma para Pan de Oro) al mejor precio y calidad. Enviamos a toda Latinoam\u00e9rica!\" \/>\n<meta property=\"og:url\" content=\"https:\/\/tallogoldleaf.com\/es\/catalogo\/adhesivo-tallo\/\" \/>\n<meta property=\"og:site_name\" content=\"Productos Internacionales Tallo\" \/>\n<meta property=\"article:modified_time\" content=\"2019-09-20T23:47:50+00:00\" \/>\n<meta property=\"og:image\" content=\"https:\/\/tallogoldleaf.com\/es\/wp-content\/uploads\/2018\/01\/img_adhesive_size-64oz.jpg\" \/>\n\t<meta property=\"og:image:width\" content=\"900\" \/>\n\t<meta property=\"og:image:height\" content=\"900\" \/>\n\t<meta property=\"og:image:type\" content=\"image\/jpeg\" \/>\n<meta name=\"twitter:card\" content=\"summary_large_image\" \/>\n<meta name=\"twitter:label1\" content=\"Tiempo de lectura\" \/>\n\t<meta name=\"twitter:data1\" content=\"4 minutos\" \/>\n<script type=\"application\/ld+json\" class=\"yoast-schema-graph\">{\"@context\":\"https:\/\/schema.org\",\"@graph\":[{\"@type\":\"WebPage\",\"@id\":\"https:\/\/tallogoldleaf.com\/es\/catalogo\/adhesivo-tallo\/\",\"url\":\"https:\/\/tallogoldleaf.com\/es\/catalogo\/adhesivo-tallo\/\",\"name\":\"Adhesivo Base Agua para Hoja de Oro y Plata | Productos Internacionales Tallo\",\"isPartOf\":{\"@id\":\"https:\/\/tallogoldleaf.com\/es\/#website\"},\"primaryImageOfPage\":{\"@id\":\"https:\/\/tallogoldleaf.com\/es\/catalogo\/adhesivo-tallo\/#primaryimage\"},\"image\":{\"@id\":\"https:\/\/tallogoldleaf.com\/es\/catalogo\/adhesivo-tallo\/#primaryimage\"},\"thumbnailUrl\":\"https:\/\/tallogoldleaf.com\/es\/wp-content\/uploads\/2018\/01\/img_adhesive_size-64oz.jpg\",\"datePublished\":\"2018-01-16T18:06:14+00:00\",\"dateModified\":\"2019-09-20T23:47:50+00:00\",\"description\":\"Venta de Adhesivo Base Agua para Hoja de Oro y Plata, (conocido tambi\u00e9n como Goma para Pan de Oro) al mejor precio y calidad. Enviamos a toda Latinoam\u00e9rica!\",\"breadcrumb\":{\"@id\":\"https:\/\/tallogoldleaf.com\/es\/catalogo\/adhesivo-tallo\/#breadcrumb\"},\"inLanguage\":\"es\",\"potentialAction\":[{\"@type\":\"ReadAction\",\"target\":[\"https:\/\/tallogoldleaf.com\/es\/catalogo\/adhesivo-tallo\/\"]}]},{\"@type\":\"ImageObject\",\"inLanguage\":\"es\",\"@id\":\"https:\/\/tallogoldleaf.com\/es\/catalogo\/adhesivo-tallo\/#primaryimage\",\"url\":\"https:\/\/tallogoldleaf.com\/es\/wp-content\/uploads\/2018\/01\/img_adhesive_size-64oz.jpg\",\"contentUrl\":\"https:\/\/tallogoldleaf.com\/es\/wp-content\/uploads\/2018\/01\/img_adhesive_size-64oz.jpg\",\"width\":900,\"height\":900,\"caption\":\"Adhesivo Base Agua para Hoja de Oro y Plata\"},{\"@type\":\"BreadcrumbList\",\"@id\":\"https:\/\/tallogoldleaf.com\/es\/catalogo\/adhesivo-tallo\/#breadcrumb\",\"itemListElement\":[{\"@type\":\"ListItem\",\"position\":1,\"name\":\"Inicio\",\"item\":\"https:\/\/tallogoldleaf.com\/es\/\"},{\"@type\":\"ListItem\",\"position\":2,\"name\":\"Cat\u00e1logo\",\"item\":\"https:\/\/tallogoldleaf.com\/es\/catalogo\/\"},{\"@type\":\"ListItem\",\"position\":3,\"name\":\"Adhesivo Base Agua para Hoja de Oro y Plata\"}]},{\"@type\":\"WebSite\",\"@id\":\"https:\/\/tallogoldleaf.com\/es\/#website\",\"url\":\"https:\/\/tallogoldleaf.com\/es\/\",\"name\":\"Productos Internacionales Tallo\",\"description\":\"Hojas de imitaci\u00f3n de oro y plata en Estados Unidos\",\"publisher\":{\"@id\":\"https:\/\/tallogoldleaf.com\/es\/#organization\"},\"potentialAction\":[{\"@type\":\"SearchAction\",\"target\":{\"@type\":\"EntryPoint\",\"urlTemplate\":\"https:\/\/tallogoldleaf.com\/es\/?s={search_term_string}\"},\"query-input\":{\"@type\":\"PropertyValueSpecification\",\"valueRequired\":true,\"valueName\":\"search_term_string\"}}],\"inLanguage\":\"es\"},{\"@type\":\"Organization\",\"@id\":\"https:\/\/tallogoldleaf.com\/es\/#organization\",\"name\":\"Productos Internacionales Tallo\",\"url\":\"https:\/\/tallogoldleaf.com\/es\/\",\"logo\":{\"@type\":\"ImageObject\",\"inLanguage\":\"es\",\"@id\":\"https:\/\/tallogoldleaf.com\/es\/#\/schema\/logo\/image\/\",\"url\":\"https:\/\/tallogoldleaf.com\/es\/wp-content\/uploads\/2019\/09\/Logo_Tallo-Para-Web-cuadrado.png\",\"contentUrl\":\"https:\/\/tallogoldleaf.com\/es\/wp-content\/uploads\/2019\/09\/Logo_Tallo-Para-Web-cuadrado.png\",\"width\":307,\"height\":307,\"caption\":\"Productos Internacionales Tallo\"},\"image\":{\"@id\":\"https:\/\/tallogoldleaf.com\/es\/#\/schema\/logo\/image\/\"}}]}<\/script>\n<!-- \/ Yoast SEO plugin. -->","yoast_head_json":{"title":"Adhesivo Base Agua para Hoja de Oro y Plata | Productos Internacionales Tallo","description":"Venta de Adhesivo Base Agua para Hoja de Oro y Plata, (conocido tambi\u00e9n como Goma para Pan de Oro) al mejor precio y calidad. Enviamos a toda Latinoam\u00e9rica!","robots":{"index":"index","follow":"follow","max-snippet":"max-snippet:-1","max-image-preview":"max-image-preview:large","max-video-preview":"max-video-preview:-1"},"canonical":"https:\/\/tallogoldleaf.com\/es\/catalogo\/adhesivo-tallo\/","og_locale":"es_MX","og_type":"article","og_title":"Adhesivo Base Agua para Hoja de Oro y Plata | Productos Internacionales Tallo","og_description":"Venta de Adhesivo Base Agua para Hoja de Oro y Plata, (conocido tambi\u00e9n como Goma para Pan de Oro) al mejor precio y calidad. Enviamos a toda Latinoam\u00e9rica!","og_url":"https:\/\/tallogoldleaf.com\/es\/catalogo\/adhesivo-tallo\/","og_site_name":"Productos Internacionales Tallo","article_modified_time":"2019-09-20T23:47:50+00:00","og_image":[{"width":900,"height":900,"url":"https:\/\/tallogoldleaf.com\/es\/wp-content\/uploads\/2018\/01\/img_adhesive_size-64oz.jpg","type":"image\/jpeg"}],"twitter_card":"summary_large_image","twitter_misc":{"Tiempo de lectura":"4 minutos"},"schema":{"@context":"https:\/\/schema.org","@graph":[{"@type":"WebPage","@id":"https:\/\/tallogoldleaf.com\/es\/catalogo\/adhesivo-tallo\/","url":"https:\/\/tallogoldleaf.com\/es\/catalogo\/adhesivo-tallo\/","name":"Adhesivo Base Agua para Hoja de Oro y Plata | Productos Internacionales Tallo","isPartOf":{"@id":"https:\/\/tallogoldleaf.com\/es\/#website"},"primaryImageOfPage":{"@id":"https:\/\/tallogoldleaf.com\/es\/catalogo\/adhesivo-tallo\/#primaryimage"},"image":{"@id":"https:\/\/tallogoldleaf.com\/es\/catalogo\/adhesivo-tallo\/#primaryimage"},"thumbnailUrl":"https:\/\/tallogoldleaf.com\/es\/wp-content\/uploads\/2018\/01\/img_adhesive_size-64oz.jpg","datePublished":"2018-01-16T18:06:14+00:00","dateModified":"2019-09-20T23:47:50+00:00","description":"Venta de Adhesivo Base Agua para Hoja de Oro y Plata, (conocido tambi\u00e9n como Goma para Pan de Oro) al mejor precio y calidad. Enviamos a toda Latinoam\u00e9rica!","breadcrumb":{"@id":"https:\/\/tallogoldleaf.com\/es\/catalogo\/adhesivo-tallo\/#breadcrumb"},"inLanguage":"es","potentialAction":[{"@type":"ReadAction","target":["https:\/\/tallogoldleaf.com\/es\/catalogo\/adhesivo-tallo\/"]}]},{"@type":"ImageObject","inLanguage":"es","@id":"https:\/\/tallogoldleaf.com\/es\/catalogo\/adhesivo-tallo\/#primaryimage","url":"https:\/\/tallogoldleaf.com\/es\/wp-content\/uploads\/2018\/01\/img_adhesive_size-64oz.jpg","contentUrl":"https:\/\/tallogoldleaf.com\/es\/wp-content\/uploads\/2018\/01\/img_adhesive_size-64oz.jpg","width":900,"height":900,"caption":"Adhesivo Base Agua para Hoja de Oro y Plata"},{"@type":"BreadcrumbList","@id":"https:\/\/tallogoldleaf.com\/es\/catalogo\/adhesivo-tallo\/#breadcrumb","itemListElement":[{"@type":"ListItem","position":1,"name":"Inicio","item":"https:\/\/tallogoldleaf.com\/es\/"},{"@type":"ListItem","position":2,"name":"Cat\u00e1logo","item":"https:\/\/tallogoldleaf.com\/es\/catalogo\/"},{"@type":"ListItem","position":3,"name":"Adhesivo Base Agua para Hoja de Oro y Plata"}]},{"@type":"WebSite","@id":"https:\/\/tallogoldleaf.com\/es\/#website","url":"https:\/\/tallogoldleaf.com\/es\/","name":"Productos Internacionales Tallo","description":"Hojas de imitaci\u00f3n de oro y plata en Estados Unidos","publisher":{"@id":"https:\/\/tallogoldleaf.com\/es\/#organization"},"potentialAction":[{"@type":"SearchAction","target":{"@type":"EntryPoint","urlTemplate":"https:\/\/tallogoldleaf.com\/es\/?s={search_term_string}"},"query-input":{"@type":"PropertyValueSpecification","valueRequired":true,"valueName":"search_term_string"}}],"inLanguage":"es"},{"@type":"Organization","@id":"https:\/\/tallogoldleaf.com\/es\/#organization","name":"Productos Internacionales Tallo","url":"https:\/\/tallogoldleaf.com\/es\/","logo":{"@type":"ImageObject","inLanguage":"es","@id":"https:\/\/tallogoldleaf.com\/es\/#\/schema\/logo\/image\/","url":"https:\/\/tallogoldleaf.com\/es\/wp-content\/uploads\/2019\/09\/Logo_Tallo-Para-Web-cuadrado.png","contentUrl":"https:\/\/tallogoldleaf.com\/es\/wp-content\/uploads\/2019\/09\/Logo_Tallo-Para-Web-cuadrado.png","width":307,"height":307,"caption":"Productos Internacionales Tallo"},"image":{"@id":"https:\/\/tallogoldleaf.com\/es\/#\/schema\/logo\/image\/"}}]}},"_links":{"self":[{"href":"https:\/\/tallogoldleaf.com\/es\/wp-json\/wp\/v2\/product\/453","targetHints":{"allow":["GET"]}}],"collection":[{"href":"https:\/\/tallogoldleaf.com\/es\/wp-json\/wp\/v2\/product"}],"about":[{"href":"https:\/\/tallogoldleaf.com\/es\/wp-json\/wp\/v2\/types\/product"}],"replies":[{"embeddable":true,"href":"https:\/\/tallogoldleaf.com\/es\/wp-json\/wp\/v2\/comments?post=453"}],"wp:featuredmedia":[{"embeddable":true,"href":"https:\/\/tallogoldleaf.com\/es\/wp-json\/wp\/v2\/media\/703"}],"wp:attachment":[{"href":"https:\/\/tallogoldleaf.com\/es\/wp-json\/wp\/v2\/media?parent=453"}],"wp:term":[{"taxonomy":"product_cat","embeddable":true,"href":"https:\/\/tallogoldleaf.com\/es\/wp-json\/wp\/v2\/product_cat?post=453"},{"taxonomy":"product_tag","embeddable":true,"href":"https:\/\/tallogoldleaf.com\/es\/wp-json\/wp\/v2\/product_tag?post=453"}],"curies":[{"name":"wp","href":"https:\/\/api.w.org\/{rel}","templated":true}]}}