{"id":466,"date":"2018-01-17T00:26:35","date_gmt":"2018-01-17T00:26:35","guid":{"rendered":"https:\/\/tallogoldleaf.com\/es\/?post_type=product&#038;p=466"},"modified":"2019-07-30T08:35:28","modified_gmt":"2019-07-30T16:35:28","slug":"rollos-de-imitacion-oro-y-plata","status":"publish","type":"product","link":"https:\/\/tallogoldleaf.com\/es\/catalogo\/rollos-de-imitacion-oro-y-plata\/","title":{"rendered":"Rollos de Imitaci\u00f3n Oro y Plata"},"content":{"rendered":"<div class=\"wpb-content-wrapper\">[vc_row][vc_column][vc_column_text]Este producto est\u00e1 especialmente dise\u00f1ado para cubrir de forma r\u00e1pida techos dorados, techos plateados, adornos grandes en paredes de plata y darles un toque de glamour.<\/p>\n<p>Tambi\u00e9n se aplica la hoja de una forma continua es muy pr\u00e1ctico para una pared completa en un acabado oro, habitaci\u00f3n dorada. Con facilidad puede aplicar los rollos para paredes que se asemejan a una superficie met\u00e1lica y tambi\u00e9n paneles de oro o plata para darles un acabado moderno y contempor\u00e1neo.<\/p>\n<p><em><strong>Rollo de hoja de oro de imitaci\u00f3n<\/strong><\/em> en forma continua, tambi\u00e9n conocido como pan de oro en rollo, imitaci\u00f3n pan de oro en rollo, rollos de hoja de oro falso, est\u00e1 hecho de lat\u00f3n, una combinaci\u00f3n de cobre 85% y zinc 15%.<\/p>\n<p><strong><em>Rollo de hoja de plata de imitaci\u00f3n<\/em><\/strong> en forma continua, tambi\u00e9n conocido como rollo de hoja de aluminio, rollo de imitaci\u00f3n plata, pan de plata en rollo, rollos de hoja de plata falsa, est\u00e1 hecho de aluminio.[\/vc_column_text]<div class=\"ult-spacer spacer-69ebab88be4c7\" data-id=\"69ebab88be4c7\" data-height=\"30\" data-height-mobile=\"30\" data-height-tab=\"30\" data-height-tab-portrait=\"\" data-height-mobile-landscape=\"\" style=\"clear:both;display:block;\"><\/div>[\/vc_column][\/vc_row]\n<\/div>","protected":false},"excerpt":{"rendered":"<p><strong>Medidas de rollo disponible 15cm de ancho por 50m largo (5 <sup>7<\/sup>\u2044<sub>8 <\/sub>ft x 164 ft)<\/strong><br \/>\n<em>Se pueden ordenar otras medidas solicitando una <a href=\"https:\/\/tallogoldleaf.com\/es\/contact\/\">orden especial aqu\u00ed especificando medidas (largo\/ancho y Kt.)<\/a><\/em><\/p>\n<ul class=\"list-products\">\n<li><em><strong>Rollo de hoja de imitaci\u00f3n de oro<\/strong><\/em> de color # 2.5 es el m\u00e1s popular y el m\u00e1s parecido al tono del oro genuino de 23kt.<\/li>\n<li><strong><em>Rollo de hoja de imitaci\u00f3n de plata<\/em><\/strong> de tono plateado que m\u00e1s se asemeja a una hoja de plata genuina al 99,99%.<\/li>\n<\/ul>\n<p>Este producto es especialmente para dorar y platear techos y paredes de forma continua. Excelente calidad al mejor precio.<\/p>\n<p style=\"text-align: left;\"><em><strong>Enviamos a toda la Rep\u00fablica Mexicana sin excepci\u00f3n y somos especialistas en env\u00edos a toda America Latina y el mundo.<\/strong><\/em><\/p>\n<p><small><strong>*Cont\u00e1ctanos para enviarle una cotizaci\u00f3n con flete incluido. Env\u00edanos un correo con el n\u00famero de SKU de los productos que desea ordenar en <a href=\"https:\/\/tallogoldleaf.com\/es\/contact\/\">nuestra forma de contacto<\/a>*.<\/strong><\/small><\/p>\n<hr \/>\n<p>&nbsp;<\/p>\n","protected":false},"featured_media":473,"comment_status":"closed","ping_status":"closed","template":"","meta":{"_exactmetrics_skip_tracking":false,"_exactmetrics_sitenote_active":false,"_exactmetrics_sitenote_note":"","_exactmetrics_sitenote_category":0},"product_cat":[54],"product_tag":[],"class_list":{"0":"post-466","1":"product","2":"type-product","3":"status-publish","4":"has-post-thumbnail","6":"product_cat-imitacion-oro-plata","7":"entry","8":"post-inner","10":"first","11":"instock","12":"shipping-taxable","13":"purchasable","14":"product-type-variable"},"yoast_head":"<!-- This site is optimized with the Yoast SEO plugin v26.9 - https:\/\/yoast.com\/product\/yoast-seo-wordpress\/ -->\n<title>Rollos de Imitaci\u00f3n Oro y Plata | Productos Internacionales Tallo<\/title>\n<meta name=\"robots\" content=\"index, follow, max-snippet:-1, max-image-preview:large, max-video-preview:-1\" \/>\n<link rel=\"canonical\" href=\"https:\/\/tallogoldleaf.com\/es\/catalogo\/rollos-de-imitacion-oro-y-plata\/\" \/>\n<meta property=\"og:locale\" content=\"es_MX\" \/>\n<meta property=\"og:type\" content=\"article\" \/>\n<meta property=\"og:title\" content=\"Rollos de Imitaci\u00f3n Oro y Plata | Productos Internacionales Tallo\" \/>\n<meta property=\"og:description\" content=\"Medidas de rollo disponible 15cm de ancho por 50m largo (5 7\u20448 ft x 164 ft) Se pueden ordenar otras medidas solicitando una orden especial aqu\u00ed especificando medidas (largo\/ancho y Kt.)   Rollo de hoja de imitaci\u00f3n de oro de color # 2.5 es el m\u00e1s popular y el m\u00e1s parecido al tono del oro genuino de 23kt.  Rollo de hoja de imitaci\u00f3n de plata de tono plateado que m\u00e1s se asemeja a una hoja de plata genuina al 99,99%.  Este producto es especialmente para dorar y platear techos y paredes de forma continua. Excelente calidad al mejor precio. Enviamos a toda la Rep\u00fablica Mexicana sin excepci\u00f3n y somos especialistas en env\u00edos a toda America Latina y el mundo. *Cont\u00e1ctanos para enviarle una cotizaci\u00f3n con flete incluido. Env\u00edanos un correo con el n\u00famero de SKU de los productos que desea ordenar en nuestra forma de contacto*.    &nbsp;\" \/>\n<meta property=\"og:url\" content=\"https:\/\/tallogoldleaf.com\/es\/catalogo\/rollos-de-imitacion-oro-y-plata\/\" \/>\n<meta property=\"og:site_name\" content=\"Productos Internacionales Tallo\" \/>\n<meta property=\"article:modified_time\" content=\"2019-07-30T16:35:28+00:00\" \/>\n<meta property=\"og:image\" content=\"https:\/\/tallogoldleaf.com\/es\/wp-content\/uploads\/2018\/01\/roll_leaf-gallery.jpg\" \/>\n\t<meta property=\"og:image:width\" content=\"900\" \/>\n\t<meta property=\"og:image:height\" content=\"900\" \/>\n\t<meta property=\"og:image:type\" content=\"image\/jpeg\" \/>\n<meta name=\"twitter:card\" content=\"summary_large_image\" \/>\n<meta name=\"twitter:label1\" content=\"Tiempo de lectura\" \/>\n\t<meta name=\"twitter:data1\" content=\"1 minuto\" \/>\n<script type=\"application\/ld+json\" class=\"yoast-schema-graph\">{\"@context\":\"https:\/\/schema.org\",\"@graph\":[{\"@type\":\"WebPage\",\"@id\":\"https:\/\/tallogoldleaf.com\/es\/catalogo\/rollos-de-imitacion-oro-y-plata\/\",\"url\":\"https:\/\/tallogoldleaf.com\/es\/catalogo\/rollos-de-imitacion-oro-y-plata\/\",\"name\":\"Rollos de Imitaci\u00f3n Oro y Plata | Productos Internacionales Tallo\",\"isPartOf\":{\"@id\":\"https:\/\/tallogoldleaf.com\/es\/#website\"},\"primaryImageOfPage\":{\"@id\":\"https:\/\/tallogoldleaf.com\/es\/catalogo\/rollos-de-imitacion-oro-y-plata\/#primaryimage\"},\"image\":{\"@id\":\"https:\/\/tallogoldleaf.com\/es\/catalogo\/rollos-de-imitacion-oro-y-plata\/#primaryimage\"},\"thumbnailUrl\":\"https:\/\/tallogoldleaf.com\/es\/wp-content\/uploads\/2018\/01\/roll_leaf-gallery.jpg\",\"datePublished\":\"2018-01-17T00:26:35+00:00\",\"dateModified\":\"2019-07-30T16:35:28+00:00\",\"breadcrumb\":{\"@id\":\"https:\/\/tallogoldleaf.com\/es\/catalogo\/rollos-de-imitacion-oro-y-plata\/#breadcrumb\"},\"inLanguage\":\"es\",\"potentialAction\":[{\"@type\":\"ReadAction\",\"target\":[\"https:\/\/tallogoldleaf.com\/es\/catalogo\/rollos-de-imitacion-oro-y-plata\/\"]}]},{\"@type\":\"ImageObject\",\"inLanguage\":\"es\",\"@id\":\"https:\/\/tallogoldleaf.com\/es\/catalogo\/rollos-de-imitacion-oro-y-plata\/#primaryimage\",\"url\":\"https:\/\/tallogoldleaf.com\/es\/wp-content\/uploads\/2018\/01\/roll_leaf-gallery.jpg\",\"contentUrl\":\"https:\/\/tallogoldleaf.com\/es\/wp-content\/uploads\/2018\/01\/roll_leaf-gallery.jpg\",\"width\":900,\"height\":900},{\"@type\":\"BreadcrumbList\",\"@id\":\"https:\/\/tallogoldleaf.com\/es\/catalogo\/rollos-de-imitacion-oro-y-plata\/#breadcrumb\",\"itemListElement\":[{\"@type\":\"ListItem\",\"position\":1,\"name\":\"Inicio\",\"item\":\"https:\/\/tallogoldleaf.com\/es\/\"},{\"@type\":\"ListItem\",\"position\":2,\"name\":\"Cat\u00e1logo\",\"item\":\"https:\/\/tallogoldleaf.com\/es\/catalogo\/\"},{\"@type\":\"ListItem\",\"position\":3,\"name\":\"Rollos de Imitaci\u00f3n Oro y Plata\"}]},{\"@type\":\"WebSite\",\"@id\":\"https:\/\/tallogoldleaf.com\/es\/#website\",\"url\":\"https:\/\/tallogoldleaf.com\/es\/\",\"name\":\"Productos Internacionales Tallo\",\"description\":\"Hojas de imitaci\u00f3n de oro y plata en Estados Unidos\",\"publisher\":{\"@id\":\"https:\/\/tallogoldleaf.com\/es\/#organization\"},\"potentialAction\":[{\"@type\":\"SearchAction\",\"target\":{\"@type\":\"EntryPoint\",\"urlTemplate\":\"https:\/\/tallogoldleaf.com\/es\/?s={search_term_string}\"},\"query-input\":{\"@type\":\"PropertyValueSpecification\",\"valueRequired\":true,\"valueName\":\"search_term_string\"}}],\"inLanguage\":\"es\"},{\"@type\":\"Organization\",\"@id\":\"https:\/\/tallogoldleaf.com\/es\/#organization\",\"name\":\"Productos Internacionales Tallo\",\"url\":\"https:\/\/tallogoldleaf.com\/es\/\",\"logo\":{\"@type\":\"ImageObject\",\"inLanguage\":\"es\",\"@id\":\"https:\/\/tallogoldleaf.com\/es\/#\/schema\/logo\/image\/\",\"url\":\"https:\/\/tallogoldleaf.com\/es\/wp-content\/uploads\/2019\/09\/Logo_Tallo-Para-Web-cuadrado.png\",\"contentUrl\":\"https:\/\/tallogoldleaf.com\/es\/wp-content\/uploads\/2019\/09\/Logo_Tallo-Para-Web-cuadrado.png\",\"width\":307,\"height\":307,\"caption\":\"Productos Internacionales Tallo\"},\"image\":{\"@id\":\"https:\/\/tallogoldleaf.com\/es\/#\/schema\/logo\/image\/\"}}]}<\/script>\n<!-- \/ Yoast SEO plugin. -->","yoast_head_json":{"title":"Rollos de Imitaci\u00f3n Oro y Plata | Productos Internacionales Tallo","robots":{"index":"index","follow":"follow","max-snippet":"max-snippet:-1","max-image-preview":"max-image-preview:large","max-video-preview":"max-video-preview:-1"},"canonical":"https:\/\/tallogoldleaf.com\/es\/catalogo\/rollos-de-imitacion-oro-y-plata\/","og_locale":"es_MX","og_type":"article","og_title":"Rollos de Imitaci\u00f3n Oro y Plata | Productos Internacionales Tallo","og_description":"Medidas de rollo disponible 15cm de ancho por 50m largo (5 7\u20448 ft x 164 ft) Se pueden ordenar otras medidas solicitando una orden especial aqu\u00ed especificando medidas (largo\/ancho y Kt.)   Rollo de hoja de imitaci\u00f3n de oro de color # 2.5 es el m\u00e1s popular y el m\u00e1s parecido al tono del oro genuino de 23kt.  Rollo de hoja de imitaci\u00f3n de plata de tono plateado que m\u00e1s se asemeja a una hoja de plata genuina al 99,99%.  Este producto es especialmente para dorar y platear techos y paredes de forma continua. Excelente calidad al mejor precio. Enviamos a toda la Rep\u00fablica Mexicana sin excepci\u00f3n y somos especialistas en env\u00edos a toda America Latina y el mundo. *Cont\u00e1ctanos para enviarle una cotizaci\u00f3n con flete incluido. Env\u00edanos un correo con el n\u00famero de SKU de los productos que desea ordenar en nuestra forma de contacto*.    &nbsp;","og_url":"https:\/\/tallogoldleaf.com\/es\/catalogo\/rollos-de-imitacion-oro-y-plata\/","og_site_name":"Productos Internacionales Tallo","article_modified_time":"2019-07-30T16:35:28+00:00","og_image":[{"width":900,"height":900,"url":"https:\/\/tallogoldleaf.com\/es\/wp-content\/uploads\/2018\/01\/roll_leaf-gallery.jpg","type":"image\/jpeg"}],"twitter_card":"summary_large_image","twitter_misc":{"Tiempo de lectura":"1 minuto"},"schema":{"@context":"https:\/\/schema.org","@graph":[{"@type":"WebPage","@id":"https:\/\/tallogoldleaf.com\/es\/catalogo\/rollos-de-imitacion-oro-y-plata\/","url":"https:\/\/tallogoldleaf.com\/es\/catalogo\/rollos-de-imitacion-oro-y-plata\/","name":"Rollos de Imitaci\u00f3n Oro y Plata | Productos Internacionales Tallo","isPartOf":{"@id":"https:\/\/tallogoldleaf.com\/es\/#website"},"primaryImageOfPage":{"@id":"https:\/\/tallogoldleaf.com\/es\/catalogo\/rollos-de-imitacion-oro-y-plata\/#primaryimage"},"image":{"@id":"https:\/\/tallogoldleaf.com\/es\/catalogo\/rollos-de-imitacion-oro-y-plata\/#primaryimage"},"thumbnailUrl":"https:\/\/tallogoldleaf.com\/es\/wp-content\/uploads\/2018\/01\/roll_leaf-gallery.jpg","datePublished":"2018-01-17T00:26:35+00:00","dateModified":"2019-07-30T16:35:28+00:00","breadcrumb":{"@id":"https:\/\/tallogoldleaf.com\/es\/catalogo\/rollos-de-imitacion-oro-y-plata\/#breadcrumb"},"inLanguage":"es","potentialAction":[{"@type":"ReadAction","target":["https:\/\/tallogoldleaf.com\/es\/catalogo\/rollos-de-imitacion-oro-y-plata\/"]}]},{"@type":"ImageObject","inLanguage":"es","@id":"https:\/\/tallogoldleaf.com\/es\/catalogo\/rollos-de-imitacion-oro-y-plata\/#primaryimage","url":"https:\/\/tallogoldleaf.com\/es\/wp-content\/uploads\/2018\/01\/roll_leaf-gallery.jpg","contentUrl":"https:\/\/tallogoldleaf.com\/es\/wp-content\/uploads\/2018\/01\/roll_leaf-gallery.jpg","width":900,"height":900},{"@type":"BreadcrumbList","@id":"https:\/\/tallogoldleaf.com\/es\/catalogo\/rollos-de-imitacion-oro-y-plata\/#breadcrumb","itemListElement":[{"@type":"ListItem","position":1,"name":"Inicio","item":"https:\/\/tallogoldleaf.com\/es\/"},{"@type":"ListItem","position":2,"name":"Cat\u00e1logo","item":"https:\/\/tallogoldleaf.com\/es\/catalogo\/"},{"@type":"ListItem","position":3,"name":"Rollos de Imitaci\u00f3n Oro y Plata"}]},{"@type":"WebSite","@id":"https:\/\/tallogoldleaf.com\/es\/#website","url":"https:\/\/tallogoldleaf.com\/es\/","name":"Productos Internacionales Tallo","description":"Hojas de imitaci\u00f3n de oro y plata en Estados Unidos","publisher":{"@id":"https:\/\/tallogoldleaf.com\/es\/#organization"},"potentialAction":[{"@type":"SearchAction","target":{"@type":"EntryPoint","urlTemplate":"https:\/\/tallogoldleaf.com\/es\/?s={search_term_string}"},"query-input":{"@type":"PropertyValueSpecification","valueRequired":true,"valueName":"search_term_string"}}],"inLanguage":"es"},{"@type":"Organization","@id":"https:\/\/tallogoldleaf.com\/es\/#organization","name":"Productos Internacionales Tallo","url":"https:\/\/tallogoldleaf.com\/es\/","logo":{"@type":"ImageObject","inLanguage":"es","@id":"https:\/\/tallogoldleaf.com\/es\/#\/schema\/logo\/image\/","url":"https:\/\/tallogoldleaf.com\/es\/wp-content\/uploads\/2019\/09\/Logo_Tallo-Para-Web-cuadrado.png","contentUrl":"https:\/\/tallogoldleaf.com\/es\/wp-content\/uploads\/2019\/09\/Logo_Tallo-Para-Web-cuadrado.png","width":307,"height":307,"caption":"Productos Internacionales Tallo"},"image":{"@id":"https:\/\/tallogoldleaf.com\/es\/#\/schema\/logo\/image\/"}}]}},"_links":{"self":[{"href":"https:\/\/tallogoldleaf.com\/es\/wp-json\/wp\/v2\/product\/466","targetHints":{"allow":["GET"]}}],"collection":[{"href":"https:\/\/tallogoldleaf.com\/es\/wp-json\/wp\/v2\/product"}],"about":[{"href":"https:\/\/tallogoldleaf.com\/es\/wp-json\/wp\/v2\/types\/product"}],"replies":[{"embeddable":true,"href":"https:\/\/tallogoldleaf.com\/es\/wp-json\/wp\/v2\/comments?post=466"}],"wp:featuredmedia":[{"embeddable":true,"href":"https:\/\/tallogoldleaf.com\/es\/wp-json\/wp\/v2\/media\/473"}],"wp:attachment":[{"href":"https:\/\/tallogoldleaf.com\/es\/wp-json\/wp\/v2\/media?parent=466"}],"wp:term":[{"taxonomy":"product_cat","embeddable":true,"href":"https:\/\/tallogoldleaf.com\/es\/wp-json\/wp\/v2\/product_cat?post=466"},{"taxonomy":"product_tag","embeddable":true,"href":"https:\/\/tallogoldleaf.com\/es\/wp-json\/wp\/v2\/product_tag?post=466"}],"curies":[{"name":"wp","href":"https:\/\/api.w.org\/{rel}","templated":true}]}}