{"id":487,"date":"2018-01-17T18:10:12","date_gmt":"2018-01-17T18:10:12","guid":{"rendered":"https:\/\/tallogoldleaf.com\/es\/?post_type=product&#038;p=487"},"modified":"2019-06-13T12:33:50","modified_gmt":"2019-06-13T20:33:50","slug":"brocha-multiusos","status":"publish","type":"product","link":"https:\/\/tallogoldleaf.com\/es\/catalogo\/brocha-multiusos\/","title":{"rendered":"Brocha Multi-Usos"},"content":{"rendered":"<div class=\"wpb-content-wrapper\">[vc_row][vc_column][vc_column_text]\n<h4><span style=\"color: #bb873c; margin-top: 20px;\">Brocha Adhesivo y Multiusos<\/span><\/h4>\n<table class=\"table table-hover\">\n<thead>\n<tr>\n<th>C\u00f3digo SKU<\/th>\n<th>Medida<\/th>\n<\/tr>\n<\/thead>\n<tbody>\n<tr>\n<th scope=\"row\">M-PB-0<\/th>\n<th>1\/2&#8243;<\/th>\n<\/tr>\n<tr>\n<th>M-PB-1<\/th>\n<th>1&#8243;<\/th>\n<\/tr>\n<tr>\n<th>M-PB-15<\/th>\n<th>1 1\/2&#8243;<\/th>\n<\/tr>\n<tr>\n<th>M-PB-2<\/th>\n<th>2&#8243;<\/th>\n<\/tr>\n<tr>\n<th>M-PB-25<\/th>\n<th>2 1\/2&#8243;<\/th>\n<\/tr>\n<tr>\n<th>M-PB-3<\/th>\n<th>3&#8243;<\/th>\n<\/tr>\n<tr>\n<th>M-PB-4<\/th>\n<th>4&#8243;<\/th>\n<\/tr>\n<\/tbody>\n<\/table>\n<p>Se utiliza para aplicar una amplia gama de pintura,<a href=\"https:\/\/tallogoldleaf.com\/es\/catalogo\/sellador-primario\/\"> primarios<\/a>, <a href=\"https:\/\/tallogoldleaf.com\/es\/catalogo\/sellador-para-madera\/\">sellador<\/a>, <a href=\"https:\/\/tallogoldleaf.com\/es\/catalogo\/adhesivo-tallo\/\">adhesivo para hoja<\/a>, barnices y lacas y est\u00e1n disponibles en diferentes tama\u00f1os y anchos.<\/p>\n<p>Es una opci\u00f3n de brocha desechable para una sola vez. Para adhesivos y solventes fuertes como el removedor de pintura, que arruinar\u00eda la cerda al usarse una vez.[\/vc_column_text]<div class=\"ult-spacer spacer-69ebab87c3dcd\" data-id=\"69ebab87c3dcd\" data-height=\"30\" data-height-mobile=\"30\" data-height-tab=\"30\" data-height-tab-portrait=\"\" data-height-mobile-landscape=\"\" style=\"clear:both;display:block;\"><\/div>[\/vc_column][\/vc_row]\n<\/div>","protected":false},"excerpt":{"rendered":"<p>Ideal para aplicar el adhesivo por su mango de madera y precio econ\u00f3mico, es una gran opci\u00f3n de brocha desechable para una sola vez en la aplicaci\u00f3n del adhesivo.<\/p>\n<p>Tambi\u00e9n funciona bien para su uso al aplicar capas de la <a href=\"https:\/\/tallogoldleaf.com\/es\/catalogo\/sellador-primario\/\">Base Primaria<\/a>, laca, barniz etc.<\/p>\n<p>El precio econ\u00f3mico de estas brochas las hace una gran opci\u00f3n de brocha desechable para pocos usos, con una calidad aceptable en sus cerdas.<\/p>\n<p>Debido al color de sus cerdas y su mango de madera natural, el cual no contiene color, la hacen una brocha ideal para la aplicaci\u00f3n del adhesivo para hoja, lacas y barnices. Ya que previene manchas en comparaci\u00f3n con otras brochas que contienen el mango pintado.<\/p>\n<p style=\"text-align: left;\"><em><strong>Enviamos a toda la Rep\u00fablica Mexicana sin excepci\u00f3n y somos especialistas en env\u00edos a toda America Latina y el mundo.<\/strong><\/em><\/p>\n<p><small><strong>*Cont\u00e1ctanos para enviarle una cotizaci\u00f3n con flete incluido. Env\u00edanos un correo con el n\u00famero de SKU de los productos que desea ordenar en <a href=\"https:\/\/tallogoldleaf.com\/es\/contact\/\">nuestra forma de contacto<\/a>*.<\/strong><\/small><\/p>\n<hr \/>\n","protected":false},"featured_media":491,"comment_status":"closed","ping_status":"closed","template":"","meta":{"_exactmetrics_skip_tracking":false,"_exactmetrics_sitenote_active":false,"_exactmetrics_sitenote_note":"","_exactmetrics_sitenote_category":0},"product_cat":[62,55],"product_tag":[],"class_list":{"0":"post-487","1":"product","2":"type-product","3":"status-publish","4":"has-post-thumbnail","6":"product_cat-brochas","7":"product_cat-materiales-y-accesorios","8":"entry","9":"post-inner","11":"first","12":"instock","13":"shipping-taxable","14":"purchasable","15":"product-type-variable"},"yoast_head":"<!-- This site is optimized with the Yoast SEO plugin v26.9 - https:\/\/yoast.com\/product\/yoast-seo-wordpress\/ -->\n<title>Brocha Multi-Usos | Productos Internacionales Tallo<\/title>\n<meta name=\"robots\" content=\"index, follow, max-snippet:-1, max-image-preview:large, max-video-preview:-1\" \/>\n<link rel=\"canonical\" href=\"https:\/\/tallogoldleaf.com\/es\/catalogo\/brocha-multiusos\/\" \/>\n<meta property=\"og:locale\" content=\"es_MX\" \/>\n<meta property=\"og:type\" content=\"article\" \/>\n<meta property=\"og:title\" content=\"Brocha Multi-Usos | Productos Internacionales Tallo\" \/>\n<meta property=\"og:description\" content=\"Ideal para aplicar el adhesivo por su mango de madera y precio econ\u00f3mico, es una gran opci\u00f3n de brocha desechable para una sola vez en la aplicaci\u00f3n del adhesivo.  Tambi\u00e9n funciona bien para su uso al aplicar capas de la Base Primaria, laca, barniz etc.  El precio econ\u00f3mico de estas brochas las hace una gran opci\u00f3n de brocha desechable para pocos usos, con una calidad aceptable en sus cerdas.  Debido al color de sus cerdas y su mango de madera natural, el cual no contiene color, la hacen una brocha ideal para la aplicaci\u00f3n del adhesivo para hoja, lacas y barnices. Ya que previene manchas en comparaci\u00f3n con otras brochas que contienen el mango pintado. Enviamos a toda la Rep\u00fablica Mexicana sin excepci\u00f3n y somos especialistas en env\u00edos a toda America Latina y el mundo. *Cont\u00e1ctanos para enviarle una cotizaci\u00f3n con flete incluido. Env\u00edanos un correo con el n\u00famero de SKU de los productos que desea ordenar en nuestra forma de contacto*.\" \/>\n<meta property=\"og:url\" content=\"https:\/\/tallogoldleaf.com\/es\/catalogo\/brocha-multiusos\/\" \/>\n<meta property=\"og:site_name\" content=\"Productos Internacionales Tallo\" \/>\n<meta property=\"article:modified_time\" content=\"2019-06-13T20:33:50+00:00\" \/>\n<meta property=\"og:image\" content=\"https:\/\/tallogoldleaf.com\/es\/wp-content\/uploads\/2018\/01\/paint_brushes-gallery01-1.jpg\" \/>\n\t<meta property=\"og:image:width\" content=\"900\" \/>\n\t<meta property=\"og:image:height\" content=\"900\" \/>\n\t<meta property=\"og:image:type\" content=\"image\/jpeg\" \/>\n<meta name=\"twitter:card\" content=\"summary_large_image\" \/>\n<script type=\"application\/ld+json\" class=\"yoast-schema-graph\">{\"@context\":\"https:\/\/schema.org\",\"@graph\":[{\"@type\":\"WebPage\",\"@id\":\"https:\/\/tallogoldleaf.com\/es\/catalogo\/brocha-multiusos\/\",\"url\":\"https:\/\/tallogoldleaf.com\/es\/catalogo\/brocha-multiusos\/\",\"name\":\"Brocha Multi-Usos | Productos Internacionales Tallo\",\"isPartOf\":{\"@id\":\"https:\/\/tallogoldleaf.com\/es\/#website\"},\"primaryImageOfPage\":{\"@id\":\"https:\/\/tallogoldleaf.com\/es\/catalogo\/brocha-multiusos\/#primaryimage\"},\"image\":{\"@id\":\"https:\/\/tallogoldleaf.com\/es\/catalogo\/brocha-multiusos\/#primaryimage\"},\"thumbnailUrl\":\"https:\/\/tallogoldleaf.com\/es\/wp-content\/uploads\/2018\/01\/paint_brushes-gallery01-1.jpg\",\"datePublished\":\"2018-01-17T18:10:12+00:00\",\"dateModified\":\"2019-06-13T20:33:50+00:00\",\"breadcrumb\":{\"@id\":\"https:\/\/tallogoldleaf.com\/es\/catalogo\/brocha-multiusos\/#breadcrumb\"},\"inLanguage\":\"es\",\"potentialAction\":[{\"@type\":\"ReadAction\",\"target\":[\"https:\/\/tallogoldleaf.com\/es\/catalogo\/brocha-multiusos\/\"]}]},{\"@type\":\"ImageObject\",\"inLanguage\":\"es\",\"@id\":\"https:\/\/tallogoldleaf.com\/es\/catalogo\/brocha-multiusos\/#primaryimage\",\"url\":\"https:\/\/tallogoldleaf.com\/es\/wp-content\/uploads\/2018\/01\/paint_brushes-gallery01-1.jpg\",\"contentUrl\":\"https:\/\/tallogoldleaf.com\/es\/wp-content\/uploads\/2018\/01\/paint_brushes-gallery01-1.jpg\",\"width\":900,\"height\":900,\"caption\":\"Paint Brushes\"},{\"@type\":\"BreadcrumbList\",\"@id\":\"https:\/\/tallogoldleaf.com\/es\/catalogo\/brocha-multiusos\/#breadcrumb\",\"itemListElement\":[{\"@type\":\"ListItem\",\"position\":1,\"name\":\"Inicio\",\"item\":\"https:\/\/tallogoldleaf.com\/es\/\"},{\"@type\":\"ListItem\",\"position\":2,\"name\":\"Cat\u00e1logo\",\"item\":\"https:\/\/tallogoldleaf.com\/es\/catalogo\/\"},{\"@type\":\"ListItem\",\"position\":3,\"name\":\"Brocha Multi-Usos\"}]},{\"@type\":\"WebSite\",\"@id\":\"https:\/\/tallogoldleaf.com\/es\/#website\",\"url\":\"https:\/\/tallogoldleaf.com\/es\/\",\"name\":\"Productos Internacionales Tallo\",\"description\":\"Hojas de imitaci\u00f3n de oro y plata en Estados Unidos\",\"publisher\":{\"@id\":\"https:\/\/tallogoldleaf.com\/es\/#organization\"},\"potentialAction\":[{\"@type\":\"SearchAction\",\"target\":{\"@type\":\"EntryPoint\",\"urlTemplate\":\"https:\/\/tallogoldleaf.com\/es\/?s={search_term_string}\"},\"query-input\":{\"@type\":\"PropertyValueSpecification\",\"valueRequired\":true,\"valueName\":\"search_term_string\"}}],\"inLanguage\":\"es\"},{\"@type\":\"Organization\",\"@id\":\"https:\/\/tallogoldleaf.com\/es\/#organization\",\"name\":\"Productos Internacionales Tallo\",\"url\":\"https:\/\/tallogoldleaf.com\/es\/\",\"logo\":{\"@type\":\"ImageObject\",\"inLanguage\":\"es\",\"@id\":\"https:\/\/tallogoldleaf.com\/es\/#\/schema\/logo\/image\/\",\"url\":\"https:\/\/tallogoldleaf.com\/es\/wp-content\/uploads\/2019\/09\/Logo_Tallo-Para-Web-cuadrado.png\",\"contentUrl\":\"https:\/\/tallogoldleaf.com\/es\/wp-content\/uploads\/2019\/09\/Logo_Tallo-Para-Web-cuadrado.png\",\"width\":307,\"height\":307,\"caption\":\"Productos Internacionales Tallo\"},\"image\":{\"@id\":\"https:\/\/tallogoldleaf.com\/es\/#\/schema\/logo\/image\/\"}}]}<\/script>\n<!-- \/ Yoast SEO plugin. -->","yoast_head_json":{"title":"Brocha Multi-Usos | Productos Internacionales Tallo","robots":{"index":"index","follow":"follow","max-snippet":"max-snippet:-1","max-image-preview":"max-image-preview:large","max-video-preview":"max-video-preview:-1"},"canonical":"https:\/\/tallogoldleaf.com\/es\/catalogo\/brocha-multiusos\/","og_locale":"es_MX","og_type":"article","og_title":"Brocha Multi-Usos | Productos Internacionales Tallo","og_description":"Ideal para aplicar el adhesivo por su mango de madera y precio econ\u00f3mico, es una gran opci\u00f3n de brocha desechable para una sola vez en la aplicaci\u00f3n del adhesivo.  Tambi\u00e9n funciona bien para su uso al aplicar capas de la Base Primaria, laca, barniz etc.  El precio econ\u00f3mico de estas brochas las hace una gran opci\u00f3n de brocha desechable para pocos usos, con una calidad aceptable en sus cerdas.  Debido al color de sus cerdas y su mango de madera natural, el cual no contiene color, la hacen una brocha ideal para la aplicaci\u00f3n del adhesivo para hoja, lacas y barnices. Ya que previene manchas en comparaci\u00f3n con otras brochas que contienen el mango pintado. Enviamos a toda la Rep\u00fablica Mexicana sin excepci\u00f3n y somos especialistas en env\u00edos a toda America Latina y el mundo. *Cont\u00e1ctanos para enviarle una cotizaci\u00f3n con flete incluido. Env\u00edanos un correo con el n\u00famero de SKU de los productos que desea ordenar en nuestra forma de contacto*.","og_url":"https:\/\/tallogoldleaf.com\/es\/catalogo\/brocha-multiusos\/","og_site_name":"Productos Internacionales Tallo","article_modified_time":"2019-06-13T20:33:50+00:00","og_image":[{"width":900,"height":900,"url":"https:\/\/tallogoldleaf.com\/es\/wp-content\/uploads\/2018\/01\/paint_brushes-gallery01-1.jpg","type":"image\/jpeg"}],"twitter_card":"summary_large_image","schema":{"@context":"https:\/\/schema.org","@graph":[{"@type":"WebPage","@id":"https:\/\/tallogoldleaf.com\/es\/catalogo\/brocha-multiusos\/","url":"https:\/\/tallogoldleaf.com\/es\/catalogo\/brocha-multiusos\/","name":"Brocha Multi-Usos | Productos Internacionales Tallo","isPartOf":{"@id":"https:\/\/tallogoldleaf.com\/es\/#website"},"primaryImageOfPage":{"@id":"https:\/\/tallogoldleaf.com\/es\/catalogo\/brocha-multiusos\/#primaryimage"},"image":{"@id":"https:\/\/tallogoldleaf.com\/es\/catalogo\/brocha-multiusos\/#primaryimage"},"thumbnailUrl":"https:\/\/tallogoldleaf.com\/es\/wp-content\/uploads\/2018\/01\/paint_brushes-gallery01-1.jpg","datePublished":"2018-01-17T18:10:12+00:00","dateModified":"2019-06-13T20:33:50+00:00","breadcrumb":{"@id":"https:\/\/tallogoldleaf.com\/es\/catalogo\/brocha-multiusos\/#breadcrumb"},"inLanguage":"es","potentialAction":[{"@type":"ReadAction","target":["https:\/\/tallogoldleaf.com\/es\/catalogo\/brocha-multiusos\/"]}]},{"@type":"ImageObject","inLanguage":"es","@id":"https:\/\/tallogoldleaf.com\/es\/catalogo\/brocha-multiusos\/#primaryimage","url":"https:\/\/tallogoldleaf.com\/es\/wp-content\/uploads\/2018\/01\/paint_brushes-gallery01-1.jpg","contentUrl":"https:\/\/tallogoldleaf.com\/es\/wp-content\/uploads\/2018\/01\/paint_brushes-gallery01-1.jpg","width":900,"height":900,"caption":"Paint Brushes"},{"@type":"BreadcrumbList","@id":"https:\/\/tallogoldleaf.com\/es\/catalogo\/brocha-multiusos\/#breadcrumb","itemListElement":[{"@type":"ListItem","position":1,"name":"Inicio","item":"https:\/\/tallogoldleaf.com\/es\/"},{"@type":"ListItem","position":2,"name":"Cat\u00e1logo","item":"https:\/\/tallogoldleaf.com\/es\/catalogo\/"},{"@type":"ListItem","position":3,"name":"Brocha Multi-Usos"}]},{"@type":"WebSite","@id":"https:\/\/tallogoldleaf.com\/es\/#website","url":"https:\/\/tallogoldleaf.com\/es\/","name":"Productos Internacionales Tallo","description":"Hojas de imitaci\u00f3n de oro y plata en Estados Unidos","publisher":{"@id":"https:\/\/tallogoldleaf.com\/es\/#organization"},"potentialAction":[{"@type":"SearchAction","target":{"@type":"EntryPoint","urlTemplate":"https:\/\/tallogoldleaf.com\/es\/?s={search_term_string}"},"query-input":{"@type":"PropertyValueSpecification","valueRequired":true,"valueName":"search_term_string"}}],"inLanguage":"es"},{"@type":"Organization","@id":"https:\/\/tallogoldleaf.com\/es\/#organization","name":"Productos Internacionales Tallo","url":"https:\/\/tallogoldleaf.com\/es\/","logo":{"@type":"ImageObject","inLanguage":"es","@id":"https:\/\/tallogoldleaf.com\/es\/#\/schema\/logo\/image\/","url":"https:\/\/tallogoldleaf.com\/es\/wp-content\/uploads\/2019\/09\/Logo_Tallo-Para-Web-cuadrado.png","contentUrl":"https:\/\/tallogoldleaf.com\/es\/wp-content\/uploads\/2019\/09\/Logo_Tallo-Para-Web-cuadrado.png","width":307,"height":307,"caption":"Productos Internacionales Tallo"},"image":{"@id":"https:\/\/tallogoldleaf.com\/es\/#\/schema\/logo\/image\/"}}]}},"_links":{"self":[{"href":"https:\/\/tallogoldleaf.com\/es\/wp-json\/wp\/v2\/product\/487","targetHints":{"allow":["GET"]}}],"collection":[{"href":"https:\/\/tallogoldleaf.com\/es\/wp-json\/wp\/v2\/product"}],"about":[{"href":"https:\/\/tallogoldleaf.com\/es\/wp-json\/wp\/v2\/types\/product"}],"replies":[{"embeddable":true,"href":"https:\/\/tallogoldleaf.com\/es\/wp-json\/wp\/v2\/comments?post=487"}],"wp:featuredmedia":[{"embeddable":true,"href":"https:\/\/tallogoldleaf.com\/es\/wp-json\/wp\/v2\/media\/491"}],"wp:attachment":[{"href":"https:\/\/tallogoldleaf.com\/es\/wp-json\/wp\/v2\/media?parent=487"}],"wp:term":[{"taxonomy":"product_cat","embeddable":true,"href":"https:\/\/tallogoldleaf.com\/es\/wp-json\/wp\/v2\/product_cat?post=487"},{"taxonomy":"product_tag","embeddable":true,"href":"https:\/\/tallogoldleaf.com\/es\/wp-json\/wp\/v2\/product_tag?post=487"}],"curies":[{"name":"wp","href":"https:\/\/api.w.org\/{rel}","templated":true}]}}