{"id":584,"date":"2018-01-22T18:39:33","date_gmt":"2018-01-22T18:39:33","guid":{"rendered":"https:\/\/tallogoldleaf.com\/es\/?post_type=product&#038;p=584"},"modified":"2019-09-20T15:32:56","modified_gmt":"2019-09-20T23:32:56","slug":"kit-estandar","status":"publish","type":"product","link":"https:\/\/tallogoldleaf.com\/es\/catalogo\/kit-estandar\/","title":{"rendered":"Kit de Imitaci\u00f3n Hoja de Oro y Hoja de Plata &#8211; Est\u00e1ndar 50 Hojas"},"content":{"rendered":"<div class=\"wpb-content-wrapper\">[vc_row][vc_column][vc_column_text]\n<h4><span style=\"color: #bb873c;\">\u00bf Qu\u00e9 incluyen los Kit <\/span><span style=\"color: #bb873c;\">Est\u00e1ndar?<\/span><\/h4>\n<div class=\"row\">\n<div class=\"col-md-6\">\n<p>Los <strong>Kit de Imitaci\u00f3n Hoja de Oro y Hoja de Plata<\/strong> contienen lo siguiente:<\/p>\n<ul class=\"list-products\">\n<li>Paquete de 50 hojas (16&#215;16 cm or 6 \u00bc\u201d x 6 \u00bc\u201d)<\/li>\n<li>Adhesivo Tallo de 4 oz (base de agua).<\/li>\n<li>Base primaria de 4 oz* (Rojo Ocre, Amarillo Ocre, Negro).<\/li>\n<li>Cera de 1 oz<\/li>\n<li>Brocha para Pintar de 1&#8243; &amp; 1 1\/2&#8243; (2 pzs)<\/li>\n<li>Guantes de algod\u00f3n (un par)<\/li>\n<\/ul>\n<\/div>\n<div class=\"col-md-6\">\n<ul class=\"list-products\">\n<li>Guantes de nitrilo (un par)<\/li>\n<li>Herramienta para aplicar la hoja (2pzs)<\/li>\n<li>Tela para dorar<\/li>\n<li>Lana de acero 1 pza #2<\/li>\n<li>Lija de papel grado #150 (1 hoja)<\/li>\n<li>Instructivo de aplicaci\u00f3n<\/li>\n<\/ul>\n<\/div>\n<\/div>\n[\/vc_column_text][vc_column_text]Los colores de la capa de pintura base primaria tienen dos prop\u00f3sitos:<\/p>\n<ol>\n<li>Obtenga un efecto en el acabado final.<\/li>\n<li>Sellar la superficie y obtener una superficie lisa &#8220;cuerpo&#8221;.<\/li>\n<\/ol>\n<p>Este paso var\u00eda de acuerdo con el efecto en el acabado final de la superficie que va a dorar. Es la fase m\u00e1s importante de cualquier proyecto.<br \/>\nPara una informaci\u00f3n detallada de paso a paso, ingresas a nuestra secci\u00f3n en <a href=\"https:\/\/tallogoldleaf.com\/es\/video-instructivo-para-dorar-un-marco-de-pintura\/\">Videos Tutoriales.<\/a><br \/>\nEl kit est\u00e1ndar es especial para dorar: una mesita peque\u00f1a, puede dorar una silla elegante, restaurar un marco grande para foto o pintura, para platear una macetas para plantas.<\/p>\n<p>Se puede aplicar la hojas de imitaci\u00f3n oro sobre jarrones grandes y darles un acabado moderno o contempor\u00e1neo o en acabado antiguo, dorar (o el arte del <a href=\"https:\/\/www.linguee.es\/ingles-espanol\/traduccion\/gilding.html\" target=\"_blank\" rel=\"noopener noreferrer\">Gilding<\/a> , por su nombre en ingl\u00e9s), dorar centros de mesa, una urna, etc.,tambi\u00e9n sirve para experimentar con sus primeros proyectos ya que proporciona todos los materiales y herramientas necesarios para aplicar la hoja.<\/p>\n<p>La cantidad de adhesivo tallo y la pintura primaria tiene un rendimiento proporcional a la cantidad de las hojas, materiales cubre una superficie aproximada de 1m\u00b2 (un metro cuadrado).<\/p>\n<p>Recuerda que tenemos otros Kit de Imitaci\u00f3n Hoja de oro y Hoja de Plata en presentaciones <a href=\"https:\/\/tallogoldleaf.com\/es\/catalogo\/kit-profesional-500-hojas-de-imitacion\/\">Profesional de 500 hojas<\/a> y de <a href=\"https:\/\/tallogoldleaf.com\/es\/catalogo\/kit-para-manualidades\/\">Manualidades con 25 hojas<\/a>![\/vc_column_text]<div class=\"ult-spacer spacer-69ebc0cc4ce98\" data-id=\"69ebc0cc4ce98\" data-height=\"30\" data-height-mobile=\"30\" data-height-tab=\"30\" data-height-tab-portrait=\"\" data-height-mobile-landscape=\"\" style=\"clear:both;display:block;\"><\/div>[\/vc_column][\/vc_row][vc_row disable_element=&#8221;yes&#8221;][vc_column]<div class=\" ubtn-ctn-center gradient-border_button\"><button type=\"button\" id=\"ubtn-7544\"  class=\"ubtn ult-adjust-bottom-margin ult-responsive ubtn-block ubtn-no-hover-bg  none  ubtn-sep-icon ubtn-sep-icon-bottom-push  ubtn-center gradient-border_button  tooltip-69ebc0cc4cebb\"  data-hover=\"#a97b30\" data-border-color=\"#a97b30\" data-bg=\"rgba(239,232,223,0.62)\" data-hover-bg=\"\" data-border-hover=\"\" data-shadow-hover=\"\" data-shadow-click=\"none\" data-shadow=\"\" data-shd-shadow=\"\"  data-ultimate-target='#ubtn-7544'  data-responsive-json-new='{\"font-size\":\"desktop:20px;\",\"line-height\":\"desktop:18px;\"}'  style=\"font-family:&#039;Old Standard TT&#039;;font-weight:normal;border-radius:5px;border-width:3px;border-color:#a97b30;border-style:solid;background: rgba(239,232,223,0.62);color: #333333;\"><span class=\"ubtn-data ubtn-icon\"><i class=\"Defaults-play-circle-o\" style=\"font-size:50px;color:#a97b30;\"><\/i><\/span><span class=\"ubtn-hover\" style=\"background-color:\"><\/span><span class=\"ubtn-data ubtn-text \" >Go to Videos &amp; Tutorials for Gilding<\/span><\/button><\/div>[\/vc_column][\/vc_row]\n<\/div>","protected":false},"excerpt":{"rendered":"<ul class=\"list-products\">\n<li>Solo disponible en hoja tama\u00f1o europea 16cm x 16cm (6 \u00bc\u201d x 6 \u00bc\u201d).<\/li>\n<li>Excelente calidad al mejor precio.<\/li>\n<\/ul>\n<p>Estuche de Imitaci\u00f3n hoja de Oro y Plata con 50 hojas, especial para principiantes y muebles peque\u00f1os.<\/p>\n<p><strong><em>Cubre una superficie aproximada de 1m\u00b2.<\/em><\/strong><\/p>\n<p>Materiales para m\u00faltiples usos y en numerosas ocasiones, es posible que necesite productos adicionales que son desechables y que en ocasiones tiene un solo uso, como guantes de nitrilo, brochas, estopa para el adhesivo.<\/p>\n<p><span style=\"color: #bb873c;\"><strong>La calidad de la hoja es la Superior Grado A,<\/strong><\/span> es #1 en calidad y precio, Excelente espesor y peso en la hoja, color uniforme. Calidad garantizada contra defectos.<\/p>\n<p>Para los que buscan una hoja gruesa sin imperfecciones, ideal para superficies planas, lisas, con figuras, y para superficies que quieran cubrir perfectamente para obtener trabajos profesionales de alta calidad<\/p>\n<p><em><strong>Enviamos a toda la Rep\u00fablica Mexicana sin excepci\u00f3n y somos especialistas en env\u00edos a toda Am\u00e9rica Latina y el mundo.<\/strong><\/em><\/p>\n<p><small><strong>*Cont\u00e1ctanos para enviarle una cotizaci\u00f3n con flete incluido. Env\u00edanos un correo con el n\u00famero de SKU de los productos que desea ordenar en <a href=\"https:\/\/tallogoldleaf.com\/es\/contact\/\">nuestra forma de contacto<\/a>*.<\/strong><\/small><\/p>\n<hr \/>\n<p>Puedes armar tu propio kit escogiendo el tipo de hoja de imitaci\u00f3n y una pintura base del color de preferencia.<br \/>\n<small><strong>Estuche Mixto incluye 50 de oro y 50 plata.<\/strong><\/small><\/p>\n","protected":false},"featured_media":730,"comment_status":"closed","ping_status":"closed","template":"","meta":{"_exactmetrics_skip_tracking":false,"_exactmetrics_sitenote_active":false,"_exactmetrics_sitenote_note":"","_exactmetrics_sitenote_category":0},"product_cat":[66,69],"product_tag":[],"class_list":{"0":"post-584","1":"product","2":"type-product","3":"status-publish","4":"has-post-thumbnail","6":"product_cat-kits","7":"product_cat-kits-de-hoja-de-imitacion","8":"entry","9":"post-inner","11":"first","12":"instock","13":"shipping-taxable","14":"purchasable","15":"product-type-variable"},"yoast_head":"<!-- This site is optimized with the Yoast SEO plugin v26.9 - https:\/\/yoast.com\/product\/yoast-seo-wordpress\/ -->\n<title>Kit de Imitaci\u00f3n Hoja de Oro y Hoja de Plata - Est\u00e1ndar 50 Hojas | Productos Internacionales Tallo<\/title>\n<meta name=\"description\" content=\"Venta de Kit de Imitaci\u00f3n Hoja de oro y Hoja de Plata, para dorar o platear. Estuches con todos los materiales y herramientas para su proyecto!\" \/>\n<meta name=\"robots\" content=\"index, follow, max-snippet:-1, max-image-preview:large, max-video-preview:-1\" \/>\n<link rel=\"canonical\" href=\"https:\/\/tallogoldleaf.com\/es\/catalogo\/kit-estandar\/\" \/>\n<meta property=\"og:locale\" content=\"es_MX\" \/>\n<meta property=\"og:type\" content=\"article\" \/>\n<meta property=\"og:title\" content=\"Kit de Imitaci\u00f3n Hoja de Oro y Hoja de Plata - Est\u00e1ndar 50 Hojas | Productos Internacionales Tallo\" \/>\n<meta property=\"og:description\" content=\"Venta de Kit de Imitaci\u00f3n Hoja de oro y Hoja de Plata, para dorar o platear. Estuches con todos los materiales y herramientas para su proyecto!\" \/>\n<meta property=\"og:url\" content=\"https:\/\/tallogoldleaf.com\/es\/catalogo\/kit-estandar\/\" \/>\n<meta property=\"og:site_name\" content=\"Productos Internacionales Tallo\" \/>\n<meta property=\"article:modified_time\" content=\"2019-09-20T23:32:56+00:00\" \/>\n<meta property=\"og:image\" content=\"https:\/\/tallogoldleaf.com\/es\/wp-content\/uploads\/2018\/01\/img_professional_kit_50.jpg\" \/>\n\t<meta property=\"og:image:width\" content=\"900\" \/>\n\t<meta property=\"og:image:height\" content=\"900\" \/>\n\t<meta property=\"og:image:type\" content=\"image\/jpeg\" \/>\n<meta name=\"twitter:card\" content=\"summary_large_image\" \/>\n<meta name=\"twitter:label1\" content=\"Tiempo de lectura\" \/>\n\t<meta name=\"twitter:data1\" content=\"2 minutos\" \/>\n<script type=\"application\/ld+json\" class=\"yoast-schema-graph\">{\"@context\":\"https:\/\/schema.org\",\"@graph\":[{\"@type\":\"WebPage\",\"@id\":\"https:\/\/tallogoldleaf.com\/es\/catalogo\/kit-estandar\/\",\"url\":\"https:\/\/tallogoldleaf.com\/es\/catalogo\/kit-estandar\/\",\"name\":\"Kit de Imitaci\u00f3n Hoja de Oro y Hoja de Plata - Est\u00e1ndar 50 Hojas | Productos Internacionales Tallo\",\"isPartOf\":{\"@id\":\"https:\/\/tallogoldleaf.com\/es\/#website\"},\"primaryImageOfPage\":{\"@id\":\"https:\/\/tallogoldleaf.com\/es\/catalogo\/kit-estandar\/#primaryimage\"},\"image\":{\"@id\":\"https:\/\/tallogoldleaf.com\/es\/catalogo\/kit-estandar\/#primaryimage\"},\"thumbnailUrl\":\"https:\/\/tallogoldleaf.com\/es\/wp-content\/uploads\/2018\/01\/img_professional_kit_50.jpg\",\"datePublished\":\"2018-01-22T18:39:33+00:00\",\"dateModified\":\"2019-09-20T23:32:56+00:00\",\"description\":\"Venta de Kit de Imitaci\u00f3n Hoja de oro y Hoja de Plata, para dorar o platear. Estuches con todos los materiales y herramientas para su proyecto!\",\"breadcrumb\":{\"@id\":\"https:\/\/tallogoldleaf.com\/es\/catalogo\/kit-estandar\/#breadcrumb\"},\"inLanguage\":\"es\",\"potentialAction\":[{\"@type\":\"ReadAction\",\"target\":[\"https:\/\/tallogoldleaf.com\/es\/catalogo\/kit-estandar\/\"]}]},{\"@type\":\"ImageObject\",\"inLanguage\":\"es\",\"@id\":\"https:\/\/tallogoldleaf.com\/es\/catalogo\/kit-estandar\/#primaryimage\",\"url\":\"https:\/\/tallogoldleaf.com\/es\/wp-content\/uploads\/2018\/01\/img_professional_kit_50.jpg\",\"contentUrl\":\"https:\/\/tallogoldleaf.com\/es\/wp-content\/uploads\/2018\/01\/img_professional_kit_50.jpg\",\"width\":900,\"height\":900,\"caption\":\"Professional Kit 50\"},{\"@type\":\"BreadcrumbList\",\"@id\":\"https:\/\/tallogoldleaf.com\/es\/catalogo\/kit-estandar\/#breadcrumb\",\"itemListElement\":[{\"@type\":\"ListItem\",\"position\":1,\"name\":\"Inicio\",\"item\":\"https:\/\/tallogoldleaf.com\/es\/\"},{\"@type\":\"ListItem\",\"position\":2,\"name\":\"Cat\u00e1logo\",\"item\":\"https:\/\/tallogoldleaf.com\/es\/catalogo\/\"},{\"@type\":\"ListItem\",\"position\":3,\"name\":\"Kit de Imitaci\u00f3n Hoja de Oro y Hoja de Plata &#8211; Est\u00e1ndar 50 Hojas\"}]},{\"@type\":\"WebSite\",\"@id\":\"https:\/\/tallogoldleaf.com\/es\/#website\",\"url\":\"https:\/\/tallogoldleaf.com\/es\/\",\"name\":\"Productos Internacionales Tallo\",\"description\":\"Hojas de imitaci\u00f3n de oro y plata en Estados Unidos\",\"publisher\":{\"@id\":\"https:\/\/tallogoldleaf.com\/es\/#organization\"},\"potentialAction\":[{\"@type\":\"SearchAction\",\"target\":{\"@type\":\"EntryPoint\",\"urlTemplate\":\"https:\/\/tallogoldleaf.com\/es\/?s={search_term_string}\"},\"query-input\":{\"@type\":\"PropertyValueSpecification\",\"valueRequired\":true,\"valueName\":\"search_term_string\"}}],\"inLanguage\":\"es\"},{\"@type\":\"Organization\",\"@id\":\"https:\/\/tallogoldleaf.com\/es\/#organization\",\"name\":\"Productos Internacionales Tallo\",\"url\":\"https:\/\/tallogoldleaf.com\/es\/\",\"logo\":{\"@type\":\"ImageObject\",\"inLanguage\":\"es\",\"@id\":\"https:\/\/tallogoldleaf.com\/es\/#\/schema\/logo\/image\/\",\"url\":\"https:\/\/tallogoldleaf.com\/es\/wp-content\/uploads\/2019\/09\/Logo_Tallo-Para-Web-cuadrado.png\",\"contentUrl\":\"https:\/\/tallogoldleaf.com\/es\/wp-content\/uploads\/2019\/09\/Logo_Tallo-Para-Web-cuadrado.png\",\"width\":307,\"height\":307,\"caption\":\"Productos Internacionales Tallo\"},\"image\":{\"@id\":\"https:\/\/tallogoldleaf.com\/es\/#\/schema\/logo\/image\/\"}}]}<\/script>\n<!-- \/ Yoast SEO plugin. -->","yoast_head_json":{"title":"Kit de Imitaci\u00f3n Hoja de Oro y Hoja de Plata - Est\u00e1ndar 50 Hojas | Productos Internacionales Tallo","description":"Venta de Kit de Imitaci\u00f3n Hoja de oro y Hoja de Plata, para dorar o platear. Estuches con todos los materiales y herramientas para su proyecto!","robots":{"index":"index","follow":"follow","max-snippet":"max-snippet:-1","max-image-preview":"max-image-preview:large","max-video-preview":"max-video-preview:-1"},"canonical":"https:\/\/tallogoldleaf.com\/es\/catalogo\/kit-estandar\/","og_locale":"es_MX","og_type":"article","og_title":"Kit de Imitaci\u00f3n Hoja de Oro y Hoja de Plata - Est\u00e1ndar 50 Hojas | Productos Internacionales Tallo","og_description":"Venta de Kit de Imitaci\u00f3n Hoja de oro y Hoja de Plata, para dorar o platear. Estuches con todos los materiales y herramientas para su proyecto!","og_url":"https:\/\/tallogoldleaf.com\/es\/catalogo\/kit-estandar\/","og_site_name":"Productos Internacionales Tallo","article_modified_time":"2019-09-20T23:32:56+00:00","og_image":[{"width":900,"height":900,"url":"https:\/\/tallogoldleaf.com\/es\/wp-content\/uploads\/2018\/01\/img_professional_kit_50.jpg","type":"image\/jpeg"}],"twitter_card":"summary_large_image","twitter_misc":{"Tiempo de lectura":"2 minutos"},"schema":{"@context":"https:\/\/schema.org","@graph":[{"@type":"WebPage","@id":"https:\/\/tallogoldleaf.com\/es\/catalogo\/kit-estandar\/","url":"https:\/\/tallogoldleaf.com\/es\/catalogo\/kit-estandar\/","name":"Kit de Imitaci\u00f3n Hoja de Oro y Hoja de Plata - Est\u00e1ndar 50 Hojas | Productos Internacionales Tallo","isPartOf":{"@id":"https:\/\/tallogoldleaf.com\/es\/#website"},"primaryImageOfPage":{"@id":"https:\/\/tallogoldleaf.com\/es\/catalogo\/kit-estandar\/#primaryimage"},"image":{"@id":"https:\/\/tallogoldleaf.com\/es\/catalogo\/kit-estandar\/#primaryimage"},"thumbnailUrl":"https:\/\/tallogoldleaf.com\/es\/wp-content\/uploads\/2018\/01\/img_professional_kit_50.jpg","datePublished":"2018-01-22T18:39:33+00:00","dateModified":"2019-09-20T23:32:56+00:00","description":"Venta de Kit de Imitaci\u00f3n Hoja de oro y Hoja de Plata, para dorar o platear. Estuches con todos los materiales y herramientas para su proyecto!","breadcrumb":{"@id":"https:\/\/tallogoldleaf.com\/es\/catalogo\/kit-estandar\/#breadcrumb"},"inLanguage":"es","potentialAction":[{"@type":"ReadAction","target":["https:\/\/tallogoldleaf.com\/es\/catalogo\/kit-estandar\/"]}]},{"@type":"ImageObject","inLanguage":"es","@id":"https:\/\/tallogoldleaf.com\/es\/catalogo\/kit-estandar\/#primaryimage","url":"https:\/\/tallogoldleaf.com\/es\/wp-content\/uploads\/2018\/01\/img_professional_kit_50.jpg","contentUrl":"https:\/\/tallogoldleaf.com\/es\/wp-content\/uploads\/2018\/01\/img_professional_kit_50.jpg","width":900,"height":900,"caption":"Professional Kit 50"},{"@type":"BreadcrumbList","@id":"https:\/\/tallogoldleaf.com\/es\/catalogo\/kit-estandar\/#breadcrumb","itemListElement":[{"@type":"ListItem","position":1,"name":"Inicio","item":"https:\/\/tallogoldleaf.com\/es\/"},{"@type":"ListItem","position":2,"name":"Cat\u00e1logo","item":"https:\/\/tallogoldleaf.com\/es\/catalogo\/"},{"@type":"ListItem","position":3,"name":"Kit de Imitaci\u00f3n Hoja de Oro y Hoja de Plata &#8211; Est\u00e1ndar 50 Hojas"}]},{"@type":"WebSite","@id":"https:\/\/tallogoldleaf.com\/es\/#website","url":"https:\/\/tallogoldleaf.com\/es\/","name":"Productos Internacionales Tallo","description":"Hojas de imitaci\u00f3n de oro y plata en Estados Unidos","publisher":{"@id":"https:\/\/tallogoldleaf.com\/es\/#organization"},"potentialAction":[{"@type":"SearchAction","target":{"@type":"EntryPoint","urlTemplate":"https:\/\/tallogoldleaf.com\/es\/?s={search_term_string}"},"query-input":{"@type":"PropertyValueSpecification","valueRequired":true,"valueName":"search_term_string"}}],"inLanguage":"es"},{"@type":"Organization","@id":"https:\/\/tallogoldleaf.com\/es\/#organization","name":"Productos Internacionales Tallo","url":"https:\/\/tallogoldleaf.com\/es\/","logo":{"@type":"ImageObject","inLanguage":"es","@id":"https:\/\/tallogoldleaf.com\/es\/#\/schema\/logo\/image\/","url":"https:\/\/tallogoldleaf.com\/es\/wp-content\/uploads\/2019\/09\/Logo_Tallo-Para-Web-cuadrado.png","contentUrl":"https:\/\/tallogoldleaf.com\/es\/wp-content\/uploads\/2019\/09\/Logo_Tallo-Para-Web-cuadrado.png","width":307,"height":307,"caption":"Productos Internacionales Tallo"},"image":{"@id":"https:\/\/tallogoldleaf.com\/es\/#\/schema\/logo\/image\/"}}]}},"_links":{"self":[{"href":"https:\/\/tallogoldleaf.com\/es\/wp-json\/wp\/v2\/product\/584","targetHints":{"allow":["GET"]}}],"collection":[{"href":"https:\/\/tallogoldleaf.com\/es\/wp-json\/wp\/v2\/product"}],"about":[{"href":"https:\/\/tallogoldleaf.com\/es\/wp-json\/wp\/v2\/types\/product"}],"replies":[{"embeddable":true,"href":"https:\/\/tallogoldleaf.com\/es\/wp-json\/wp\/v2\/comments?post=584"}],"wp:featuredmedia":[{"embeddable":true,"href":"https:\/\/tallogoldleaf.com\/es\/wp-json\/wp\/v2\/media\/730"}],"wp:attachment":[{"href":"https:\/\/tallogoldleaf.com\/es\/wp-json\/wp\/v2\/media?parent=584"}],"wp:term":[{"taxonomy":"product_cat","embeddable":true,"href":"https:\/\/tallogoldleaf.com\/es\/wp-json\/wp\/v2\/product_cat?post=584"},{"taxonomy":"product_tag","embeddable":true,"href":"https:\/\/tallogoldleaf.com\/es\/wp-json\/wp\/v2\/product_tag?post=584"}],"curies":[{"name":"wp","href":"https:\/\/api.w.org\/{rel}","templated":true}]}}