{"id":594,"date":"2018-01-22T19:00:40","date_gmt":"2018-01-22T19:00:40","guid":{"rendered":"https:\/\/tallogoldleaf.com\/es\/?post_type=product&#038;p=594"},"modified":"2019-07-01T17:46:30","modified_gmt":"2019-07-02T01:46:30","slug":"kit-profesional-500-hojas-de-imitacion","status":"publish","type":"product","link":"https:\/\/tallogoldleaf.com\/es\/catalogo\/kit-profesional-500-hojas-de-imitacion\/","title":{"rendered":"Kit Profesional &#8211; 500 Hojas de Imitaci\u00f3n"},"content":{"rendered":"<div class=\"wpb-content-wrapper\">[vc_row][vc_column][vc_column_text]\n<h4><span style=\"color: #bb873c;\">\u00bfQu\u00e9 Incluye el Kit Profesional?<br \/>\n<\/span><\/h4>\n<div class=\"row\">\n<div class=\"col-md-6\">\n<ul class=\"list-products\">\n<li>Paquete de 500 hojas (16&#215;16 cm or 6 \u00bc\u201d x 6 \u00bc\u201d)<\/li>\n<li>Adhesivo Tallo de 946 ml (base de agua)<\/li>\n<li>Cera de 120 ml<\/li>\n<li>Brochas 3&#8243;<\/li>\n<li>Brochas 4&#8243; para limpiar excesos<\/li>\n<li>Brocha para dorar de 2 1\/2&#8243;<\/li>\n<li>Guantes de algod\u00f3n (un par)<\/li>\n<\/ul>\n<\/div>\n<\/div>\n<div class=\"row\">\n<div class=\"col-md-6\">\n<ul class=\"list-products\">\n<li>Guantes de Nitrilo (un par)<\/li>\n<li>Herramienta para aplicar la hoja (2pzs)<\/li>\n<li>Tela para dorar 1m\u00b2<\/li>\n<li>Lana de acero <strong>2 pzs de grado #0<\/strong> y <strong>2pzs de grado #2<\/strong><\/li>\n<li>Hoja de lija de papel<\/li>\n<li>Instructivo de aplicaci\u00f3n<\/li>\n<\/ul>\n<\/div>\n<\/div>\n[\/vc_column_text][vc_column_text]Para su proyecto de dorado, solo necesita comprar el barniz, laca para proteger en terminado final de su proyecto, este material lo puede adquirir en tiendas de pintura de su localidad.<\/p>\n<h4><span style=\"color: #bb873c;\">M\u00e1s acerca del Kit Profesional<\/span><\/h4>\n<p>El Kit Professional es especial para dorar su primer proyecto importante: ejemplo un dorar un comedor peque\u00f1o, dorar un escritorio y darle un toque de elegancia, o platear un escritorio de oficina y darle un terminado contempor\u00e1neo y a su vez elegante, puede platear o dorar un mueble grande de su hogar, platear una pared de su casa, la cantidad de hojas que contiene este estuche le permite realizar varios proyectos peque\u00f1os.<\/p>\n<p>El adhesivo y el primario rinden en forma proporcional a la cantidad de hojas con una cobertura aproximada de 10m2.<\/p>\n<h4><span style=\"color: #bb873c;\">\u00bfPor qu\u00e9 usar una base primaria?<\/span><\/h4>\n<p><strong>Los colores de base primaria tienen dos prop\u00f3sitos:<\/strong><\/p>\n<ol>\n<li>Obtener un efecto en el terminado final.<\/li>\n<li>Sellar y obtener una superficie lisa &#8220;cuerpo&#8221;.<\/li>\n<\/ol>\n<p>Este paso var\u00eda de acuerdo al efecto de terminado final en la superficie que se desee dorar. Es la parte m\u00e1s importante de cualquier fase de tu proyecto de dorado.<\/p>\n<p>Para una informaci\u00f3n detallada de paso a paso, ingresas a nuestra secci\u00f3n en <a href=\"https:\/\/tallogoldleaf.com\/es\/video-instructivo-para-dorar-un-marco-de-pintura\/\">Videos Tutoriales.<\/a>[\/vc_column_text]<div class=\"ult-spacer spacer-69ebc16854432\" data-id=\"69ebc16854432\" data-height=\"30\" data-height-mobile=\"30\" data-height-tab=\"30\" data-height-tab-portrait=\"\" data-height-mobile-landscape=\"\" style=\"clear:both;display:block;\"><\/div>[\/vc_column][\/vc_row][vc_row disable_element=&#8221;yes&#8221;][vc_column]<div class=\" ubtn-ctn-center gradient-border_button\"><button type=\"button\" id=\"ubtn-4718\"  class=\"ubtn ult-adjust-bottom-margin ult-responsive ubtn-block ubtn-no-hover-bg  none  ubtn-sep-icon ubtn-sep-icon-bottom-push  ubtn-center gradient-border_button  tooltip-69ebc16854450\"  data-hover=\"#a97b30\" data-border-color=\"#a97b30\" data-bg=\"rgba(239,232,223,0.62)\" data-hover-bg=\"\" data-border-hover=\"\" data-shadow-hover=\"\" data-shadow-click=\"none\" data-shadow=\"\" data-shd-shadow=\"\"  data-ultimate-target='#ubtn-4718'  data-responsive-json-new='{\"font-size\":\"desktop:20px;\",\"line-height\":\"desktop:18px;\"}'  style=\"font-family:&#039;Old Standard TT&#039;;font-weight:normal;border-radius:5px;border-width:3px;border-color:#a97b30;border-style:solid;background: rgba(239,232,223,0.62);color: #333333;\"><span class=\"ubtn-data ubtn-icon\"><i class=\"Defaults-play-circle-o\" style=\"font-size:50px;color:#a97b30;\"><\/i><\/span><span class=\"ubtn-hover\" style=\"background-color:\"><\/span><span class=\"ubtn-data ubtn-text \" >Go to Videos &amp; Tutorials for Gilding<\/span><\/button><\/div>[\/vc_column][\/vc_row]\n<\/div>","protected":false},"excerpt":{"rendered":"<ul class=\"list-products\">\n<li>500 Hojas de Imitaci\u00f3n.<\/li>\n<li>Incluye: Materiales, herramientas he instructivo.<\/li>\n<li>Solo disponible en hoja tama\u00f1o europea 16cm x 16cm (6 \u00bc\u201d x 6 \u00bc\u201d).<\/li>\n<li>Excelente calidad al mejor precio.<\/li>\n<\/ul>\n<p><strong><em>Superficie aproximada de cobertura 105 ft\u00b2 = 10m\u00b2.<\/em><\/strong><\/p>\n<p>Materiales para m\u00faltiples usos y en numerosas ocasiones, es posible que necesite productos adicionales que son desechables y que en ocasiones tiene un solo uso, como guantes de nitrilo, brocha para pintar, estopa para el adhesivo y lana de acero.<\/p>\n<p><span style=\"color: #bb873c;\"><strong>La calidad de la hoja es la Superior Grado A<\/strong><\/span>, es #1 en calidad y precio, excelente espesor y peso en la hoja, color uniforme. Calidad garantizada contra defectos.<\/p>\n<p>Para los que buscan una hoja gruesa sin imperfecciones, ideal para superficies planas, lisas, con figuras, y para superficies que quieran cubrir perfectamente para obtener trabajos profesionales de alta calidad.<\/p>\n<p><em><strong>Enviamos a toda la Rep\u00fablica Mexicana sin excepci\u00f3n y somos especialistas en env\u00edos a toda America Latina y el mundo.<\/strong><\/em><\/p>\n<p><small><strong>*Cont\u00e1ctanos para enviarle una cotizaci\u00f3n con flete incluido. Env\u00edanos un correo con el n\u00famero de SKU de los productos que desea ordenar en <a href=\"https:\/\/tallogoldleaf.com\/es\/contact\/\">nuestra forma de contacto<\/a>*.<\/strong><\/small><\/p>\n<hr \/>\n<p>Puedes armar tu propio kit escogiendo el tipo de hoja de imitaci\u00f3n y una pintura base del color de preferencia.<\/p>\n","protected":false},"featured_media":729,"comment_status":"closed","ping_status":"closed","template":"","meta":{"_exactmetrics_skip_tracking":false,"_exactmetrics_sitenote_active":false,"_exactmetrics_sitenote_note":"","_exactmetrics_sitenote_category":0},"product_cat":[66,69],"product_tag":[],"class_list":{"0":"post-594","1":"product","2":"type-product","3":"status-publish","4":"has-post-thumbnail","6":"product_cat-kits","7":"product_cat-kits-de-hoja-de-imitacion","8":"entry","9":"post-inner","11":"first","12":"instock","13":"shipping-taxable","14":"purchasable","15":"product-type-variable"},"yoast_head":"<!-- This site is optimized with the Yoast SEO plugin v26.9 - https:\/\/yoast.com\/product\/yoast-seo-wordpress\/ -->\n<title>Kit Profesional - 500 Hojas de Imitaci\u00f3n | Productos Internacionales Tallo<\/title>\n<meta name=\"robots\" content=\"index, follow, max-snippet:-1, max-image-preview:large, max-video-preview:-1\" \/>\n<link rel=\"canonical\" href=\"https:\/\/tallogoldleaf.com\/es\/catalogo\/kit-profesional-500-hojas-de-imitacion\/\" \/>\n<meta property=\"og:locale\" content=\"es_MX\" \/>\n<meta property=\"og:type\" content=\"article\" \/>\n<meta property=\"og:title\" content=\"Kit Profesional - 500 Hojas de Imitaci\u00f3n | Productos Internacionales Tallo\" \/>\n<meta property=\"og:description\" content=\"500 Hojas de Imitaci\u00f3n.  Incluye: Materiales, herramientas he instructivo.  Solo disponible en hoja tama\u00f1o europea 16cm x 16cm (6 \u00bc\u201d x 6 \u00bc\u201d).  Excelente calidad al mejor precio.  Superficie aproximada de cobertura 105 ft\u00b2 = 10m\u00b2.  Materiales para m\u00faltiples usos y en numerosas ocasiones, es posible que necesite productos adicionales que son desechables y que en ocasiones tiene un solo uso, como guantes de nitrilo, brocha para pintar, estopa para el adhesivo y lana de acero.  La calidad de la hoja es la Superior Grado A, es #1 en calidad y precio, excelente espesor y peso en la hoja, color uniforme. Calidad garantizada contra defectos.  Para los que buscan una hoja gruesa sin imperfecciones, ideal para superficies planas, lisas, con figuras, y para superficies que quieran cubrir perfectamente para obtener trabajos profesionales de alta calidad.  Enviamos a toda la Rep\u00fablica Mexicana sin excepci\u00f3n y somos especialistas en env\u00edos a toda America Latina y el mundo.  *Cont\u00e1ctanos para enviarle una cotizaci\u00f3n con flete incluido. Env\u00edanos un correo con el n\u00famero de SKU de los productos que desea ordenar en nuestra forma de contacto*.    Puedes armar tu propio kit escogiendo el tipo de hoja de imitaci\u00f3n y una pintura base del color de preferencia.\" \/>\n<meta property=\"og:url\" content=\"https:\/\/tallogoldleaf.com\/es\/catalogo\/kit-profesional-500-hojas-de-imitacion\/\" \/>\n<meta property=\"og:site_name\" content=\"Productos Internacionales Tallo\" \/>\n<meta property=\"article:modified_time\" content=\"2019-07-02T01:46:30+00:00\" \/>\n<meta property=\"og:image\" content=\"https:\/\/tallogoldleaf.com\/es\/wp-content\/uploads\/2018\/01\/img_professional_kit_500.jpg\" \/>\n\t<meta property=\"og:image:width\" content=\"900\" \/>\n\t<meta property=\"og:image:height\" content=\"900\" \/>\n\t<meta property=\"og:image:type\" content=\"image\/jpeg\" \/>\n<meta name=\"twitter:card\" content=\"summary_large_image\" \/>\n<meta name=\"twitter:label1\" content=\"Tiempo de lectura\" \/>\n\t<meta name=\"twitter:data1\" content=\"2 minutos\" \/>\n<script type=\"application\/ld+json\" class=\"yoast-schema-graph\">{\"@context\":\"https:\/\/schema.org\",\"@graph\":[{\"@type\":\"WebPage\",\"@id\":\"https:\/\/tallogoldleaf.com\/es\/catalogo\/kit-profesional-500-hojas-de-imitacion\/\",\"url\":\"https:\/\/tallogoldleaf.com\/es\/catalogo\/kit-profesional-500-hojas-de-imitacion\/\",\"name\":\"Kit Profesional - 500 Hojas de Imitaci\u00f3n | Productos Internacionales Tallo\",\"isPartOf\":{\"@id\":\"https:\/\/tallogoldleaf.com\/es\/#website\"},\"primaryImageOfPage\":{\"@id\":\"https:\/\/tallogoldleaf.com\/es\/catalogo\/kit-profesional-500-hojas-de-imitacion\/#primaryimage\"},\"image\":{\"@id\":\"https:\/\/tallogoldleaf.com\/es\/catalogo\/kit-profesional-500-hojas-de-imitacion\/#primaryimage\"},\"thumbnailUrl\":\"https:\/\/tallogoldleaf.com\/es\/wp-content\/uploads\/2018\/01\/img_professional_kit_500.jpg\",\"datePublished\":\"2018-01-22T19:00:40+00:00\",\"dateModified\":\"2019-07-02T01:46:30+00:00\",\"breadcrumb\":{\"@id\":\"https:\/\/tallogoldleaf.com\/es\/catalogo\/kit-profesional-500-hojas-de-imitacion\/#breadcrumb\"},\"inLanguage\":\"es\",\"potentialAction\":[{\"@type\":\"ReadAction\",\"target\":[\"https:\/\/tallogoldleaf.com\/es\/catalogo\/kit-profesional-500-hojas-de-imitacion\/\"]}]},{\"@type\":\"ImageObject\",\"inLanguage\":\"es\",\"@id\":\"https:\/\/tallogoldleaf.com\/es\/catalogo\/kit-profesional-500-hojas-de-imitacion\/#primaryimage\",\"url\":\"https:\/\/tallogoldleaf.com\/es\/wp-content\/uploads\/2018\/01\/img_professional_kit_500.jpg\",\"contentUrl\":\"https:\/\/tallogoldleaf.com\/es\/wp-content\/uploads\/2018\/01\/img_professional_kit_500.jpg\",\"width\":900,\"height\":900,\"caption\":\"Professional Kit 500\"},{\"@type\":\"BreadcrumbList\",\"@id\":\"https:\/\/tallogoldleaf.com\/es\/catalogo\/kit-profesional-500-hojas-de-imitacion\/#breadcrumb\",\"itemListElement\":[{\"@type\":\"ListItem\",\"position\":1,\"name\":\"Inicio\",\"item\":\"https:\/\/tallogoldleaf.com\/es\/\"},{\"@type\":\"ListItem\",\"position\":2,\"name\":\"Cat\u00e1logo\",\"item\":\"https:\/\/tallogoldleaf.com\/es\/catalogo\/\"},{\"@type\":\"ListItem\",\"position\":3,\"name\":\"Kit Profesional &#8211; 500 Hojas de Imitaci\u00f3n\"}]},{\"@type\":\"WebSite\",\"@id\":\"https:\/\/tallogoldleaf.com\/es\/#website\",\"url\":\"https:\/\/tallogoldleaf.com\/es\/\",\"name\":\"Productos Internacionales Tallo\",\"description\":\"Hojas de imitaci\u00f3n de oro y plata en Estados Unidos\",\"publisher\":{\"@id\":\"https:\/\/tallogoldleaf.com\/es\/#organization\"},\"potentialAction\":[{\"@type\":\"SearchAction\",\"target\":{\"@type\":\"EntryPoint\",\"urlTemplate\":\"https:\/\/tallogoldleaf.com\/es\/?s={search_term_string}\"},\"query-input\":{\"@type\":\"PropertyValueSpecification\",\"valueRequired\":true,\"valueName\":\"search_term_string\"}}],\"inLanguage\":\"es\"},{\"@type\":\"Organization\",\"@id\":\"https:\/\/tallogoldleaf.com\/es\/#organization\",\"name\":\"Productos Internacionales Tallo\",\"url\":\"https:\/\/tallogoldleaf.com\/es\/\",\"logo\":{\"@type\":\"ImageObject\",\"inLanguage\":\"es\",\"@id\":\"https:\/\/tallogoldleaf.com\/es\/#\/schema\/logo\/image\/\",\"url\":\"https:\/\/tallogoldleaf.com\/es\/wp-content\/uploads\/2019\/09\/Logo_Tallo-Para-Web-cuadrado.png\",\"contentUrl\":\"https:\/\/tallogoldleaf.com\/es\/wp-content\/uploads\/2019\/09\/Logo_Tallo-Para-Web-cuadrado.png\",\"width\":307,\"height\":307,\"caption\":\"Productos Internacionales Tallo\"},\"image\":{\"@id\":\"https:\/\/tallogoldleaf.com\/es\/#\/schema\/logo\/image\/\"}}]}<\/script>\n<!-- \/ Yoast SEO plugin. -->","yoast_head_json":{"title":"Kit Profesional - 500 Hojas de Imitaci\u00f3n | Productos Internacionales Tallo","robots":{"index":"index","follow":"follow","max-snippet":"max-snippet:-1","max-image-preview":"max-image-preview:large","max-video-preview":"max-video-preview:-1"},"canonical":"https:\/\/tallogoldleaf.com\/es\/catalogo\/kit-profesional-500-hojas-de-imitacion\/","og_locale":"es_MX","og_type":"article","og_title":"Kit Profesional - 500 Hojas de Imitaci\u00f3n | Productos Internacionales Tallo","og_description":"500 Hojas de Imitaci\u00f3n.  Incluye: Materiales, herramientas he instructivo.  Solo disponible en hoja tama\u00f1o europea 16cm x 16cm (6 \u00bc\u201d x 6 \u00bc\u201d).  Excelente calidad al mejor precio.  Superficie aproximada de cobertura 105 ft\u00b2 = 10m\u00b2.  Materiales para m\u00faltiples usos y en numerosas ocasiones, es posible que necesite productos adicionales que son desechables y que en ocasiones tiene un solo uso, como guantes de nitrilo, brocha para pintar, estopa para el adhesivo y lana de acero.  La calidad de la hoja es la Superior Grado A, es #1 en calidad y precio, excelente espesor y peso en la hoja, color uniforme. Calidad garantizada contra defectos.  Para los que buscan una hoja gruesa sin imperfecciones, ideal para superficies planas, lisas, con figuras, y para superficies que quieran cubrir perfectamente para obtener trabajos profesionales de alta calidad.  Enviamos a toda la Rep\u00fablica Mexicana sin excepci\u00f3n y somos especialistas en env\u00edos a toda America Latina y el mundo.  *Cont\u00e1ctanos para enviarle una cotizaci\u00f3n con flete incluido. Env\u00edanos un correo con el n\u00famero de SKU de los productos que desea ordenar en nuestra forma de contacto*.    Puedes armar tu propio kit escogiendo el tipo de hoja de imitaci\u00f3n y una pintura base del color de preferencia.","og_url":"https:\/\/tallogoldleaf.com\/es\/catalogo\/kit-profesional-500-hojas-de-imitacion\/","og_site_name":"Productos Internacionales Tallo","article_modified_time":"2019-07-02T01:46:30+00:00","og_image":[{"width":900,"height":900,"url":"https:\/\/tallogoldleaf.com\/es\/wp-content\/uploads\/2018\/01\/img_professional_kit_500.jpg","type":"image\/jpeg"}],"twitter_card":"summary_large_image","twitter_misc":{"Tiempo de lectura":"2 minutos"},"schema":{"@context":"https:\/\/schema.org","@graph":[{"@type":"WebPage","@id":"https:\/\/tallogoldleaf.com\/es\/catalogo\/kit-profesional-500-hojas-de-imitacion\/","url":"https:\/\/tallogoldleaf.com\/es\/catalogo\/kit-profesional-500-hojas-de-imitacion\/","name":"Kit Profesional - 500 Hojas de Imitaci\u00f3n | Productos Internacionales Tallo","isPartOf":{"@id":"https:\/\/tallogoldleaf.com\/es\/#website"},"primaryImageOfPage":{"@id":"https:\/\/tallogoldleaf.com\/es\/catalogo\/kit-profesional-500-hojas-de-imitacion\/#primaryimage"},"image":{"@id":"https:\/\/tallogoldleaf.com\/es\/catalogo\/kit-profesional-500-hojas-de-imitacion\/#primaryimage"},"thumbnailUrl":"https:\/\/tallogoldleaf.com\/es\/wp-content\/uploads\/2018\/01\/img_professional_kit_500.jpg","datePublished":"2018-01-22T19:00:40+00:00","dateModified":"2019-07-02T01:46:30+00:00","breadcrumb":{"@id":"https:\/\/tallogoldleaf.com\/es\/catalogo\/kit-profesional-500-hojas-de-imitacion\/#breadcrumb"},"inLanguage":"es","potentialAction":[{"@type":"ReadAction","target":["https:\/\/tallogoldleaf.com\/es\/catalogo\/kit-profesional-500-hojas-de-imitacion\/"]}]},{"@type":"ImageObject","inLanguage":"es","@id":"https:\/\/tallogoldleaf.com\/es\/catalogo\/kit-profesional-500-hojas-de-imitacion\/#primaryimage","url":"https:\/\/tallogoldleaf.com\/es\/wp-content\/uploads\/2018\/01\/img_professional_kit_500.jpg","contentUrl":"https:\/\/tallogoldleaf.com\/es\/wp-content\/uploads\/2018\/01\/img_professional_kit_500.jpg","width":900,"height":900,"caption":"Professional Kit 500"},{"@type":"BreadcrumbList","@id":"https:\/\/tallogoldleaf.com\/es\/catalogo\/kit-profesional-500-hojas-de-imitacion\/#breadcrumb","itemListElement":[{"@type":"ListItem","position":1,"name":"Inicio","item":"https:\/\/tallogoldleaf.com\/es\/"},{"@type":"ListItem","position":2,"name":"Cat\u00e1logo","item":"https:\/\/tallogoldleaf.com\/es\/catalogo\/"},{"@type":"ListItem","position":3,"name":"Kit Profesional &#8211; 500 Hojas de Imitaci\u00f3n"}]},{"@type":"WebSite","@id":"https:\/\/tallogoldleaf.com\/es\/#website","url":"https:\/\/tallogoldleaf.com\/es\/","name":"Productos Internacionales Tallo","description":"Hojas de imitaci\u00f3n de oro y plata en Estados Unidos","publisher":{"@id":"https:\/\/tallogoldleaf.com\/es\/#organization"},"potentialAction":[{"@type":"SearchAction","target":{"@type":"EntryPoint","urlTemplate":"https:\/\/tallogoldleaf.com\/es\/?s={search_term_string}"},"query-input":{"@type":"PropertyValueSpecification","valueRequired":true,"valueName":"search_term_string"}}],"inLanguage":"es"},{"@type":"Organization","@id":"https:\/\/tallogoldleaf.com\/es\/#organization","name":"Productos Internacionales Tallo","url":"https:\/\/tallogoldleaf.com\/es\/","logo":{"@type":"ImageObject","inLanguage":"es","@id":"https:\/\/tallogoldleaf.com\/es\/#\/schema\/logo\/image\/","url":"https:\/\/tallogoldleaf.com\/es\/wp-content\/uploads\/2019\/09\/Logo_Tallo-Para-Web-cuadrado.png","contentUrl":"https:\/\/tallogoldleaf.com\/es\/wp-content\/uploads\/2019\/09\/Logo_Tallo-Para-Web-cuadrado.png","width":307,"height":307,"caption":"Productos Internacionales Tallo"},"image":{"@id":"https:\/\/tallogoldleaf.com\/es\/#\/schema\/logo\/image\/"}}]}},"_links":{"self":[{"href":"https:\/\/tallogoldleaf.com\/es\/wp-json\/wp\/v2\/product\/594","targetHints":{"allow":["GET"]}}],"collection":[{"href":"https:\/\/tallogoldleaf.com\/es\/wp-json\/wp\/v2\/product"}],"about":[{"href":"https:\/\/tallogoldleaf.com\/es\/wp-json\/wp\/v2\/types\/product"}],"replies":[{"embeddable":true,"href":"https:\/\/tallogoldleaf.com\/es\/wp-json\/wp\/v2\/comments?post=594"}],"wp:featuredmedia":[{"embeddable":true,"href":"https:\/\/tallogoldleaf.com\/es\/wp-json\/wp\/v2\/media\/729"}],"wp:attachment":[{"href":"https:\/\/tallogoldleaf.com\/es\/wp-json\/wp\/v2\/media?parent=594"}],"wp:term":[{"taxonomy":"product_cat","embeddable":true,"href":"https:\/\/tallogoldleaf.com\/es\/wp-json\/wp\/v2\/product_cat?post=594"},{"taxonomy":"product_tag","embeddable":true,"href":"https:\/\/tallogoldleaf.com\/es\/wp-json\/wp\/v2\/product_tag?post=594"}],"curies":[{"name":"wp","href":"https:\/\/api.w.org\/{rel}","templated":true}]}}