{"id":615,"date":"2018-01-22T19:25:03","date_gmt":"2018-01-22T19:25:03","guid":{"rendered":"https:\/\/tallogoldleaf.com\/es\/?post_type=product&#038;p=615"},"modified":"2019-06-13T09:16:42","modified_gmt":"2019-06-13T17:16:42","slug":"kit-de-1000-hojas-y-adhesivo","status":"publish","type":"product","link":"https:\/\/tallogoldleaf.com\/es\/catalogo\/kit-de-1000-hojas-y-adhesivo\/","title":{"rendered":"Kit de 1,000 Hojas y Adhesivo"},"content":{"rendered":"<div class=\"wpb-content-wrapper\">[vc_row][vc_column][vc_column_text]<strong><span style=\"color: #bb873c;\">Paquete de imitaci\u00f3n hojas de oro o imitaci\u00f3n hoja de plata<\/span> <\/strong><\/p>\n<p>plata es especial para proyectos medianos y grandes. un ejemplo de lo que puede dorar o platear es renovar su comedor grande de 6 sillas, puede darle un nuevo acabado en hoja de oro o plata a su recamara completa, puede platear una pared de su sala, o dorar un mueble importante que le de ese toque especial a su hogar o puede trabajar en varios peque\u00f1os proyectos.<\/p>\n<p>Una vez que perfeccione sus t\u00e9cnicas puede dorar cualquier cosa que se la imagine, sobre todo que busque utilizar la t\u00e9cnica de aplicaci\u00f3n tanto en la base como en el acabado final con productos base solvente que se encuentran en tiendas de pintura de su localidad ya que no se pueden enviar por ser explosivos.<\/p>\n<p>El rendimiento del adhesivo es proporcional a la cantidad de las hojas, los dos materiales cubre una superficie aproximada de 20m2.<\/p>\n<p><span style=\"color: #bb873c;\"><strong>Adhesivo Tallo<\/strong><\/span><\/p>\n<p>Es una f\u00f3rmula contempor\u00e1nea relativamente nueva para el arte del dorado es sint\u00e9tico a base de agua, se trabaja exactamente igual del adhesivo denominado de aceite o gomalaca.<\/p>\n<p>Pero con caracter\u00edsticas superiores que le da mucho tiempo para pegar la hoja, se aplica el adhesivo de forma f\u00e1cil, no se requiere experiencia, es muy sencillo de usar, es un producto especial y adem\u00e1s mejor la calidad del terminado, y obtiene resultados profesionales.<\/p>\n<p>ara una informaci\u00f3n detallada de paso a paso, ingresas a nuestra secci\u00f3n en <a href=\"https:\/\/tallogoldleaf.com\/es\/video-instructivo-para-dorar-un-marco-de-pintura\/\">Videos Tutoriales.<\/a>[\/vc_column_text]<div class=\"ult-spacer spacer-69ebc1e4307e9\" data-id=\"69ebc1e4307e9\" data-height=\"30\" data-height-mobile=\"30\" data-height-tab=\"30\" data-height-tab-portrait=\"\" data-height-mobile-landscape=\"\" style=\"clear:both;display:block;\"><\/div>[\/vc_column][\/vc_row][vc_row disable_element=&#8221;yes&#8221;][vc_column]<div class=\" ubtn-ctn-center gradient-border_button\"><button type=\"button\" id=\"ubtn-2658\"  class=\"ubtn ult-adjust-bottom-margin ult-responsive ubtn-block ubtn-no-hover-bg  none  ubtn-sep-icon ubtn-sep-icon-bottom-push  ubtn-center gradient-border_button  tooltip-69ebc1e430810\"  data-hover=\"#a97b30\" data-border-color=\"#a97b30\" data-bg=\"rgba(239,232,223,0.62)\" data-hover-bg=\"\" data-border-hover=\"\" data-shadow-hover=\"\" data-shadow-click=\"none\" data-shadow=\"\" data-shd-shadow=\"\"  data-ultimate-target='#ubtn-2658'  data-responsive-json-new='{\"font-size\":\"desktop:20px;\",\"line-height\":\"desktop:18px;\"}'  style=\"font-family:&#039;Old Standard TT&#039;;font-weight:normal;border-radius:5px;border-width:3px;border-color:#a97b30;border-style:solid;background: rgba(239,232,223,0.62);color: #333333;\"><span class=\"ubtn-data ubtn-icon\"><i class=\"Defaults-play-circle-o\" style=\"font-size:50px;color:#a97b30;\"><\/i><\/span><span class=\"ubtn-hover\" style=\"background-color:\"><\/span><span class=\"ubtn-data ubtn-text \" >Go to Videos &amp; Tutorials for Gilding<\/span><\/button><\/div>[\/vc_column][\/vc_row]\n<\/div>","protected":false},"excerpt":{"rendered":"<ul class=\"list-products\">\n<li>1,000 Hojas de Imitaci\u00f3n.<\/li>\n<li>Tallo Adhesivo 1.9L<\/li>\n<li>Solo disponible en hoja tama\u00f1o europea 16cm x 16cm (6 \u00bc\u201d x 6 \u00bc\u201d).<\/li>\n<\/ul>\n<p><em><strong>Superficie de cobertura aproximada 215 sq ft. = 20 m2.<\/strong><\/em><\/p>\n<p><em>Los materiales b\u00e1sicos para cualquier Proyecto son Adhesivo Tallo y la Hoja Imitaci\u00f3n.<\/em><\/p>\n<p><span style=\"color: #bb873c;\"><strong>La calidad de la hoja es la Superior Grado A<\/strong><\/span>, es #1 en calidad y precio, excelente espesor y peso en la hoja, color uniforme. Calidad garantizada contra defectos.<\/p>\n<p>Para los que buscan una hoja gruesa sin imperfecciones, ideal para superficies planas, lisas, con figuras, y para superficies que quieran cubrir perfectamente para obtener trabajos profesionales de alta calidad.<\/p>\n<p>Este estuche de Imitaci\u00f3n hojas de oro o plateadas Kit-1,000 es especial para grandes proyectos de plateado o dorado, complementado con productos base solvente o aceite que se encuentran en tiendas de pintura de su localidad.<\/p>\n<p style=\"text-align: left;\"><em><strong>Enviamos a toda la Rep\u00fablica Mexicana sin excepci\u00f3n y somos especialistas en env\u00edos a toda America Latina y el mundo.<\/strong><\/em><\/p>\n<p><small><strong>*Cont\u00e1ctanos para enviarle una cotizaci\u00f3n con flete incluido. Env\u00edanos un correo con el n\u00famero de SKU de los productos que desea ordenar en <a href=\"https:\/\/tallogoldleaf.com\/es\/contact\/\">nuestra forma de contacto<\/a>*.<\/strong><\/small><\/p>\n<hr \/>\n<p>Puedes armar tu propio kit al escoger distintos tipos de hojas de imitaci\u00f3n.<\/p>\n","protected":false},"featured_media":582,"comment_status":"closed","ping_status":"closed","template":"","meta":{"_exactmetrics_skip_tracking":false,"_exactmetrics_sitenote_active":false,"_exactmetrics_sitenote_note":"","_exactmetrics_sitenote_category":0},"product_cat":[66,70],"product_tag":[],"class_list":{"0":"post-615","1":"product","2":"type-product","3":"status-publish","4":"has-post-thumbnail","6":"product_cat-kits","7":"product_cat-kits-de-hojas-adhesivo","8":"entry","9":"post-inner","11":"first","12":"instock","13":"shipping-taxable","14":"purchasable","15":"product-type-variable"},"yoast_head":"<!-- This site is optimized with the Yoast SEO plugin v26.9 - https:\/\/yoast.com\/product\/yoast-seo-wordpress\/ -->\n<title>Kit de 1,000 Hojas y Adhesivo | Productos Internacionales Tallo<\/title>\n<meta name=\"robots\" content=\"index, follow, max-snippet:-1, max-image-preview:large, max-video-preview:-1\" \/>\n<link rel=\"canonical\" href=\"https:\/\/tallogoldleaf.com\/es\/catalogo\/kit-de-1000-hojas-y-adhesivo\/\" \/>\n<meta property=\"og:locale\" content=\"es_MX\" \/>\n<meta property=\"og:type\" content=\"article\" \/>\n<meta property=\"og:title\" content=\"Kit de 1,000 Hojas y Adhesivo | Productos Internacionales Tallo\" \/>\n<meta property=\"og:description\" content=\"1,000 Hojas de Imitaci\u00f3n.  Tallo Adhesivo 1.9L  Solo disponible en hoja tama\u00f1o europea 16cm x 16cm (6 \u00bc\u201d x 6 \u00bc\u201d).  Superficie de cobertura aproximada 215 sq ft. = 20 m2.  Los materiales b\u00e1sicos para cualquier Proyecto son Adhesivo Tallo y la Hoja Imitaci\u00f3n.  La calidad de la hoja es la Superior Grado A, es #1 en calidad y precio, excelente espesor y peso en la hoja, color uniforme. Calidad garantizada contra defectos.  Para los que buscan una hoja gruesa sin imperfecciones, ideal para superficies planas, lisas, con figuras, y para superficies que quieran cubrir perfectamente para obtener trabajos profesionales de alta calidad.  Este estuche de Imitaci\u00f3n hojas de oro o plateadas Kit-1,000 es especial para grandes proyectos de plateado o dorado, complementado con productos base solvente o aceite que se encuentran en tiendas de pintura de su localidad. Enviamos a toda la Rep\u00fablica Mexicana sin excepci\u00f3n y somos especialistas en env\u00edos a toda America Latina y el mundo. *Cont\u00e1ctanos para enviarle una cotizaci\u00f3n con flete incluido. Env\u00edanos un correo con el n\u00famero de SKU de los productos que desea ordenar en nuestra forma de contacto*.    Puedes armar tu propio kit al escoger distintos tipos de hojas de imitaci\u00f3n.\" \/>\n<meta property=\"og:url\" content=\"https:\/\/tallogoldleaf.com\/es\/catalogo\/kit-de-1000-hojas-y-adhesivo\/\" \/>\n<meta property=\"og:site_name\" content=\"Productos Internacionales Tallo\" \/>\n<meta property=\"article:modified_time\" content=\"2019-06-13T17:16:42+00:00\" \/>\n<meta property=\"og:image\" content=\"https:\/\/tallogoldleaf.com\/es\/wp-content\/uploads\/2018\/01\/kit1000-leaf_adhesive.jpg\" \/>\n\t<meta property=\"og:image:width\" content=\"900\" \/>\n\t<meta property=\"og:image:height\" content=\"900\" \/>\n\t<meta property=\"og:image:type\" content=\"image\/jpeg\" \/>\n<meta name=\"twitter:card\" content=\"summary_large_image\" \/>\n<meta name=\"twitter:label1\" content=\"Tiempo de lectura\" \/>\n\t<meta name=\"twitter:data1\" content=\"2 minutos\" \/>\n<script type=\"application\/ld+json\" class=\"yoast-schema-graph\">{\"@context\":\"https:\/\/schema.org\",\"@graph\":[{\"@type\":\"WebPage\",\"@id\":\"https:\/\/tallogoldleaf.com\/es\/catalogo\/kit-de-1000-hojas-y-adhesivo\/\",\"url\":\"https:\/\/tallogoldleaf.com\/es\/catalogo\/kit-de-1000-hojas-y-adhesivo\/\",\"name\":\"Kit de 1,000 Hojas y Adhesivo | Productos Internacionales Tallo\",\"isPartOf\":{\"@id\":\"https:\/\/tallogoldleaf.com\/es\/#website\"},\"primaryImageOfPage\":{\"@id\":\"https:\/\/tallogoldleaf.com\/es\/catalogo\/kit-de-1000-hojas-y-adhesivo\/#primaryimage\"},\"image\":{\"@id\":\"https:\/\/tallogoldleaf.com\/es\/catalogo\/kit-de-1000-hojas-y-adhesivo\/#primaryimage\"},\"thumbnailUrl\":\"https:\/\/tallogoldleaf.com\/es\/wp-content\/uploads\/2018\/01\/kit1000-leaf_adhesive.jpg\",\"datePublished\":\"2018-01-22T19:25:03+00:00\",\"dateModified\":\"2019-06-13T17:16:42+00:00\",\"breadcrumb\":{\"@id\":\"https:\/\/tallogoldleaf.com\/es\/catalogo\/kit-de-1000-hojas-y-adhesivo\/#breadcrumb\"},\"inLanguage\":\"es\",\"potentialAction\":[{\"@type\":\"ReadAction\",\"target\":[\"https:\/\/tallogoldleaf.com\/es\/catalogo\/kit-de-1000-hojas-y-adhesivo\/\"]}]},{\"@type\":\"ImageObject\",\"inLanguage\":\"es\",\"@id\":\"https:\/\/tallogoldleaf.com\/es\/catalogo\/kit-de-1000-hojas-y-adhesivo\/#primaryimage\",\"url\":\"https:\/\/tallogoldleaf.com\/es\/wp-content\/uploads\/2018\/01\/kit1000-leaf_adhesive.jpg\",\"contentUrl\":\"https:\/\/tallogoldleaf.com\/es\/wp-content\/uploads\/2018\/01\/kit1000-leaf_adhesive.jpg\",\"width\":900,\"height\":900},{\"@type\":\"BreadcrumbList\",\"@id\":\"https:\/\/tallogoldleaf.com\/es\/catalogo\/kit-de-1000-hojas-y-adhesivo\/#breadcrumb\",\"itemListElement\":[{\"@type\":\"ListItem\",\"position\":1,\"name\":\"Inicio\",\"item\":\"https:\/\/tallogoldleaf.com\/es\/\"},{\"@type\":\"ListItem\",\"position\":2,\"name\":\"Cat\u00e1logo\",\"item\":\"https:\/\/tallogoldleaf.com\/es\/catalogo\/\"},{\"@type\":\"ListItem\",\"position\":3,\"name\":\"Kit de 1,000 Hojas y Adhesivo\"}]},{\"@type\":\"WebSite\",\"@id\":\"https:\/\/tallogoldleaf.com\/es\/#website\",\"url\":\"https:\/\/tallogoldleaf.com\/es\/\",\"name\":\"Productos Internacionales Tallo\",\"description\":\"Hojas de imitaci\u00f3n de oro y plata en Estados Unidos\",\"publisher\":{\"@id\":\"https:\/\/tallogoldleaf.com\/es\/#organization\"},\"potentialAction\":[{\"@type\":\"SearchAction\",\"target\":{\"@type\":\"EntryPoint\",\"urlTemplate\":\"https:\/\/tallogoldleaf.com\/es\/?s={search_term_string}\"},\"query-input\":{\"@type\":\"PropertyValueSpecification\",\"valueRequired\":true,\"valueName\":\"search_term_string\"}}],\"inLanguage\":\"es\"},{\"@type\":\"Organization\",\"@id\":\"https:\/\/tallogoldleaf.com\/es\/#organization\",\"name\":\"Productos Internacionales Tallo\",\"url\":\"https:\/\/tallogoldleaf.com\/es\/\",\"logo\":{\"@type\":\"ImageObject\",\"inLanguage\":\"es\",\"@id\":\"https:\/\/tallogoldleaf.com\/es\/#\/schema\/logo\/image\/\",\"url\":\"https:\/\/tallogoldleaf.com\/es\/wp-content\/uploads\/2019\/09\/Logo_Tallo-Para-Web-cuadrado.png\",\"contentUrl\":\"https:\/\/tallogoldleaf.com\/es\/wp-content\/uploads\/2019\/09\/Logo_Tallo-Para-Web-cuadrado.png\",\"width\":307,\"height\":307,\"caption\":\"Productos Internacionales Tallo\"},\"image\":{\"@id\":\"https:\/\/tallogoldleaf.com\/es\/#\/schema\/logo\/image\/\"}}]}<\/script>\n<!-- \/ Yoast SEO plugin. -->","yoast_head_json":{"title":"Kit de 1,000 Hojas y Adhesivo | Productos Internacionales Tallo","robots":{"index":"index","follow":"follow","max-snippet":"max-snippet:-1","max-image-preview":"max-image-preview:large","max-video-preview":"max-video-preview:-1"},"canonical":"https:\/\/tallogoldleaf.com\/es\/catalogo\/kit-de-1000-hojas-y-adhesivo\/","og_locale":"es_MX","og_type":"article","og_title":"Kit de 1,000 Hojas y Adhesivo | Productos Internacionales Tallo","og_description":"1,000 Hojas de Imitaci\u00f3n.  Tallo Adhesivo 1.9L  Solo disponible en hoja tama\u00f1o europea 16cm x 16cm (6 \u00bc\u201d x 6 \u00bc\u201d).  Superficie de cobertura aproximada 215 sq ft. = 20 m2.  Los materiales b\u00e1sicos para cualquier Proyecto son Adhesivo Tallo y la Hoja Imitaci\u00f3n.  La calidad de la hoja es la Superior Grado A, es #1 en calidad y precio, excelente espesor y peso en la hoja, color uniforme. Calidad garantizada contra defectos.  Para los que buscan una hoja gruesa sin imperfecciones, ideal para superficies planas, lisas, con figuras, y para superficies que quieran cubrir perfectamente para obtener trabajos profesionales de alta calidad.  Este estuche de Imitaci\u00f3n hojas de oro o plateadas Kit-1,000 es especial para grandes proyectos de plateado o dorado, complementado con productos base solvente o aceite que se encuentran en tiendas de pintura de su localidad. Enviamos a toda la Rep\u00fablica Mexicana sin excepci\u00f3n y somos especialistas en env\u00edos a toda America Latina y el mundo. *Cont\u00e1ctanos para enviarle una cotizaci\u00f3n con flete incluido. Env\u00edanos un correo con el n\u00famero de SKU de los productos que desea ordenar en nuestra forma de contacto*.    Puedes armar tu propio kit al escoger distintos tipos de hojas de imitaci\u00f3n.","og_url":"https:\/\/tallogoldleaf.com\/es\/catalogo\/kit-de-1000-hojas-y-adhesivo\/","og_site_name":"Productos Internacionales Tallo","article_modified_time":"2019-06-13T17:16:42+00:00","og_image":[{"width":900,"height":900,"url":"https:\/\/tallogoldleaf.com\/es\/wp-content\/uploads\/2018\/01\/kit1000-leaf_adhesive.jpg","type":"image\/jpeg"}],"twitter_card":"summary_large_image","twitter_misc":{"Tiempo de lectura":"2 minutos"},"schema":{"@context":"https:\/\/schema.org","@graph":[{"@type":"WebPage","@id":"https:\/\/tallogoldleaf.com\/es\/catalogo\/kit-de-1000-hojas-y-adhesivo\/","url":"https:\/\/tallogoldleaf.com\/es\/catalogo\/kit-de-1000-hojas-y-adhesivo\/","name":"Kit de 1,000 Hojas y Adhesivo | Productos Internacionales Tallo","isPartOf":{"@id":"https:\/\/tallogoldleaf.com\/es\/#website"},"primaryImageOfPage":{"@id":"https:\/\/tallogoldleaf.com\/es\/catalogo\/kit-de-1000-hojas-y-adhesivo\/#primaryimage"},"image":{"@id":"https:\/\/tallogoldleaf.com\/es\/catalogo\/kit-de-1000-hojas-y-adhesivo\/#primaryimage"},"thumbnailUrl":"https:\/\/tallogoldleaf.com\/es\/wp-content\/uploads\/2018\/01\/kit1000-leaf_adhesive.jpg","datePublished":"2018-01-22T19:25:03+00:00","dateModified":"2019-06-13T17:16:42+00:00","breadcrumb":{"@id":"https:\/\/tallogoldleaf.com\/es\/catalogo\/kit-de-1000-hojas-y-adhesivo\/#breadcrumb"},"inLanguage":"es","potentialAction":[{"@type":"ReadAction","target":["https:\/\/tallogoldleaf.com\/es\/catalogo\/kit-de-1000-hojas-y-adhesivo\/"]}]},{"@type":"ImageObject","inLanguage":"es","@id":"https:\/\/tallogoldleaf.com\/es\/catalogo\/kit-de-1000-hojas-y-adhesivo\/#primaryimage","url":"https:\/\/tallogoldleaf.com\/es\/wp-content\/uploads\/2018\/01\/kit1000-leaf_adhesive.jpg","contentUrl":"https:\/\/tallogoldleaf.com\/es\/wp-content\/uploads\/2018\/01\/kit1000-leaf_adhesive.jpg","width":900,"height":900},{"@type":"BreadcrumbList","@id":"https:\/\/tallogoldleaf.com\/es\/catalogo\/kit-de-1000-hojas-y-adhesivo\/#breadcrumb","itemListElement":[{"@type":"ListItem","position":1,"name":"Inicio","item":"https:\/\/tallogoldleaf.com\/es\/"},{"@type":"ListItem","position":2,"name":"Cat\u00e1logo","item":"https:\/\/tallogoldleaf.com\/es\/catalogo\/"},{"@type":"ListItem","position":3,"name":"Kit de 1,000 Hojas y Adhesivo"}]},{"@type":"WebSite","@id":"https:\/\/tallogoldleaf.com\/es\/#website","url":"https:\/\/tallogoldleaf.com\/es\/","name":"Productos Internacionales Tallo","description":"Hojas de imitaci\u00f3n de oro y plata en Estados Unidos","publisher":{"@id":"https:\/\/tallogoldleaf.com\/es\/#organization"},"potentialAction":[{"@type":"SearchAction","target":{"@type":"EntryPoint","urlTemplate":"https:\/\/tallogoldleaf.com\/es\/?s={search_term_string}"},"query-input":{"@type":"PropertyValueSpecification","valueRequired":true,"valueName":"search_term_string"}}],"inLanguage":"es"},{"@type":"Organization","@id":"https:\/\/tallogoldleaf.com\/es\/#organization","name":"Productos Internacionales Tallo","url":"https:\/\/tallogoldleaf.com\/es\/","logo":{"@type":"ImageObject","inLanguage":"es","@id":"https:\/\/tallogoldleaf.com\/es\/#\/schema\/logo\/image\/","url":"https:\/\/tallogoldleaf.com\/es\/wp-content\/uploads\/2019\/09\/Logo_Tallo-Para-Web-cuadrado.png","contentUrl":"https:\/\/tallogoldleaf.com\/es\/wp-content\/uploads\/2019\/09\/Logo_Tallo-Para-Web-cuadrado.png","width":307,"height":307,"caption":"Productos Internacionales Tallo"},"image":{"@id":"https:\/\/tallogoldleaf.com\/es\/#\/schema\/logo\/image\/"}}]}},"_links":{"self":[{"href":"https:\/\/tallogoldleaf.com\/es\/wp-json\/wp\/v2\/product\/615","targetHints":{"allow":["GET"]}}],"collection":[{"href":"https:\/\/tallogoldleaf.com\/es\/wp-json\/wp\/v2\/product"}],"about":[{"href":"https:\/\/tallogoldleaf.com\/es\/wp-json\/wp\/v2\/types\/product"}],"replies":[{"embeddable":true,"href":"https:\/\/tallogoldleaf.com\/es\/wp-json\/wp\/v2\/comments?post=615"}],"wp:featuredmedia":[{"embeddable":true,"href":"https:\/\/tallogoldleaf.com\/es\/wp-json\/wp\/v2\/media\/582"}],"wp:attachment":[{"href":"https:\/\/tallogoldleaf.com\/es\/wp-json\/wp\/v2\/media?parent=615"}],"wp:term":[{"taxonomy":"product_cat","embeddable":true,"href":"https:\/\/tallogoldleaf.com\/es\/wp-json\/wp\/v2\/product_cat?post=615"},{"taxonomy":"product_tag","embeddable":true,"href":"https:\/\/tallogoldleaf.com\/es\/wp-json\/wp\/v2\/product_tag?post=615"}],"curies":[{"name":"wp","href":"https:\/\/api.w.org\/{rel}","templated":true}]}}